{"id":457,"date":"2026-03-12T16:38:04","date_gmt":"2026-03-12T16:38:04","guid":{"rendered":"https:\/\/home.pf.jcu.cz\/~csgg2026\/?page_id=457"},"modified":"2026-04-04T22:22:56","modified_gmt":"2026-04-04T22:22:56","slug":"accommodation","status":"publish","type":"page","link":"https:\/\/home.pf.jcu.cz\/~csgg2026\/index.php\/en\/accommodation\/","title":{"rendered":"Accommodation"},"content":{"rendered":"\n<h2 class=\"wp-block-heading\">Hotels with special conference rates<\/h2>\n\n\n\n<div style=\"height:20px\" aria-hidden=\"true\" class=\"wp-block-spacer\"><\/div>\n\n\n\n<p><strong>Grandhotel Zvon****<\/strong><br>N\u00e1m. P\u0159emysla Otakara II. 90\/28<br><em>6 min walk from the conference venue<\/em><br><a href=\"https:\/\/www.hotel-zvon.cz\" target=\"_blank\" rel=\"noreferrer noopener\">https:\/\/www.hotel-zvon.cz<\/a><\/p>\n\n\n\n<p>A limited number of rooms are available for conference participants at a special conference rate. To make a reservation, please contact the hotel by email at jitka.charvatova@hotel-zvon.cz or info@hotel-zvon.cz and quote the code <strong>CSGG2026<\/strong>. The conference rate is valid until 31 May 2026 or until the allocated rooms are fully booked.<\/p>\n\n\n\n<p>Single room **** Superior \u2013 2200,- CZK per night (breakfast included)<br>Double room **** Superior \u2013 2420,- CZK per night (breakfast included)<\/p>\n\n\n\n<p>Single room Deluxe \u2013 2850,- CZK per night (breakfast included)<br>Double room Deluxe \u2013 3070,- CZK per night (breakfast included)<\/p>\n\n\n\n<p>Parking in the hotel garage is available for 600 CZK per car per day. If you require parking, it is recommended to reserve a parking space when booking your room.<\/p>\n\n\n\n<hr class=\"wp-block-separator has-alpha-channel-opacity\"\/>\n\n\n\n<p><strong>Savoy Hotel****<\/strong><br>B. Smetany 2719\/1a<br><em>20 min walk from the conference venue<\/em><br><a href=\"https:\/\/hotel-savoy-cb.cz\/en\/\" target=\"_blank\" rel=\"noreferrer noopener\">https:\/\/hotel-savoy-cb.cz\/en\/<\/a><\/p>\n\n\n\n<p>A limited number of rooms are available for conference participants at a special conference rate. To make a reservation, please contact the hotel by email at info@hotel-savoy-cb.cz or by phone at +420 387 201 719 and quote the code <strong>CSGG2026<\/strong>. The conference rate is valid until 31 May 2026 or until the allocated rooms are fully booked.<\/p>\n\n\n\n<p>Single room \u2013 1650,- CZK per night (breakfast included, parking available)<br>Double room \u2013 2200,- CZK per night (breakfast included, parking available)<\/p>\n\n\n\n<hr class=\"wp-block-separator has-alpha-channel-opacity\"\/>\n\n\n\n<div style=\"height:20px\" aria-hidden=\"true\" class=\"wp-block-spacer\"><\/div>\n\n\n\n<h2 class=\"wp-block-heading\">Other nearby hotels<\/h2>\n\n\n\n<p><strong>Hotel Metropol<\/strong><br>Senov\u00e1\u017en\u00e9 n\u00e1m\u011bst\u00ed 2<br><em>2 min walk from the conference venue<\/em><br><a href=\"https:\/\/www.hotelmetropolcb.cz\/\" target=\"_blank\" rel=\"noreferrer noopener\">https:\/\/www.hotelmetropolcb.cz\/<\/a><\/p>\n\n\n\n<hr class=\"wp-block-separator has-alpha-channel-opacity\"\/>\n\n\n\n<p><strong>Hotel Klika***<\/strong><br>Hroznov\u00e1 25<br>N\u00e1b\u0159e\u017e\u00ed Jind\u0159icha Libraria 158\/3<br><em>15 min walk from the conference venue<\/em><br><a href=\"https:\/\/www.hotelklika.cz\/en\/\" target=\"_blank\" rel=\"noreferrer noopener\">https:\/\/www.hotelklika.cz\/en\/<\/a><\/p>\n\n\n\n<hr class=\"wp-block-separator has-alpha-channel-opacity\"\/>\n\n\n\n<p><strong>Hotel Budweis****<\/strong><br>Ml\u00fdnsk\u00e1 6<br><em>15 min walk from the conference venue<\/em><br><a href=\"https:\/\/www.hotelbudweis.cz\/en\/\" target=\"_blank\" rel=\"noreferrer noopener\">https:\/\/www.hotelbudweis.cz\/en\/<\/a><\/p>\n\n\n\n<hr class=\"wp-block-separator has-alpha-channel-opacity\"\/>\n\n\n\n<p><strong>Spa Hotel VITA****<\/strong><br>Skuhersk\u00e9ho 4<br><em>22 min walk from the conference venue<\/em><br><a href=\"https:\/\/spahotelvita.cz\/\" target=\"_blank\" rel=\"noreferrer noopener\">https:\/\/spahotelvita.cz\/<\/a><\/p>\n\n\n\n<p><\/p>\n","protected":false},"excerpt":{"rendered":"<p>Hotels with special conference rates Grandhotel Zvon****N\u00e1m. P\u0159emysla Otakara II. 90\/286 min walk from the conference venuehttps:\/\/www.hotel-zvon.cz A limited number of rooms are available for conference participants at a special conference rate. To make a reservation, please contact the hotel by email at jitka.charvatova@hotel-zvon.cz or info@hotel-zvon.cz and quote the code CSGG2026. The conference rate is [&hellip;]<\/p>\n","protected":false},"author":2,"featured_media":0,"parent":0,"menu_order":0,"comment_status":"closed","ping_status":"closed","template":"","meta":{"footnotes":""},"class_list":["post-457","page","type-page","status-publish","hentry"],"_links":{"self":[{"href":"https:\/\/home.pf.jcu.cz\/~csgg2026\/index.php\/wp-json\/wp\/v2\/pages\/457","targetHints":{"allow":["GET"]}}],"collection":[{"href":"https:\/\/home.pf.jcu.cz\/~csgg2026\/index.php\/wp-json\/wp\/v2\/pages"}],"about":[{"href":"https:\/\/home.pf.jcu.cz\/~csgg2026\/index.php\/wp-json\/wp\/v2\/types\/page"}],"author":[{"embeddable":true,"href":"https:\/\/home.pf.jcu.cz\/~csgg2026\/index.php\/wp-json\/wp\/v2\/users\/2"}],"replies":[{"embeddable":true,"href":"https:\/\/home.pf.jcu.cz\/~csgg2026\/index.php\/wp-json\/wp\/v2\/comments?post=457"}],"version-history":[{"count":1,"href":"https:\/\/home.pf.jcu.cz\/~csgg2026\/index.php\/wp-json\/wp\/v2\/pages\/457\/revisions"}],"predecessor-version":[{"id":458,"href":"https:\/\/home.pf.jcu.cz\/~csgg2026\/index.php\/wp-json\/wp\/v2\/pages\/457\/revisions\/458"}],"wp:attachment":[{"href":"https:\/\/home.pf.jcu.cz\/~csgg2026\/index.php\/wp-json\/wp\/v2\/media?parent=457"}],"curies":[{"name":"wp","href":"https:\/\/api.w.org\/{rel}","templated":true}]}}