{"id":498,"date":"2026-03-12T21:43:28","date_gmt":"2026-03-12T21:43:28","guid":{"rendered":"https:\/\/home.pf.jcu.cz\/~csgg2026\/?page_id=498"},"modified":"2026-03-13T13:37:46","modified_gmt":"2026-03-13T13:37:46","slug":"prispevky","status":"publish","type":"page","link":"https:\/\/home.pf.jcu.cz\/~csgg2026\/index.php\/cs\/prispevky\/","title":{"rendered":"P\u0159\u00edsp\u011bvky"},"content":{"rendered":"\n<p>Ofici\u00e1ln\u00edmi jazyky konference jsou \u010de\u0161tina, sloven\u0161tina a angli\u010dtina.<\/p>\n\n\n\n<p>P\u0159ij\u00edm\u00e1me p\u0159\u00edsp\u011bvky ve form\u011b:<\/p>\n\n\n\n<ul class=\"wp-block-list\">\n<li>prezentace (cca 20 minut), nebo<\/li>\n\n\n\n<li>posteru.<\/li>\n<\/ul>\n\n\n\n<p>Volbu aktivn\u00ed \u00fa\u010dasti na konferenci, specifikaci form\u00e1tu p\u0159\u00edsp\u011bvku a nahr\u00e1n\u00ed n\u00e1zvu a abstraktu lze prov\u00e9st prost\u0159ednictv\u00edm online registra\u010dn\u00edho syst\u00e9mu b\u011bhem cel\u00e9ho stanoven\u00e9ho obdob\u00ed.<\/p>\n\n\n\n<p>N\u00e1zev a abstrakt p\u0159\u00edsp\u011bvku vkl\u00e1dejte v \u010de\u0161tin\u011b, sloven\u0161tin\u011b nebo angli\u010dtin\u011b v maxim\u00e1ln\u00ed d\u00e9lce jedn\u00e9 strany.<\/p>\n\n\n\n<p>Registrace bude zah\u00e1jena 15. b\u0159ezna 2026. Mezn\u00ed term\u00edn pro p\u0159ihl\u00e1\u0161en\u00ed p\u0159\u00edsp\u011bvku je 1. \u010dervence 2026.<\/p>\n\n\n\n<h2 class=\"wp-block-heading\">Sborn\u00edk a zasl\u00e1n\u00ed \u010dl\u00e1nk\u016f<\/h2>\n\n\n\n<p>Sborn\u00edk bude vyd\u00e1n a\u017e po konferenci. \u010cl\u00e1nky do n\u011bj bude mo\u017eno zas\u00edlat do p\u0159edem ozn\u00e1men\u00e9ho data po jej\u00edm skon\u010den\u00ed.<\/p>\n\n\n\n<p>\u010cl\u00e1nky souvisej\u00edc\u00ed s p\u0159edn\u00e1\u0161kami prezentovan\u00fdmi na konferenci lze zas\u00edlat v \u010de\u0161tin\u011b, sloven\u0161tin\u011b nebo angli\u010dtin\u011b, ve form\u00e1tu Word nebo LaTeX.<\/p>\n\n\n\n<p>\u017d\u00e1d\u00e1me autory, aby p\u0159i psan\u00ed \u010dl\u00e1nku pou\u017eili odpov\u00eddaj\u00edc\u00ed ofici\u00e1ln\u00ed \u0161ablonu, kterou si mohou st\u00e1hnout zde:<\/p>\n\n\n\n<ul class=\"wp-block-list\">\n<li>English: <a href=\"https:\/\/home.pf.jcu.cz\/~csgg2026\/wp-content\/uploads\/2026\/02\/template_tex_en.zip\">LaTeX<\/a> | <a href=\"https:\/\/home.pf.jcu.cz\/~csgg2026\/wp-content\/uploads\/2026\/02\/template_word_en.zip\">Word<\/a><\/li>\n\n\n\n<li>Czech: <a href=\"https:\/\/home.pf.jcu.cz\/~csgg2026\/wp-content\/uploads\/2026\/02\/template_tex_cz.zip\">LaTeX<\/a> | <a href=\"https:\/\/home.pf.jcu.cz\/~csgg2026\/wp-content\/uploads\/2026\/02\/template_word_cz.zip\">Word<\/a><\/li>\n\n\n\n<li>Slovak: <a href=\"https:\/\/home.pf.jcu.cz\/~csgg2026\/wp-content\/uploads\/2026\/02\/template_tex_sk.zip\">LaTeX<\/a> | <a href=\"https:\/\/home.pf.jcu.cz\/~csgg2026\/wp-content\/uploads\/2026\/02\/template_word_sk.zip\">Word<\/a><\/li>\n<\/ul>\n\n\n\n<p>Pros\u00edme o dodr\u017een\u00ed d\u00e9lky \u010dl\u00e1nku:<\/p>\n\n\n\n<ul class=\"wp-block-list\">\n<li>maxim\u00e1ln\u011b 6 stran (up\u0159ednost\u0148uje se sud\u00fd po\u010det stran) pro p\u0159\u00edsp\u011bvek,<\/li>\n\n\n\n<li>maxim\u00e1ln\u011b 10 stran pro hlavn\u00ed p\u0159edn\u00e1\u0161ku.<\/li>\n<\/ul>\n\n\n\n<p>Adresa pro zasl\u00e1n\u00ed zdrojov\u00e9ho souboru \u010dl\u00e1nku spolu s jeho PDF verz\u00ed je hasek@jcu.cz. Pokud p\u0159\u00edsp\u011bvek obsahuje obr\u00e1zky, pros\u00edme zaslat tak\u00e9 p\u016fvodn\u00ed zdrojov\u00e9 soubory t\u011bchto obr\u00e1zk\u016f.<\/p>\n\n\n\n<p><strong>Mezn\u00ed term\u00edn pro odevzd\u00e1n\u00ed \u010dl\u00e1nku do sborn\u00edku bude ozn\u00e1men na konferenci.<\/strong><\/p>\n","protected":false},"excerpt":{"rendered":"<p>Ofici\u00e1ln\u00edmi jazyky konference jsou \u010de\u0161tina, sloven\u0161tina a angli\u010dtina. P\u0159ij\u00edm\u00e1me p\u0159\u00edsp\u011bvky ve form\u011b: Volbu aktivn\u00ed \u00fa\u010dasti na konferenci, specifikaci form\u00e1tu p\u0159\u00edsp\u011bvku a nahr\u00e1n\u00ed n\u00e1zvu a abstraktu lze prov\u00e9st prost\u0159ednictv\u00edm online registra\u010dn\u00edho syst\u00e9mu b\u011bhem cel\u00e9ho stanoven\u00e9ho obdob\u00ed. N\u00e1zev a abstrakt p\u0159\u00edsp\u011bvku vkl\u00e1dejte v \u010de\u0161tin\u011b, sloven\u0161tin\u011b nebo angli\u010dtin\u011b v maxim\u00e1ln\u00ed d\u00e9lce jedn\u00e9 strany. Registrace bude zah\u00e1jena 15. b\u0159ezna [&hellip;]<\/p>\n","protected":false},"author":3,"featured_media":0,"parent":0,"menu_order":0,"comment_status":"closed","ping_status":"closed","template":"","meta":{"footnotes":""},"class_list":["post-498","page","type-page","status-publish","hentry"],"_links":{"self":[{"href":"https:\/\/home.pf.jcu.cz\/~csgg2026\/index.php\/wp-json\/wp\/v2\/pages\/498","targetHints":{"allow":["GET"]}}],"collection":[{"href":"https:\/\/home.pf.jcu.cz\/~csgg2026\/index.php\/wp-json\/wp\/v2\/pages"}],"about":[{"href":"https:\/\/home.pf.jcu.cz\/~csgg2026\/index.php\/wp-json\/wp\/v2\/types\/page"}],"author":[{"embeddable":true,"href":"https:\/\/home.pf.jcu.cz\/~csgg2026\/index.php\/wp-json\/wp\/v2\/users\/3"}],"replies":[{"embeddable":true,"href":"https:\/\/home.pf.jcu.cz\/~csgg2026\/index.php\/wp-json\/wp\/v2\/comments?post=498"}],"version-history":[{"count":4,"href":"https:\/\/home.pf.jcu.cz\/~csgg2026\/index.php\/wp-json\/wp\/v2\/pages\/498\/revisions"}],"predecessor-version":[{"id":521,"href":"https:\/\/home.pf.jcu.cz\/~csgg2026\/index.php\/wp-json\/wp\/v2\/pages\/498\/revisions\/521"}],"wp:attachment":[{"href":"https:\/\/home.pf.jcu.cz\/~csgg2026\/index.php\/wp-json\/wp\/v2\/media?parent=498"}],"curies":[{"name":"wp","href":"https:\/\/api.w.org\/{rel}","templated":true}]}}