{"id":534,"date":"2026-03-13T14:33:13","date_gmt":"2026-03-13T14:33:13","guid":{"rendered":"https:\/\/home.pf.jcu.cz\/~csgg2026\/?page_id=534"},"modified":"2026-03-13T15:10:48","modified_gmt":"2026-03-13T15:10:48","slug":"ubytovani","status":"publish","type":"page","link":"https:\/\/home.pf.jcu.cz\/~csgg2026\/index.php\/cs\/ubytovani\/","title":{"rendered":"Ubytov\u00e1n\u00ed"},"content":{"rendered":"\n<h2 class=\"wp-block-heading\">Hotely s nab\u00eddkou konferen\u010dn\u00ed ceny<\/h2>\n\n\n\n<div style=\"height:20px\" aria-hidden=\"true\" class=\"wp-block-spacer\"><\/div>\n\n\n\n<p><strong>Grandhotel Zvon****<\/strong><br>N\u00e1m. P\u0159emysla Otakara II. 90\/28<br><em>6 min ch\u016fze od m\u00edsta konference<\/em><br><a href=\"https:\/\/www.hotel-zvon.cz\" target=\"_blank\" rel=\"noreferrer noopener\">https:\/\/www.hotel-zvon.cz<\/a><\/p>\n\n\n\n<p>Pro \u00fa\u010dastn\u00edky konference je nab\u00edzen omezen\u00fd po\u010det pokoj\u016f za zvl\u00e1\u0161tn\u00ed konferen\u010dn\u00ed ceny. Pro jejich rezervaci pros\u00edm kontaktujte hotel e-mailem na adresu  jitka.charvatova@hotel-zvon.cz nebo info@hotel-zvon.cz a uve\u010fte p\u0159i tom k\u00f3d <strong>CSGG2026<\/strong>. Nab\u00eddka plat\u00ed do 31. kv\u011btna 2026 nebo do vy\u010derp\u00e1n\u00ed alokovan\u00e9ho kontingentu pokoj\u016f.<\/p>\n\n\n\n<p>Jednol\u016f\u017ekov\u00fd pokoj **** Superior \u2013 2200,- K\u010d za noc (v\u010detn\u011b sn\u00eddan\u011b)<br>Dvoul\u016f\u017ekov\u00fd pokoj **** Superior \u2013 2420,- K\u010d za noc (v\u010detn\u011b sn\u00eddan\u011b)<\/p>\n\n\n\n<p>Jednol\u016f\u017ekov\u00fd pokoj Deluxe \u2013 2850,- K\u010d za noc (v\u010detn\u011b sn\u00eddan\u011b)<br>Dvoul\u016f\u017ekov\u00fd pokoj Deluxe \u2013 3070,- K\u010d za noc (v\u010detn\u011b sn\u00eddan\u011b)<\/p>\n\n\n\n<p>Parkov\u00e1n\u00ed v hotelov\u00fdch gar\u00e1\u017e\u00edch je poskytov\u00e1no za 600 K\u010d na den. V p\u0159\u00edpad\u011b z\u00e1jmu je doporu\u010deno rezervovat parkovac\u00ed m\u00edsto hned p\u0159i rezervaci pokoje.<\/p>\n\n\n\n<hr class=\"wp-block-separator has-alpha-channel-opacity\"\/>\n\n\n\n<p><strong>Savoy Hotel****<\/strong><br>B. Smetany 2719\/1a<br><em>20 min ch\u016fze od m\u00edsta konference<\/em><br><a href=\"https:\/\/hotel-savoy-cb.cz\/en\/\" target=\"_blank\" rel=\"noreferrer noopener\">https:\/\/hotel-savoy-cb.cz\/en\/<\/a><\/p>\n\n\n\n<p>Pro \u00fa\u010dastn\u00edky konference je nab\u00edzen omezen\u00fd po\u010det pokoj\u016f za zvl\u00e1\u0161tn\u00ed konferen\u010dn\u00ed ceny. Pro jejich rezervaci pros\u00edm kontaktujte hotel e-mailem na adresu info@hotel-savoy-cb.cz nebo telefonicky na \u010d\u00edsle +420 387 201 719 a uve\u010fte p\u0159i tom k\u00f3d <strong>CSGG2026<\/strong>. Nab\u00eddka plat\u00ed do 31. kv\u011btna 2026 nebo do vy\u010derp\u00e1n\u00ed alokovan\u00e9ho kontingentu pokoj\u016f.<\/p>\n\n\n\n<p>Jednol\u016f\u017ekov\u00fd pokoj \u2013 1650,- K\u010d za noc (v\u010detn\u011b sn\u00eddan\u011b)<br>Dvoul\u016f\u017ekov\u00fd pokoj \u2013 2200,- K\u010d za noc (v\u010detn\u011b sn\u00eddan\u011b)<\/p>\n\n\n\n<p>Parkov\u00e1n\u00ed je poskytov\u00e1no k ubytov\u00e1n\u00ed, ov\u0161em pouze do vy\u010derp\u00e1n\u00ed kapacity hotelov\u00e9ho parkovi\u0161t\u011b.<\/p>\n\n\n\n<hr class=\"wp-block-separator has-alpha-channel-opacity\"\/>\n\n\n\n<div style=\"height:20px\" aria-hidden=\"true\" class=\"wp-block-spacer\"><\/div>\n\n\n\n<h2 class=\"wp-block-heading\">Dal\u0161\u00ed hotely v okol\u00ed konference<\/h2>\n\n\n\n<p><strong>Hotel Metropol<\/strong><br>Senov\u00e1\u017en\u00e9 n\u00e1m\u011bst\u00ed 2<br><em>2 <em>min ch\u016fze od m\u00edsta konference<\/em><\/em><br><a href=\"https:\/\/www.hotelmetropolcb.cz\/\" target=\"_blank\" rel=\"noreferrer noopener\">https:\/\/www.hotelmetropolcb.cz\/<\/a><\/p>\n\n\n\n<hr class=\"wp-block-separator has-alpha-channel-opacity\"\/>\n\n\n\n<p><strong>Hotel Klika***<\/strong><br>Hroznov\u00e1 25<br>N\u00e1b\u0159e\u017e\u00ed Jind\u0159icha Libraria 158\/3<br><em>15 <em>min ch\u016fze od m\u00edsta konference<\/em><\/em><br><a href=\"https:\/\/www.hotelklika.cz\/en\/\" target=\"_blank\" rel=\"noreferrer noopener\">https:\/\/www.hotelklika.cz\/en\/<\/a><\/p>\n\n\n\n<hr class=\"wp-block-separator has-alpha-channel-opacity\"\/>\n\n\n\n<p><strong>Hotel Budweis****<\/strong><br>Ml\u00fdnsk\u00e1 6<br><em>15 <em>min ch\u016fze od m\u00edsta konference<\/em><\/em><br><a href=\"https:\/\/www.hotelbudweis.cz\/en\/\" target=\"_blank\" rel=\"noreferrer noopener\">https:\/\/www.hotelbudweis.cz\/en\/<\/a><\/p>\n\n\n\n<hr class=\"wp-block-separator has-alpha-channel-opacity\"\/>\n\n\n\n<p><strong>Spa Hotel VITA****<\/strong><br>Skuhersk\u00e9ho 4<br><em>22 <em>min ch\u016fze od m\u00edsta konference<\/em><\/em><br><a href=\"https:\/\/spahotelvita.cz\/\" target=\"_blank\" rel=\"noreferrer noopener\">https:\/\/spahotelvita.cz\/<\/a><\/p>\n","protected":false},"excerpt":{"rendered":"<p>Hotely s nab\u00eddkou konferen\u010dn\u00ed ceny Grandhotel Zvon****N\u00e1m. P\u0159emysla Otakara II. 90\/286 min ch\u016fze od m\u00edsta konferencehttps:\/\/www.hotel-zvon.cz Pro \u00fa\u010dastn\u00edky konference je nab\u00edzen omezen\u00fd po\u010det pokoj\u016f za zvl\u00e1\u0161tn\u00ed konferen\u010dn\u00ed ceny. Pro jejich rezervaci pros\u00edm kontaktujte hotel e-mailem na adresu jitka.charvatova@hotel-zvon.cz nebo info@hotel-zvon.cz a uve\u010fte p\u0159i tom k\u00f3d CSGG2026. Nab\u00eddka plat\u00ed do 31. kv\u011btna 2026 nebo do vy\u010derp\u00e1n\u00ed [&hellip;]<\/p>\n","protected":false},"author":2,"featured_media":0,"parent":0,"menu_order":0,"comment_status":"closed","ping_status":"closed","template":"","meta":{"footnotes":""},"class_list":["post-534","page","type-page","status-publish","hentry"],"_links":{"self":[{"href":"https:\/\/home.pf.jcu.cz\/~csgg2026\/index.php\/wp-json\/wp\/v2\/pages\/534","targetHints":{"allow":["GET"]}}],"collection":[{"href":"https:\/\/home.pf.jcu.cz\/~csgg2026\/index.php\/wp-json\/wp\/v2\/pages"}],"about":[{"href":"https:\/\/home.pf.jcu.cz\/~csgg2026\/index.php\/wp-json\/wp\/v2\/types\/page"}],"author":[{"embeddable":true,"href":"https:\/\/home.pf.jcu.cz\/~csgg2026\/index.php\/wp-json\/wp\/v2\/users\/2"}],"replies":[{"embeddable":true,"href":"https:\/\/home.pf.jcu.cz\/~csgg2026\/index.php\/wp-json\/wp\/v2\/comments?post=534"}],"version-history":[{"count":4,"href":"https:\/\/home.pf.jcu.cz\/~csgg2026\/index.php\/wp-json\/wp\/v2\/pages\/534\/revisions"}],"predecessor-version":[{"id":540,"href":"https:\/\/home.pf.jcu.cz\/~csgg2026\/index.php\/wp-json\/wp\/v2\/pages\/534\/revisions\/540"}],"wp:attachment":[{"href":"https:\/\/home.pf.jcu.cz\/~csgg2026\/index.php\/wp-json\/wp\/v2\/media?parent=534"}],"curies":[{"name":"wp","href":"https:\/\/api.w.org\/{rel}","templated":true}]}}