{"id":565,"date":"2026-03-18T11:35:39","date_gmt":"2026-03-18T11:35:39","guid":{"rendered":"https:\/\/home.pf.jcu.cz\/~csgg2026\/?page_id=565"},"modified":"2026-03-18T13:50:30","modified_gmt":"2026-03-18T13:50:30","slug":"conference-excursion","status":"publish","type":"page","link":"https:\/\/home.pf.jcu.cz\/~csgg2026\/index.php\/en\/conference-excursion\/","title":{"rendered":"Conference Excursion"},"content":{"rendered":"\n<p>The excursion will head to <a href=\"https:\/\/en.wikipedia.org\/wiki\/%c4%8cesk%c3%bd_Krumlov\" target=\"_blank\" rel=\"noreferrer noopener\">\u010cesk\u00fd Krumlov<\/a>, a historic town located just over 20 km southwest of \u010cesk\u00e9 Bud\u011bjovice, known for its rich architectural heritage and its world-famous <a href=\"https:\/\/www.zamek-ceskykrumlov.cz\/en\" target=\"_blank\" rel=\"noreferrer noopener\">castle<\/a>. <\/p>\n\n\n\n<p>The visit will focus on two sites within the castle complex: <\/p>\n\n\n\n<ul class=\"wp-block-list\">\n<li><strong>Baroque Theatre and Adjacent Spaces<\/strong> <\/li>\n\n\n\n<li><strong>Bellarie Summer House (Castle gardens)<\/strong> <\/li>\n<\/ul>\n\n\n\n<p>The following links provide further information: <\/p>\n\n\n\n<p><a href=\"https:\/\/castle.ckrumlov.cz\/docs\/en\/zamek_5nadvori_bd.xml\" target=\"_blank\" rel=\"noreferrer noopener\">Castle Theatre in \u010cesk\u00fd Krumlov<\/a><\/p>\n\n\n\n<p><a href=\"https:\/\/castle.ckrumlov.cz\/docs\/en\/zamek_zahrada_bellar.xml\" target=\"_blank\" rel=\"noreferrer noopener\">Summer House Bellarie<\/a><\/p>\n\n\n\n<p>The Bellarie Summer House has recently undergone a complete renovation and now looks as follows:<\/p>\n\n\n\n<p><a href=\"https:\/\/www.zamek-ceskykrumlov.cz\/en\/visitors-information\/tours\/106363-bellaria-summer-house\" target=\"_blank\" rel=\"noreferrer noopener\">Bellarie Summer House<\/a> <\/p>\n\n\n\n<p><a href=\"https:\/\/youtu.be\/RJ4zKRYnTuw?si=iB8gOXPsRGnmhqQ4\" target=\"_blank\" rel=\"noreferrer noopener\">YouTube: Letohr\u00e1dek Bellarie l\u00e1k\u00e1 na sv\u011btov\u00e9 unik\u00e1ty, \u010c. K. Kur\u00fdr TV (in Czech)<\/a><\/p>\n\n\n\n<p><\/p>\n","protected":false},"excerpt":{"rendered":"<p>The excursion will head to \u010cesk\u00fd Krumlov, a historic town located just over 20 km southwest of \u010cesk\u00e9 Bud\u011bjovice, known for its rich architectural heritage and its world-famous castle. The visit will focus on two sites within the castle complex: The following links provide further information: Castle Theatre in \u010cesk\u00fd Krumlov Summer House Bellarie The [&hellip;]<\/p>\n","protected":false},"author":2,"featured_media":0,"parent":0,"menu_order":0,"comment_status":"closed","ping_status":"closed","template":"","meta":{"footnotes":""},"class_list":["post-565","page","type-page","status-publish","hentry"],"_links":{"self":[{"href":"https:\/\/home.pf.jcu.cz\/~csgg2026\/index.php\/wp-json\/wp\/v2\/pages\/565","targetHints":{"allow":["GET"]}}],"collection":[{"href":"https:\/\/home.pf.jcu.cz\/~csgg2026\/index.php\/wp-json\/wp\/v2\/pages"}],"about":[{"href":"https:\/\/home.pf.jcu.cz\/~csgg2026\/index.php\/wp-json\/wp\/v2\/types\/page"}],"author":[{"embeddable":true,"href":"https:\/\/home.pf.jcu.cz\/~csgg2026\/index.php\/wp-json\/wp\/v2\/users\/2"}],"replies":[{"embeddable":true,"href":"https:\/\/home.pf.jcu.cz\/~csgg2026\/index.php\/wp-json\/wp\/v2\/comments?post=565"}],"version-history":[{"count":6,"href":"https:\/\/home.pf.jcu.cz\/~csgg2026\/index.php\/wp-json\/wp\/v2\/pages\/565\/revisions"}],"predecessor-version":[{"id":575,"href":"https:\/\/home.pf.jcu.cz\/~csgg2026\/index.php\/wp-json\/wp\/v2\/pages\/565\/revisions\/575"}],"wp:attachment":[{"href":"https:\/\/home.pf.jcu.cz\/~csgg2026\/index.php\/wp-json\/wp\/v2\/media?parent=565"}],"curies":[{"name":"wp","href":"https:\/\/api.w.org\/{rel}","templated":true}]}}