{"id":581,"date":"2026-03-18T15:18:44","date_gmt":"2026-03-18T15:18:44","guid":{"rendered":"https:\/\/home.pf.jcu.cz\/~csgg2026\/?page_id=581"},"modified":"2026-03-18T15:18:44","modified_gmt":"2026-03-18T15:18:44","slug":"konferencni-exkurze","status":"publish","type":"page","link":"https:\/\/home.pf.jcu.cz\/~csgg2026\/index.php\/cs\/konferencni-exkurze\/","title":{"rendered":"Konferen\u010dn\u00ed exkurze"},"content":{"rendered":"\n<p>Exkurze bude sm\u011b\u0159ovat do <a href=\"https:\/\/cs.wikipedia.org\/wiki\/%C4%8Cesk%C3%BD_Krumlov\" target=\"_blank\" rel=\"noreferrer noopener\">\u010cesk\u00e9ho Krumlova<\/a>, historick\u00e9ho m\u011bsta le\u017e\u00edc\u00edho 25 km jihoz\u00e1padn\u011b od \u010cesk\u00fdch Bud\u011bjovic zn\u00e1m\u00e9ho svou st\u0159edov\u011bkou m\u011bstskou architekturou  a majest\u00e1tn\u00edm z\u00e1mkem.<\/p>\n\n\n\n<p>N\u00e1v\u0161t\u011bva bude zam\u011b\u0159ena na dva konkr\u00e9tn\u00ed objekty v are\u00e1lu z\u00e1mku:<\/p>\n\n\n\n<ul class=\"wp-block-list\">\n<li><strong>Barokn\u00ed z\u00e1meck\u00e9 divadlo a p\u0159ilehl\u00e9 prostory<\/strong><\/li>\n\n\n\n<li><strong>letohr\u00e1dek Bellarie v z\u00e1meck\u00e9 zahrad\u011b<\/strong><\/li>\n<\/ul>\n\n\n\n<p>N\u00e1sleduj\u00edc\u00ed odkazy p\u0159in\u00e1\u0161ej\u00ed detailn\u011bj\u0161\u00ed informace o t\u011bchto skvostn\u00fdch pam\u00e1tk\u00e1ch:<\/p>\n\n\n\n<p><a href=\"https:\/\/castle.ckrumlov.cz\/docs\/cz\/zamek_5nadvori_bd.xml\" target=\"_blank\" rel=\"noreferrer noopener\">Z\u00e1meck\u00e9 divadlo v \u010cesk\u00e9m Krumlov\u011b<\/a><\/p>\n\n\n\n<p><a href=\"https:\/\/castle.ckrumlov.cz\/docs\/cz\/zamek_zahrada_bellar.xml\" target=\"_blank\" rel=\"noreferrer noopener\">Letohr\u00e1dek Bellarie<\/a><\/p>\n\n\n\n<p>Letohr\u00e1dek Bellarie byl ned\u00e1vno kompletn\u011b rekonstruov\u00e1n. Jeho aktu\u00e1ln\u00ed podoba a informace o rozsahu a n\u00e1ro\u010dnosti rekonstruk\u010dn\u00edch a restaur\u00e1torsk\u00fdch prac\u00ed jsou dostupn\u00e9 zde:<\/p>\n\n\n\n<p><a href=\"https:\/\/www.zamek-ceskykrumlov.cz\/cs\/informace-pro-navstevniky\/prohlidkove-okruhy\/106363-letohradek-bellarie\" target=\"_blank\" rel=\"noreferrer noopener\">Letohr\u00e1dek Bellarie<\/a><\/p>\n\n\n\n<p><a href=\"https:\/\/youtu.be\/RJ4zKRYnTuw?si=iB8gOXPsRGnmhqQ4\" target=\"_blank\" rel=\"noreferrer noopener\">YouTube: Letohr\u00e1dek Bellarie l\u00e1k\u00e1 na sv\u011btov\u00e9 unik\u00e1ty, \u010c. K. Kur\u00fdr TV (report\u00e1\u017e)<\/a><\/p>\n\n\n\n<p><\/p>\n","protected":false},"excerpt":{"rendered":"<p>Exkurze bude sm\u011b\u0159ovat do \u010cesk\u00e9ho Krumlova, historick\u00e9ho m\u011bsta le\u017e\u00edc\u00edho 25 km jihoz\u00e1padn\u011b od \u010cesk\u00fdch Bud\u011bjovic zn\u00e1m\u00e9ho svou st\u0159edov\u011bkou m\u011bstskou architekturou a majest\u00e1tn\u00edm z\u00e1mkem. N\u00e1v\u0161t\u011bva bude zam\u011b\u0159ena na dva konkr\u00e9tn\u00ed objekty v are\u00e1lu z\u00e1mku: N\u00e1sleduj\u00edc\u00ed odkazy p\u0159in\u00e1\u0161ej\u00ed detailn\u011bj\u0161\u00ed informace o t\u011bchto skvostn\u00fdch pam\u00e1tk\u00e1ch: Z\u00e1meck\u00e9 divadlo v \u010cesk\u00e9m Krumlov\u011b Letohr\u00e1dek Bellarie Letohr\u00e1dek Bellarie byl ned\u00e1vno kompletn\u011b rekonstruov\u00e1n. [&hellip;]<\/p>\n","protected":false},"author":2,"featured_media":0,"parent":0,"menu_order":0,"comment_status":"closed","ping_status":"closed","template":"","meta":{"footnotes":""},"class_list":["post-581","page","type-page","status-publish","hentry"],"_links":{"self":[{"href":"https:\/\/home.pf.jcu.cz\/~csgg2026\/index.php\/wp-json\/wp\/v2\/pages\/581","targetHints":{"allow":["GET"]}}],"collection":[{"href":"https:\/\/home.pf.jcu.cz\/~csgg2026\/index.php\/wp-json\/wp\/v2\/pages"}],"about":[{"href":"https:\/\/home.pf.jcu.cz\/~csgg2026\/index.php\/wp-json\/wp\/v2\/types\/page"}],"author":[{"embeddable":true,"href":"https:\/\/home.pf.jcu.cz\/~csgg2026\/index.php\/wp-json\/wp\/v2\/users\/2"}],"replies":[{"embeddable":true,"href":"https:\/\/home.pf.jcu.cz\/~csgg2026\/index.php\/wp-json\/wp\/v2\/comments?post=581"}],"version-history":[{"count":1,"href":"https:\/\/home.pf.jcu.cz\/~csgg2026\/index.php\/wp-json\/wp\/v2\/pages\/581\/revisions"}],"predecessor-version":[{"id":582,"href":"https:\/\/home.pf.jcu.cz\/~csgg2026\/index.php\/wp-json\/wp\/v2\/pages\/581\/revisions\/582"}],"wp:attachment":[{"href":"https:\/\/home.pf.jcu.cz\/~csgg2026\/index.php\/wp-json\/wp\/v2\/media?parent=581"}],"curies":[{"name":"wp","href":"https:\/\/api.w.org\/{rel}","templated":true}]}}