{"id":1210,"date":"2017-12-01T19:40:52","date_gmt":"2017-12-01T19:40:52","guid":{"rendered":"https:\/\/home.pf.jcu.cz\/~matematech\/?page_id=1210"},"modified":"2024-06-03T07:39:15","modified_gmt":"2024-06-03T07:39:15","slug":"matematika-pres-hranice","status":"publish","type":"page","link":"https:\/\/home.pf.jcu.cz\/~matematech\/matematika-pres-hranice","title":{"rendered":"Matematika p\u0159es hranice"},"content":{"rendered":"<p>[et_pb_section fb_built=&#8220;1&#8243; _builder_version=&#8220;3.22&#8243;][et_pb_row _builder_version=&#8220;3.25&#8243; background_size=&#8220;initial&#8220; background_position=&#8220;top_left&#8220; background_repeat=&#8220;repeat&#8220;][et_pb_column type=&#8220;4_4&#8243; _builder_version=&#8220;3.25&#8243; custom_padding=&#8220;|||&#8220; custom_padding__hover=&#8220;|||&#8220;][et_pb_text _builder_version=&#8220;3.27.4&#8243;]<\/p>\n<h1>Matematika p\u0159es hranice 2012\u20132014<\/h1>\n<p><strong>N\u00e1zev projektu: <\/strong><em><strong>Jak zv\u00fd\u0161it z\u00e1jem st\u0159edo\u0161kolsk\u00fdch student\u016f o matematiku \u2013 v\u00fdm\u011bna zku\u0161enost\u00ed a hled\u00e1n\u00ed nov\u00fdch cest<\/strong><\/em><strong><br \/>\nOpera\u010dn\u00ed program: <\/strong>C\u00edl Evropsk\u00e1 \u00fazemn\u00ed spolupr\u00e1ce Rakousko \u2013 \u010cesk\u00e1 republika 2007 \u2013 2013 (C\u00edl E\u00daS AT-\u010cR)<strong><br \/>\nPrioritn\u00ed osa 1 <\/strong>\u2013 Socioekonomick\u00fd rozvoj, cestovn\u00ed ruch a transfer know-how.<strong><br \/>\nOblast podpory<\/strong> \u2013 Rozvoj lidsk\u00fdch zdroj\u016f, trh pr\u00e1ce, vzd\u011bl\u00e1v\u00e1n\u00ed a kvalifikace<strong>.<\/strong><br \/>\nVedouc\u00ed partner projektu: Jiho\u010desk\u00e1 univerzita v\u00a0\u010cesk\u00fdch Bud\u011bjovic\u00edch (USB)<br \/>\nPartner projektu: Johannes Kepler Universit\u00e4t Linz (JKU)<br \/>\n[\/et_pb_text][\/et_pb_column][\/et_pb_row][et_pb_row _builder_version=&#8220;3.25&#8243; background_size=&#8220;initial&#8220; background_position=&#8220;top_left&#8220; background_repeat=&#8220;repeat&#8220; column_structure=&#8220;1_2,1_2&#8243;][et_pb_column type=&#8220;1_2&#8243; _builder_version=&#8220;3.25&#8243; custom_padding=&#8220;|||&#8220; custom_padding__hover=&#8220;|||&#8220;][et_pb_button button_url=&#8220;https:\/\/home.pf.jcu.cz\/~matematech\/o-projektu-matematech&#8220; button_text=&#8220;O projektu&#8220; _builder_version=&#8220;4.0.11&#8243; hover_enabled=&#8220;0&#8243; button_text_size__hover_enabled=&#8220;off&#8220; button_one_text_size__hover_enabled=&#8220;off&#8220; button_two_text_size__hover_enabled=&#8220;off&#8220; button_text_color__hover_enabled=&#8220;off&#8220; button_one_text_color__hover_enabled=&#8220;off&#8220; button_two_text_color__hover_enabled=&#8220;off&#8220; button_border_width__hover_enabled=&#8220;off&#8220; button_one_border_width__hover_enabled=&#8220;off&#8220; button_two_border_width__hover_enabled=&#8220;off&#8220; button_border_color__hover_enabled=&#8220;off&#8220; button_one_border_color__hover_enabled=&#8220;off&#8220; button_two_border_color__hover_enabled=&#8220;off&#8220; button_border_radius__hover_enabled=&#8220;off&#8220; button_one_border_radius__hover_enabled=&#8220;off&#8220; button_two_border_radius__hover_enabled=&#8220;off&#8220; button_letter_spacing__hover_enabled=&#8220;off&#8220; button_one_letter_spacing__hover_enabled=&#8220;off&#8220; button_two_letter_spacing__hover_enabled=&#8220;off&#8220; button_bg_color__hover_enabled=&#8220;off&#8220; button_one_bg_color__hover_enabled=&#8220;off&#8220; button_two_bg_color__hover_enabled=&#8220;off&#8220;][\/et_pb_button][et_pb_button button_url=&#8220;https:\/\/home.pf.jcu.cz\/~matematech\/archiv-vyukove-materialy&#8220; button_text=&#8220;V\u00fdukov\u00e9 materi\u00e1ly&#8220; _builder_version=&#8220;4.0.11&#8243; hover_enabled=&#8220;0&#8243; button_text_size__hover_enabled=&#8220;off&#8220; button_one_text_size__hover_enabled=&#8220;off&#8220; button_two_text_size__hover_enabled=&#8220;off&#8220; button_text_color__hover_enabled=&#8220;off&#8220; button_one_text_color__hover_enabled=&#8220;off&#8220; button_two_text_color__hover_enabled=&#8220;off&#8220; button_border_width__hover_enabled=&#8220;off&#8220; button_one_border_width__hover_enabled=&#8220;off&#8220; button_two_border_width__hover_enabled=&#8220;off&#8220; button_border_color__hover_enabled=&#8220;off&#8220; button_one_border_color__hover_enabled=&#8220;off&#8220; button_two_border_color__hover_enabled=&#8220;off&#8220; button_border_radius__hover_enabled=&#8220;off&#8220; button_one_border_radius__hover_enabled=&#8220;off&#8220; button_two_border_radius__hover_enabled=&#8220;off&#8220; button_letter_spacing__hover_enabled=&#8220;off&#8220; button_one_letter_spacing__hover_enabled=&#8220;off&#8220; button_two_letter_spacing__hover_enabled=&#8220;off&#8220; button_bg_color__hover_enabled=&#8220;off&#8220; button_one_bg_color__hover_enabled=&#8220;off&#8220; button_two_bg_color__hover_enabled=&#8220;off&#8220;][\/et_pb_button][et_pb_button button_url=&#8220;https:\/\/home.pf.jcu.cz\/~matematech\/archiv-workshopy&#8220; button_text=&#8220;Workshopy&#8220; _builder_version=&#8220;4.0.11&#8243; hover_enabled=&#8220;0&#8243; button_text_size__hover_enabled=&#8220;off&#8220; button_one_text_size__hover_enabled=&#8220;off&#8220; button_two_text_size__hover_enabled=&#8220;off&#8220; button_text_color__hover_enabled=&#8220;off&#8220; button_one_text_color__hover_enabled=&#8220;off&#8220; button_two_text_color__hover_enabled=&#8220;off&#8220; button_border_width__hover_enabled=&#8220;off&#8220; button_one_border_width__hover_enabled=&#8220;off&#8220; button_two_border_width__hover_enabled=&#8220;off&#8220; button_border_color__hover_enabled=&#8220;off&#8220; button_one_border_color__hover_enabled=&#8220;off&#8220; button_two_border_color__hover_enabled=&#8220;off&#8220; button_border_radius__hover_enabled=&#8220;off&#8220; button_one_border_radius__hover_enabled=&#8220;off&#8220; button_two_border_radius__hover_enabled=&#8220;off&#8220; button_letter_spacing__hover_enabled=&#8220;off&#8220; button_one_letter_spacing__hover_enabled=&#8220;off&#8220; button_two_letter_spacing__hover_enabled=&#8220;off&#8220; button_bg_color__hover_enabled=&#8220;off&#8220; button_one_bg_color__hover_enabled=&#8220;off&#8220; button_two_bg_color__hover_enabled=&#8220;off&#8220;][\/et_pb_button][et_pb_button button_url=&#8220;https:\/\/home.pf.jcu.cz\/~matematech\/archiv-zaverecne-publikace&#8220; button_text=&#8220;Z\u00e1v\u011bre\u010dn\u00e1 publikace&#8220; _builder_version=&#8220;4.0.11&#8243; hover_enabled=&#8220;0&#8243; button_text_size__hover_enabled=&#8220;off&#8220; button_one_text_size__hover_enabled=&#8220;off&#8220; button_two_text_size__hover_enabled=&#8220;off&#8220; button_text_color__hover_enabled=&#8220;off&#8220; button_one_text_color__hover_enabled=&#8220;off&#8220; button_two_text_color__hover_enabled=&#8220;off&#8220; button_border_width__hover_enabled=&#8220;off&#8220; button_one_border_width__hover_enabled=&#8220;off&#8220; button_two_border_width__hover_enabled=&#8220;off&#8220; button_border_color__hover_enabled=&#8220;off&#8220; button_one_border_color__hover_enabled=&#8220;off&#8220; button_two_border_color__hover_enabled=&#8220;off&#8220; button_border_radius__hover_enabled=&#8220;off&#8220; button_one_border_radius__hover_enabled=&#8220;off&#8220; button_two_border_radius__hover_enabled=&#8220;off&#8220; button_letter_spacing__hover_enabled=&#8220;off&#8220; button_one_letter_spacing__hover_enabled=&#8220;off&#8220; button_two_letter_spacing__hover_enabled=&#8220;off&#8220; button_bg_color__hover_enabled=&#8220;off&#8220; button_one_bg_color__hover_enabled=&#8220;off&#8220; button_two_bg_color__hover_enabled=&#8220;off&#8220;][\/et_pb_button][\/et_pb_column][et_pb_column type=&#8220;1_2&#8243; _builder_version=&#8220;3.25&#8243; custom_padding=&#8220;|||&#8220; custom_padding__hover=&#8220;|||&#8220;][\/et_pb_column][\/et_pb_row][\/et_pb_section]<\/p>\n","protected":false},"excerpt":{"rendered":"<p>[et_pb_section fb_built=&#8220;1&#8243; _builder_version=&#8220;3.22&#8243;][et_pb_row _builder_version=&#8220;3.25&#8243; background_size=&#8220;initial&#8220; background_position=&#8220;top_left&#8220; background_repeat=&#8220;repeat&#8220;][et_pb_column type=&#8220;4_4&#8243; _builder_version=&#8220;3.25&#8243; custom_padding=&#8220;|||&#8220; custom_padding__hover=&#8220;|||&#8220;][et_pb_text _builder_version=&#8220;3.27.4&#8243;] Matematika p\u0159es hranice 2012\u20132014 N\u00e1zev projektu: Jak zv\u00fd\u0161it z\u00e1jem st\u0159edo\u0161kolsk\u00fdch student\u016f o matematiku \u2013 v\u00fdm\u011bna zku\u0161enost\u00ed a hled\u00e1n\u00ed nov\u00fdch cest Opera\u010dn\u00ed program: C\u00edl Evropsk\u00e1 \u00fazemn\u00ed spolupr\u00e1ce Rakousko \u2013 \u010cesk\u00e1 republika 2007 \u2013 2013 (C\u00edl E\u00daS AT-\u010cR) Prioritn\u00ed osa 1 \u2013 Socioekonomick\u00fd rozvoj, cestovn\u00ed [&hellip;]<\/p>\n","protected":false},"author":1,"featured_media":0,"parent":0,"menu_order":0,"comment_status":"closed","ping_status":"closed","template":"","meta":{"_et_pb_use_builder":"on","_et_pb_old_content":"","footnotes":""},"class_list":["post-1210","page","type-page","status-publish","hentry"],"_links":{"self":[{"href":"https:\/\/home.pf.jcu.cz\/~matematech\/wp-json\/wp\/v2\/pages\/1210","targetHints":{"allow":["GET"]}}],"collection":[{"href":"https:\/\/home.pf.jcu.cz\/~matematech\/wp-json\/wp\/v2\/pages"}],"about":[{"href":"https:\/\/home.pf.jcu.cz\/~matematech\/wp-json\/wp\/v2\/types\/page"}],"author":[{"embeddable":true,"href":"https:\/\/home.pf.jcu.cz\/~matematech\/wp-json\/wp\/v2\/users\/1"}],"replies":[{"embeddable":true,"href":"https:\/\/home.pf.jcu.cz\/~matematech\/wp-json\/wp\/v2\/comments?post=1210"}],"version-history":[{"count":6,"href":"https:\/\/home.pf.jcu.cz\/~matematech\/wp-json\/wp\/v2\/pages\/1210\/revisions"}],"predecessor-version":[{"id":2207,"href":"https:\/\/home.pf.jcu.cz\/~matematech\/wp-json\/wp\/v2\/pages\/1210\/revisions\/2207"}],"wp:attachment":[{"href":"https:\/\/home.pf.jcu.cz\/~matematech\/wp-json\/wp\/v2\/media?parent=1210"}],"curies":[{"name":"wp","href":"https:\/\/api.w.org\/{rel}","templated":true}]}}