{"id":1232,"date":"2017-12-04T16:57:11","date_gmt":"2017-12-04T16:57:11","guid":{"rendered":"https:\/\/home.pf.jcu.cz\/~matematech\/?page_id=1232"},"modified":"2017-12-04T16:59:42","modified_gmt":"2017-12-04T16:59:42","slug":"archiv-vyukove-materialy","status":"publish","type":"page","link":"https:\/\/home.pf.jcu.cz\/~matematech\/archiv-vyukove-materialy","title":{"rendered":"V\u00fdukov\u00e9 materi\u00e1ly"},"content":{"rendered":"<p>[et_pb_section bb_built=&#8220;1&#8243;][et_pb_row][et_pb_column type=&#8220;4_4&#8243;][et_pb_text _builder_version=&#8220;3.0.90&#8243; background_layout=&#8220;light&#8220;]<\/p>\n<h1>Matematika p\u0159es hranice 2012\u20132014<\/h1>\n<h3><strong>V\u00fdukov\u00e9 materi\u00e1ly<\/strong><\/h3>\n<p>[\/et_pb_text][\/et_pb_column][\/et_pb_row][et_pb_row][et_pb_column type=&#8220;4_4&#8243;][et_pb_blog _builder_version=&#8220;3.0.90&#8243; posts_number=&#8220;30&#8243; include_categories=&#8220;23&#8243; show_content=&#8220;off&#8220; show_thumbnail=&#8220;on&#8220; show_more=&#8220;on&#8220; show_author=&#8220;off&#8220; show_date=&#8220;off&#8220; show_categories=&#8220;on&#8220; show_comments=&#8220;off&#8220; show_pagination=&#8220;on&#8220; fullwidth=&#8220;off&#8220; use_dropshadow=&#8220;on&#8220; use_overlay=&#8220;off&#8220; background_layout=&#8220;light&#8220; pagination_font_size_tablet=&#8220;51&#8243; pagination_line_height_tablet=&#8220;2&#8243; header_font=&#8220;|600|||||||&#8220; meta_font=&#8220;||on||||||&#8220; \/][\/et_pb_column][\/et_pb_row][\/et_pb_section]<\/p>\n","protected":false},"excerpt":{"rendered":"<p>[et_pb_section bb_built=&#8220;1&#8243;][et_pb_row][et_pb_column type=&#8220;4_4&#8243;][et_pb_text _builder_version=&#8220;3.0.90&#8243; background_layout=&#8220;light&#8220;] Matematika p\u0159es hranice 2012\u20132014 V\u00fdukov\u00e9 materi\u00e1ly [\/et_pb_text][\/et_pb_column][\/et_pb_row][et_pb_row][et_pb_column type=&#8220;4_4&#8243;][et_pb_blog _builder_version=&#8220;3.0.90&#8243; posts_number=&#8220;30&#8243; include_categories=&#8220;23&#8243; show_content=&#8220;off&#8220; show_thumbnail=&#8220;on&#8220; show_more=&#8220;on&#8220; show_author=&#8220;off&#8220; show_date=&#8220;off&#8220; show_categories=&#8220;on&#8220; show_comments=&#8220;off&#8220; show_pagination=&#8220;on&#8220; fullwidth=&#8220;off&#8220; use_dropshadow=&#8220;on&#8220; use_overlay=&#8220;off&#8220; background_layout=&#8220;light&#8220; pagination_font_size_tablet=&#8220;51&#8243; pagination_line_height_tablet=&#8220;2&#8243; header_font=&#8220;|600|||||||&#8220; meta_font=&#8220;||on||||||&#8220; \/][\/et_pb_column][\/et_pb_row][\/et_pb_section]<\/p>\n","protected":false},"author":1,"featured_media":0,"parent":0,"menu_order":0,"comment_status":"closed","ping_status":"closed","template":"","meta":{"_et_pb_use_builder":"on","_et_pb_old_content":"","footnotes":""},"class_list":["post-1232","page","type-page","status-publish","hentry"],"_links":{"self":[{"href":"https:\/\/home.pf.jcu.cz\/~matematech\/wp-json\/wp\/v2\/pages\/1232","targetHints":{"allow":["GET"]}}],"collection":[{"href":"https:\/\/home.pf.jcu.cz\/~matematech\/wp-json\/wp\/v2\/pages"}],"about":[{"href":"https:\/\/home.pf.jcu.cz\/~matematech\/wp-json\/wp\/v2\/types\/page"}],"author":[{"embeddable":true,"href":"https:\/\/home.pf.jcu.cz\/~matematech\/wp-json\/wp\/v2\/users\/1"}],"replies":[{"embeddable":true,"href":"https:\/\/home.pf.jcu.cz\/~matematech\/wp-json\/wp\/v2\/comments?post=1232"}],"version-history":[{"count":2,"href":"https:\/\/home.pf.jcu.cz\/~matematech\/wp-json\/wp\/v2\/pages\/1232\/revisions"}],"predecessor-version":[{"id":1237,"href":"https:\/\/home.pf.jcu.cz\/~matematech\/wp-json\/wp\/v2\/pages\/1232\/revisions\/1237"}],"wp:attachment":[{"href":"https:\/\/home.pf.jcu.cz\/~matematech\/wp-json\/wp\/v2\/media?parent=1232"}],"curies":[{"name":"wp","href":"https:\/\/api.w.org\/{rel}","templated":true}]}}