{"id":23,"date":"2012-06-26T08:18:55","date_gmt":"2012-06-26T08:18:55","guid":{"rendered":"https:\/\/home.pf.jcu.cz\/~matematech\/?page_id=23"},"modified":"2019-06-27T13:52:39","modified_gmt":"2019-06-27T13:52:39","slug":"odkazy","status":"publish","type":"page","link":"https:\/\/home.pf.jcu.cz\/~matematech\/odkazy","title":{"rendered":"Odkazy"},"content":{"rendered":"<p><strong>Vzd\u011bl\u00e1vac\u00ed centrum STEM<\/strong><br \/>\n<a href=\"https:\/\/home.pf.jcu.cz\/~matematech\/vzdelavaci-centrum-stem\" target=\"_blank\" rel=\"noopener noreferrer\">https:\/\/home.pf.jcu.cz\/~matematech\/vzdelavaci-centrum-stem<\/a><\/p>\n<p><strong>MatemaTech &#8211; informace v iBoxu<\/strong><br \/>\n<a href=\"http:\/\/www.at-cz.eu\/cz\/ibox\/po-3\/atcz35_matematech\" target=\"_blank\" rel=\"noopener noreferrer\">http:\/\/www.at-cz.eu\/cz\/ibox\/po-3\/atcz35_matematech<\/a><\/p>\n<p><strong>MatemaTech &#8211; agenda spole\u010dn\u00fdch workshop\u016f<\/strong><br \/>\n<a href=\"https:\/\/www.geogebra.org\/m\/ExDYADw6\" target=\"_blank\" rel=\"noopener noreferrer\">Workshop \u010d. 1 (25.-26. 11. 2016)<\/a><br \/>\n<a href=\"https:\/\/www.geogebra.org\/m\/Dz7zRm8w\" target=\"_blank\" rel=\"noopener noreferrer\">Workshop \u010d. 2 (31. 3.-1. 4. 2017)<\/a><br \/>\n<a href=\"https:\/\/www.geogebra.org\/m\/hwU8aBsP\" target=\"_blank\" rel=\"noopener noreferrer\">Workshop \u010d. 3 (23.-24. 6. 2017)<\/a><br \/>\n<a href=\"https:\/\/www.geogebra.org\/m\/YKfz7xuZ\" target=\"_blank\" rel=\"noopener noreferrer\">Workshop \u010d. 4 (10.-11. 11. 2017)<\/a><br \/>\n<a href=\"https:\/\/www.geogebra.org\/m\/uyDPCwxd\" target=\"_blank\" rel=\"noopener noreferrer\">Workshop \u010d. 5 (9.-10. 3. 2018)<\/a><br \/>\n<a href=\"https:\/\/www.geogebra.org\/m\/T29Z2dwJ\" target=\"_blank\" rel=\"noopener noreferrer\">Workshop \u010d. 6 (22.-23. 6. 2018)<\/a><br \/>\n<a href=\"https:\/\/home.pf.jcu.cz\/~matematech\/workshop-c-7-12-13-10-2018\" target=\"_blank\" rel=\"noopener noreferrer\">Workshop \u010d. 7 (12.-13. 10. 2018)<\/a><br \/>\n<a href=\"https:\/\/home.pf.jcu.cz\/~matematech\/workshop-c-8-22-23-3-2019\" target=\"_blank\" rel=\"noopener noreferrer\">Workshop \u010d. 8 (22.-23. 3. 2019)<\/a><br \/>\n<a href=\"https:\/\/home.pf.jcu.cz\/~matematech\/workshop-c-9-26-27-4-2019\" target=\"_blank\" rel=\"noopener noreferrer\">Workshop \u010d. 9 (26.-27. 4. 2019)<\/a><\/p>\n<p><strong>MatemaTech &#8211; str\u00e1nka v n\u011bmeck\u00e9m jazyce<\/strong><br \/>\n<a href=\"http:\/\/www.matematech.eu\" target=\"_blank\" rel=\"noopener noreferrer\">www.matematech.eu<\/a><\/p>\n<p>&nbsp;<\/p>\n<p><strong>Jiho\u010desk\u00e1 univerzita v \u010cesk\u00fdch Bud\u011bjovic\u00edch<\/strong><br \/>\n<a href=\"https:\/\/www.jcu.cz\/\" target=\"_blank\" rel=\"noopener noreferrer\">www.jcu.cz<\/a><\/p>\n<p><strong>Jiho\u010desk\u00e1 hospod\u00e1\u0159sk\u00e1 komora<\/strong><br \/>\n<a href=\"http:\/\/www.jhk.cz\/\" target=\"_blank\" rel=\"noopener noreferrer\">www.jhk.cz<\/a><\/p>\n<p><strong>Johannes Kepler Universit\u00e4t Linz<\/strong><br \/>\n<a href=\"http:\/\/www.jku.at\/content\" target=\"_blank\" rel=\"noopener noreferrer\">www.jku.at<\/a><\/p>\n<p>&nbsp;<\/p>\n<p><strong>8. konference U\u017eit\u00ed po\u010d\u00edta\u010d\u016f ve v\u00fduce matematiky<\/strong><br \/>\nTradi\u010dn\u00ed konference po\u0159\u00e1dan\u00e1 Katedrou matematiky PF JU v \u010cesk\u00fdch Bud\u011bjovic\u00edch spolu se Spole\u010dnost\u00ed u\u010ditel\u016f matematiky a m\u00edstn\u00edm pobo\u010dn\u00fdm spolkem Jednoty \u010desk\u00fdch matematik\u016f a fyzik\u016f<br \/>\n<a href=\"http:\/\/www.pf.jcu.cz\/upvm\/2017\/\" target=\"_blank\" rel=\"noopener noreferrer\">www.pf.jcu.cz\/upvm\/2017<\/a><\/p>\n<p>&nbsp;<\/p>\n<p><strong>GeoGebra<\/strong><br \/>\nPort\u00e1l pro sd\u00edlen\u00ed instala\u010dn\u00edch soubor\u016f programu, n\u00e1vod\u016f pro jeho obsluhu a materi\u00e1l\u016f v n\u011bm vytvo\u0159en\u00fdch<br \/>\n<a href=\"https:\/\/www.geogebra.org\" target=\"_blank\" rel=\"noopener noreferrer\">www.geogebra.org<\/a><\/p>\n<p><strong>GeoGebraWeb <\/strong><br \/>\nWebov\u00e1 verze programu GeoGebra, spustiteln\u00e1 bez nutnosti instalovat z\u00e1suvn\u00e9 moduly.<br \/>\n<a href=\"http:\/\/web.geogebra.org\/\" target=\"_blank\" rel=\"noopener noreferrer\">web.geogebra.org<\/a><\/p>\n<p><strong>I2G Intergeo<\/strong><br \/>\nPort\u00e1l pro sd\u00edlen\u00ed dynamick\u00fdch materi\u00e1l\u016f pro v\u00fduku matematiky<br \/>\n<a href=\"http:\/\/i2geo.net\/xwiki\/bin\/view\/Main\/\" target=\"_blank\" rel=\"noopener noreferrer\">i2geo.net<\/a><\/p>\n<p><strong>GeoGebra institut v \u010cesk\u00fdch Bud\u011bjovic\u00edch<\/strong><br \/>\n<a href=\"http:\/\/home.pf.jcu.cz\/~ggi\/GeoGebra_Institut\" target=\"_blank\" rel=\"noopener noreferrer\">home.pf.jcu.cz\/~ggi\/GeoGebra_Institut<\/a><\/p>\n","protected":false},"excerpt":{"rendered":"<p>Vzd\u011bl\u00e1vac\u00ed centrum STEM https:\/\/home.pf.jcu.cz\/~matematech\/vzdelavaci-centrum-stem MatemaTech &#8211; informace v iBoxu http:\/\/www.at-cz.eu\/cz\/ibox\/po-3\/atcz35_matematech MatemaTech &#8211; agenda spole\u010dn\u00fdch workshop\u016f Workshop \u010d. 1 (25.-26. 11. 2016) Workshop \u010d. 2 (31. 3.-1. 4. 2017) Workshop \u010d. 3 (23.-24. 6. 2017) Workshop \u010d. 4 (10.-11. 11. 2017) Workshop \u010d. 5 (9.-10. 3. 2018) Workshop \u010d. 6 (22.-23. 6. 2018) Workshop \u010d. 7 [&hellip;]<\/p>\n","protected":false},"author":1,"featured_media":0,"parent":0,"menu_order":0,"comment_status":"open","ping_status":"open","template":"","meta":{"_et_pb_use_builder":"","_et_pb_old_content":"","footnotes":""},"class_list":["post-23","page","type-page","status-publish","hentry"],"_links":{"self":[{"href":"https:\/\/home.pf.jcu.cz\/~matematech\/wp-json\/wp\/v2\/pages\/23","targetHints":{"allow":["GET"]}}],"collection":[{"href":"https:\/\/home.pf.jcu.cz\/~matematech\/wp-json\/wp\/v2\/pages"}],"about":[{"href":"https:\/\/home.pf.jcu.cz\/~matematech\/wp-json\/wp\/v2\/types\/page"}],"author":[{"embeddable":true,"href":"https:\/\/home.pf.jcu.cz\/~matematech\/wp-json\/wp\/v2\/users\/1"}],"replies":[{"embeddable":true,"href":"https:\/\/home.pf.jcu.cz\/~matematech\/wp-json\/wp\/v2\/comments?post=23"}],"version-history":[{"count":5,"href":"https:\/\/home.pf.jcu.cz\/~matematech\/wp-json\/wp\/v2\/pages\/23\/revisions"}],"predecessor-version":[{"id":2078,"href":"https:\/\/home.pf.jcu.cz\/~matematech\/wp-json\/wp\/v2\/pages\/23\/revisions\/2078"}],"wp:attachment":[{"href":"https:\/\/home.pf.jcu.cz\/~matematech\/wp-json\/wp\/v2\/media?parent=23"}],"curies":[{"name":"wp","href":"https:\/\/api.w.org\/{rel}","templated":true}]}}