{"id":25,"date":"2012-06-26T08:19:21","date_gmt":"2012-06-26T08:19:21","guid":{"rendered":"https:\/\/home.pf.jcu.cz\/~matematech\/?page_id=25"},"modified":"2018-09-21T09:47:21","modified_gmt":"2018-09-21T09:47:21","slug":"kontakty","status":"publish","type":"page","link":"https:\/\/home.pf.jcu.cz\/~matematech\/kontakty","title":{"rendered":"Kontakty"},"content":{"rendered":"<p><strong>Mgr. Dagmar Jord\u00e1nov\u00e1<\/strong><br \/>\nhlavn\u00ed mana\u017eerka projektu<br \/>\n<a href=\"mailto:melicd00@pf.jcu.cz\">melicd00@pf.jcu.cz<\/a><\/p>\n<p><strong>prof. RNDr. Pavel Pech, CSc.<\/strong><br \/>\nmana\u017eer projektov\u00fdch aktivit \u2013 metodick\u00fd koordin\u00e1tor<br \/>\n<a href=\"mailto:pech@pf.jcu.cz\">pech@pf.jcu.cz<\/a><\/p>\n<p><strong>Mgr. Roman Ha\u0161ek, Ph.D.<\/strong><br \/>\nmana\u017eer projektov\u00fdch aktivit \u2013 koordin\u00e1tor v\u00fdstup\u016f z\u00a0projektu<br \/>\n<a href=\"mailto:hasek@pf.jcu.cz\">hasek@pf.jcu.cz<\/a><\/p>\n<p><strong>RNDr. Vladim\u00edra Petr\u00e1\u0161kov\u00e1, Ph.D.<\/strong><br \/>\nmana\u017eerka projektov\u00fdch aktivit \u2013 koordin\u00e1torka skupiny z\u00e1kladn\u00edch \u0161kol<br \/>\n<a href=\"mailto:petrasek@pf.jcu.cz\">petrasek@pf.jcu.cz<\/a><\/p>\n<p><strong>RNDr. Libu\u0161e Samkov\u00e1, Ph.D.<\/strong><br \/>\nmana\u017eerka projektov\u00fdch aktivit \u2013 koordin\u00e1torka skupiny st\u0159edn\u00edch \u0161kol<br \/>\n<a href=\"mailto:lsamkova@pf.jcu.cz\">lsamkova@pf.jcu.cz<\/a><\/p>\n<p><strong>Mgr. Alice Gregov\u00e1<\/strong><br \/>\nkoordin\u00e1torka<br \/>\nJiho\u010desk\u00e1 hospod\u00e1\u0159sk\u00e1 komora<br \/>\n<a href=\"mailto:gregova@jhk.cz\">gregova@jhk.cz <\/a><\/p>\n<p>&nbsp;<\/p>\n<p>&nbsp;<\/p>\n","protected":false},"excerpt":{"rendered":"<p>Mgr. Dagmar Jord\u00e1nov\u00e1 hlavn\u00ed mana\u017eerka projektu melicd00@pf.jcu.cz prof. RNDr. Pavel Pech, CSc. mana\u017eer projektov\u00fdch aktivit \u2013 metodick\u00fd koordin\u00e1tor pech@pf.jcu.cz Mgr. Roman Ha\u0161ek, Ph.D. mana\u017eer projektov\u00fdch aktivit \u2013 koordin\u00e1tor v\u00fdstup\u016f z\u00a0projektu hasek@pf.jcu.cz RNDr. Vladim\u00edra Petr\u00e1\u0161kov\u00e1, Ph.D. mana\u017eerka projektov\u00fdch aktivit \u2013 koordin\u00e1torka skupiny z\u00e1kladn\u00edch \u0161kol petrasek@pf.jcu.cz RNDr. Libu\u0161e Samkov\u00e1, Ph.D. mana\u017eerka projektov\u00fdch aktivit \u2013 koordin\u00e1torka skupiny st\u0159edn\u00edch [&hellip;]<\/p>\n","protected":false},"author":1,"featured_media":0,"parent":0,"menu_order":0,"comment_status":"open","ping_status":"open","template":"","meta":{"_et_pb_use_builder":"","_et_pb_old_content":"","footnotes":""},"class_list":["post-25","page","type-page","status-publish","hentry"],"_links":{"self":[{"href":"https:\/\/home.pf.jcu.cz\/~matematech\/wp-json\/wp\/v2\/pages\/25","targetHints":{"allow":["GET"]}}],"collection":[{"href":"https:\/\/home.pf.jcu.cz\/~matematech\/wp-json\/wp\/v2\/pages"}],"about":[{"href":"https:\/\/home.pf.jcu.cz\/~matematech\/wp-json\/wp\/v2\/types\/page"}],"author":[{"embeddable":true,"href":"https:\/\/home.pf.jcu.cz\/~matematech\/wp-json\/wp\/v2\/users\/1"}],"replies":[{"embeddable":true,"href":"https:\/\/home.pf.jcu.cz\/~matematech\/wp-json\/wp\/v2\/comments?post=25"}],"version-history":[{"count":4,"href":"https:\/\/home.pf.jcu.cz\/~matematech\/wp-json\/wp\/v2\/pages\/25\/revisions"}],"predecessor-version":[{"id":1679,"href":"https:\/\/home.pf.jcu.cz\/~matematech\/wp-json\/wp\/v2\/pages\/25\/revisions\/1679"}],"wp:attachment":[{"href":"https:\/\/home.pf.jcu.cz\/~matematech\/wp-json\/wp\/v2\/media?parent=25"}],"curies":[{"name":"wp","href":"https:\/\/api.w.org\/{rel}","templated":true}]}}