{"id":2,"date":"2020-09-12T22:48:27","date_gmt":"2020-09-12T20:48:27","guid":{"rendered":"http:\/\/home.pf.jcu.cz\/~stem\/?page_id=2"},"modified":"2026-04-07T10:42:14","modified_gmt":"2026-04-07T08:42:14","slug":"zkusebni-stranka","status":"publish","type":"page","link":"https:\/\/home.pf.jcu.cz\/~stem\/2020\/","title":{"rendered":"Konference STEM vzd\u011bl\u00e1v\u00e1n\u00ed"},"content":{"rendered":"\n<p>Toto je archivn\u00ed str\u00e1nka, mo\u017en\u00e1 hled\u00e1te Aktu\u00e1ln\u00ed ro\u010dn\u00edk <a href=\"http:\/\/home.pf.jcu.cz\/~stem\">konference STEM vzd\u011bl\u00e1v\u00e1n\u00ed<\/a>.<\/p>\n\n\n\n<h4 class=\"wp-block-heading\" id=\"6-8-october-2020\">24. listopadu 2020<\/h4>\n\n\n\n<p>Prvn\u00ed konference v\u011bnovan\u00e1 STEM (Science, Technology, Engineering, and Mathematics) vzd\u011bl\u00e1v\u00e1n\u00ed na Jiho\u010desk\u00e9 univerzit\u011b v&nbsp;\u010cesk\u00fdch Bud\u011bjovic\u00edch je po\u0159\u00e1d\u00e1na s&nbsp;c\u00edlem shrom\u00e1\u017edit dom\u00e1c\u00ed i zahrani\u010dn\u00ed odborn\u00edky na vzd\u011bl\u00e1v\u00e1n\u00ed a p\u0159\u00edpravu u\u010ditel\u016f z\u00e1kladn\u00edch a st\u0159edn\u00edch \u0161kol k v\u00fdm\u011bn\u011b zku\u0161enost\u00ed a spole\u010dn\u00e9 diskusi nad teoretick\u00fdmi v\u00fdchodisky, organiza\u010dn\u00edmi postupy a o\u010dek\u00e1van\u00fdmi c\u00edli implementace princip\u016f STEM vzd\u011bl\u00e1v\u00e1n\u00ed do kurikula z\u00e1kladn\u00ed a st\u0159edn\u00ed \u0161koly a do p\u0159\u00edpravy budouc\u00edch u\u010ditel\u016f souvisej\u00edc\u00edch p\u0159edm\u011bt\u016f.<\/p>\n\n\n\n<p><strong>Jednodenn\u00ed konference se kon\u00e1 v\u00a0\u00fater\u00fd 24. listopadu 2020 online formou <strong>v\u00a0\u010dase od 9 do 16:30 hodin (pro informace o\u00a0p\u0159ipojen\u00ed se pros\u00edm obra\u0165te na n\u00ed\u017ee uvedenou kontaktn\u00ed e-mailovou adresu).<\/strong><\/strong> <strong>Je organizov\u00e1na a technicky zaji\u0161\u0165ov\u00e1na Pedagogickou fakultou Jiho\u010desk\u00e9 univerzity v \u010cesk\u00fdch Bud\u011bjovic\u00edch.<\/strong> Jednac\u00edmi jazyky jsou \u010de\u0161tina a angli\u010dtina. Detailn\u00ed program konference je uveden <a href=\"https:\/\/home.pf.jcu.cz\/~stem\/2020\/?page_id=36\">zde<\/a><\/p>\n\n\n\n<h5 class=\"wp-block-heading\" id=\"conference-format\">Hlavn\u00ed p\u0159edn\u00e1\u0161ej\u00edc\u00ed<\/h5>\n\n\n\n<div class=\"wp-block-group\"><div class=\"wp-block-group__inner-container is-layout-flow wp-block-group-is-layout-flow\">\n<div class=\"wp-block-group\"><div class=\"wp-block-group__inner-container is-layout-flow wp-block-group-is-layout-flow\">\n<ul class=\"wp-block-list\">\n<li><a href=\"https:\/\/home.pf.jcu.cz\/~stem\/2020\/?p=193\" data-type=\"post\" data-id=\"193\" target=\"_blank\" rel=\"noreferrer noopener\">doc. RNDr. Helena Koldov\u00e1, Ph.D.<\/a>, <br><em>Pedagogick\u00e1 fakulta Jiho\u010desk\u00e9 univerzity<\/em>, <\/li>\n\n\n\n<li><a href=\"https:\/\/home.pf.jcu.cz\/~stem\/2020\/?p=185\" data-type=\"link\" data-id=\"https:\/\/home.pf.jcu.cz\/~stem\/2020\/?p=185\" target=\"_blank\" rel=\"noreferrer noopener\">Univ.-Prof. Zsolt Lavicza, Ph.D.<\/a>, <br><em>Johannes Kepler Universit\u00e4t Linz<\/em>,<\/li>\n\n\n\n<li><a href=\"https:\/\/home.pf.jcu.cz\/~stem\/2020\/?p=202\" data-type=\"post\" data-id=\"202\" target=\"_blank\" rel=\"noreferrer noopener\">prof. PhDr. Mgr. Tom\u00e1\u0161 Jan\u00edk, Ph.D.<\/a>, <br><em>Masarykova univerzita, Brno<\/em>,<\/li>\n\n\n\n<li><a href=\"https:\/\/home.pf.jcu.cz\/~stem\/2020\/?p=175\" data-type=\"link\" data-id=\"https:\/\/home.pf.jcu.cz\/~stem\/2020\/?p=175\" target=\"_blank\" rel=\"noreferrer noopener\">Jose Manuel Diego Mantec\u00f3n, Ph.D.<\/a>, <br><em>Universidad de Cantabria.<\/em><\/li>\n<\/ul>\n<\/div><\/div>\n<\/div><\/div>\n\n\n\n<h5 class=\"wp-block-heading\">Form\u00e1t konference<\/h5>\n\n\n\n<p>Konference bude vzhledem k opat\u0159en\u00edm proti \u0161\u00ed\u0159en\u00ed nemoci covid-19 po\u0159\u00e1d\u00e1na online formou s vyu\u017eit\u00edm syst\u00e9mu MS Teams. Pro z\u00edsk\u00e1n\u00ed p\u0159\u00edstupu se pros\u00edm obra\u0165te na n\u00ed\u017ee uveden\u00fd kontakt.  <\/p>\n\n\n\n<h5 class=\"wp-block-heading\">Podpora<\/h5>\n\n\n\n<p>Konference je organizov\u00e1na za podpory Jiho\u010desk\u00e9 univerzity v \u010cesk\u00fdch Bud\u011bjovic\u00edch a Jednoty \u010desk\u00fdch matematik\u016f a fyzik\u016f.<\/p>\n\n\n\n<p class=\"has-text-align-right\"><\/p>\n","protected":false},"excerpt":{"rendered":"<p>Toto je archivn\u00ed str\u00e1nka, mo\u017en\u00e1 hled\u00e1te Aktu\u00e1ln\u00ed ro\u010dn\u00edk konference STEM vzd\u011bl\u00e1v\u00e1n\u00ed. 24. listopadu 2020 Prvn\u00ed konference v\u011bnovan\u00e1 STEM (Science, Technology, Engineering, and Mathematics) vzd\u011bl\u00e1v\u00e1n\u00ed na Jiho\u010desk\u00e9 univerzit\u011b v&nbsp;\u010cesk\u00fdch Bud\u011bjovic\u00edch je po\u0159\u00e1d\u00e1na s&nbsp;c\u00edlem shrom\u00e1\u017edit dom\u00e1c\u00ed i zahrani\u010dn\u00ed odborn\u00edky na vzd\u011bl\u00e1v\u00e1n\u00ed a p\u0159\u00edpravu u\u010ditel\u016f z\u00e1kladn\u00edch a st\u0159edn\u00edch \u0161kol k v\u00fdm\u011bn\u011b zku\u0161enost\u00ed a spole\u010dn\u00e9 diskusi nad teoretick\u00fdmi v\u00fdchodisky, [&hellip;]<\/p>\n","protected":false},"author":1,"featured_media":0,"parent":0,"menu_order":0,"comment_status":"closed","ping_status":"open","template":"","meta":{"footnotes":""},"class_list":["post-2","page","type-page","status-publish","hentry"],"_links":{"self":[{"href":"https:\/\/home.pf.jcu.cz\/~stem\/2020\/index.php?rest_route=\/wp\/v2\/pages\/2","targetHints":{"allow":["GET"]}}],"collection":[{"href":"https:\/\/home.pf.jcu.cz\/~stem\/2020\/index.php?rest_route=\/wp\/v2\/pages"}],"about":[{"href":"https:\/\/home.pf.jcu.cz\/~stem\/2020\/index.php?rest_route=\/wp\/v2\/types\/page"}],"author":[{"embeddable":true,"href":"https:\/\/home.pf.jcu.cz\/~stem\/2020\/index.php?rest_route=\/wp\/v2\/users\/1"}],"replies":[{"embeddable":true,"href":"https:\/\/home.pf.jcu.cz\/~stem\/2020\/index.php?rest_route=%2Fwp%2Fv2%2Fcomments&post=2"}],"version-history":[{"count":40,"href":"https:\/\/home.pf.jcu.cz\/~stem\/2020\/index.php?rest_route=\/wp\/v2\/pages\/2\/revisions"}],"predecessor-version":[{"id":271,"href":"https:\/\/home.pf.jcu.cz\/~stem\/2020\/index.php?rest_route=\/wp\/v2\/pages\/2\/revisions\/271"}],"wp:attachment":[{"href":"https:\/\/home.pf.jcu.cz\/~stem\/2020\/index.php?rest_route=%2Fwp%2Fv2%2Fmedia&parent=2"}],"curies":[{"name":"wp","href":"https:\/\/api.w.org\/{rel}","templated":true}]}}