{"id":36,"date":"2020-09-17T17:19:56","date_gmt":"2020-09-17T15:19:56","guid":{"rendered":"http:\/\/home.pf.jcu.cz\/~stem\/?page_id=36"},"modified":"2026-04-07T10:53:59","modified_gmt":"2026-04-07T08:53:59","slug":"program","status":"publish","type":"page","link":"https:\/\/home.pf.jcu.cz\/~stem\/2020\/?page_id=36","title":{"rendered":"Program"},"content":{"rendered":"\n<h4 class=\"wp-block-heading\">24. listopadu \/ November 24th, 2020<\/h4>\n\n\n\n<ul class=\"wp-block-list\">\n<li>8:30 &#8211; 9:00 Registrace\/Registration<\/li>\n\n\n\n<li>9:00 &#8211; 9:15 Zah\u00e1jen\u00ed\/Welcome<\/li>\n\n\n\n<li>9:15 &#8211; 10:00 <br><a href=\"https:\/\/home.pf.jcu.cz\/~stem\/2020\/?p=193\" data-type=\"post\" data-id=\"193\" target=\"_blank\" rel=\"noreferrer noopener\"><em>Helena Koldov\u00e1<\/em><\/a><br>University of South Bohemia, Faculty of Education <br><strong><a href=\"https:\/\/home.pf.jcu.cz\/~stem\/2020\/?p=159\" data-type=\"post\" data-id=\"159\" target=\"_blank\" rel=\"noreferrer noopener\">Integrovan\u00e1 v\u00fduka, interdisciplin\u00e1rn\u00ed nebo multidisciplin\u00e1rn\u00ed p\u0159\u00edstup nebo tak\u00e9 mezip\u0159edm\u011btov\u00e9 vztahy<\/a><\/strong><\/li>\n\n\n\n<li>10:00 &#8211; 11:00 <br><em><a href=\"https:\/\/home.pf.jcu.cz\/~stem\/2020\/?p=202\" data-type=\"post\" data-id=\"202\" target=\"_blank\" rel=\"noreferrer noopener\">Tom\u00e1\u0161 Jan\u00edk<\/a><\/em> <br>Masaryk University, Faculty of Education<br><strong><a href=\"https:\/\/home.pf.jcu.cz\/~stem\/2020\/?p=167\" data-type=\"post\" data-id=\"167\" target=\"_blank\" rel=\"noreferrer noopener\">Didaktika jako profesn\u00ed v\u011bda pro u\u010ditele<\/a><\/strong><\/li>\n\n\n\n<li>11:00 &#8211; 11:30 P\u0159est\u00e1vka\/Coffee<\/li>\n\n\n\n<li>11:30 &#8211; 12:30 <br><em><a href=\"https:\/\/home.pf.jcu.cz\/~stem\/2020\/?p=185\" data-type=\"post\" data-id=\"185\" target=\"_blank\" rel=\"noreferrer noopener\">Zsolt Lavicza<\/a><\/em> <br>Linz School of Education, Johannes Kepler University<br><strong><a href=\"https:\/\/home.pf.jcu.cz\/~stem\/2020\/?p=162\" data-type=\"post\" data-id=\"162\" target=\"_blank\" rel=\"noreferrer noopener\">STEAM education approaches and technological innovations to foster creativities in STEM teaching and learning<\/a><\/strong><\/li>\n\n\n\n<li>12:30 &#8211; 14:00 Ob\u011bd\/Lunch <\/li>\n\n\n\n<li>14:00 &#8211; 15:00 <br><em><a href=\"https:\/\/home.pf.jcu.cz\/~stem\/2020\/?p=175\" data-type=\"post\" data-id=\"175\" target=\"_blank\" rel=\"noreferrer noopener\">Jose Manuel Diego Mantec\u00f3n<\/a><\/em> <br>University of Cantabria<br><strong><a href=\"https:\/\/home.pf.jcu.cz\/~stem\/2020\/?p=213\" data-type=\"post\" data-id=\"213\" target=\"_blank\" rel=\"noreferrer noopener\">Implementing STEAM Activities with KIKS Format: Advantages and Handicaps<\/a><\/strong><\/li>\n\n\n\n<li>15:00 &#8211; 16:30 Kr\u00e1tk\u00e9 p\u0159\u00edsp\u011bvky\/Short contributions\n<ul class=\"wp-block-list\">\n<li><em>Luk\u00e1\u0161 Rokos<\/em><br>Katedra biologie, PF JU<br><strong><a href=\"https:\/\/home.pf.jcu.cz\/~stem\/2020\/?p=234\" data-type=\"post\" data-id=\"234\">Lze \u00falohy respektuj\u00edc\u00ed koncept STEM za\u0159adit do sou\u010dasn\u00e9 v\u00fduky p\u0159\u00edrodopisu na z\u00e1kladn\u00ed \u0161kole? Konkr\u00e9tn\u00ed uk\u00e1zka na p\u0159\u00edkladu u\u010diva biologie \u010dlov\u011bka<\/a><a href=\"https:\/\/home.pf.jcu.cz\/~stem\/2020\/11\/23\/lze-ulohy-respektujici-koncept-stem-zaradit-do-soucasne-vyuky-prirodopisu-na-zakladni-skole-konkretni-ukazka-na-prikladu-uciva-biologie-cloveka\/\" data-type=\"post\" data-id=\"234\">.<\/a><\/strong><\/li>\n\n\n\n<li><em>Libu\u0161e Samkov\u00e1<\/em><br>Katedra matematiky, PF JU<br><strong><a href=\"https:\/\/home.pf.jcu.cz\/~stem\/2020\/?p=238\" data-type=\"post\" data-id=\"238\">STEM a matematika<\/a><\/strong><a href=\"https:\/\/home.pf.jcu.cz\/~stem\/2020\/11\/23\/stem-a-matematika\/\" data-type=\"post\" data-id=\"238\">.<\/a><\/li>\n\n\n\n<li><em>Lubom\u00edr Svoboda<\/em><br>Katedra aplikovan\u00e9 chemie, ZF JU<br><a href=\"https:\/\/home.pf.jcu.cz\/~stem\/2020\/?p=242\" data-type=\"post\" data-id=\"242\"><strong>Vyu\u017eit\u00ed projektu Antonicus pro STEM vzd\u011bl\u00e1v\u00e1n\u00ed<\/strong>.<\/a><\/li>\n\n\n\n<li><em>Ji\u0159\u00ed Van\u00ed\u010dek<\/em><br>Katedra informatiky, PF JU<br><strong><a href=\"https:\/\/home.pf.jcu.cz\/~stem\/2020\/?p=228\" data-type=\"post\" data-id=\"228\">Potenci\u00e1l informatiky pro didaktiku STEM.<\/a><\/strong><\/li>\n<\/ul>\n<\/li>\n\n\n\n<li>16:30 Ukon\u010den\u00ed\/Closing <\/li>\n<\/ul>\n\n\n\n<p><\/p>\n","protected":false},"excerpt":{"rendered":"<p>24. listopadu \/ November 24th, 2020<\/p>\n","protected":false},"author":1,"featured_media":0,"parent":0,"menu_order":0,"comment_status":"closed","ping_status":"closed","template":"","meta":{"footnotes":""},"class_list":["post-36","page","type-page","status-publish","hentry"],"_links":{"self":[{"href":"https:\/\/home.pf.jcu.cz\/~stem\/2020\/index.php?rest_route=\/wp\/v2\/pages\/36","targetHints":{"allow":["GET"]}}],"collection":[{"href":"https:\/\/home.pf.jcu.cz\/~stem\/2020\/index.php?rest_route=\/wp\/v2\/pages"}],"about":[{"href":"https:\/\/home.pf.jcu.cz\/~stem\/2020\/index.php?rest_route=\/wp\/v2\/types\/page"}],"author":[{"embeddable":true,"href":"https:\/\/home.pf.jcu.cz\/~stem\/2020\/index.php?rest_route=\/wp\/v2\/users\/1"}],"replies":[{"embeddable":true,"href":"https:\/\/home.pf.jcu.cz\/~stem\/2020\/index.php?rest_route=%2Fwp%2Fv2%2Fcomments&post=36"}],"version-history":[{"count":35,"href":"https:\/\/home.pf.jcu.cz\/~stem\/2020\/index.php?rest_route=\/wp\/v2\/pages\/36\/revisions"}],"predecessor-version":[{"id":277,"href":"https:\/\/home.pf.jcu.cz\/~stem\/2020\/index.php?rest_route=\/wp\/v2\/pages\/36\/revisions\/277"}],"wp:attachment":[{"href":"https:\/\/home.pf.jcu.cz\/~stem\/2020\/index.php?rest_route=%2Fwp%2Fv2%2Fmedia&parent=36"}],"curies":[{"name":"wp","href":"https:\/\/api.w.org\/{rel}","templated":true}]}}