{"id":7,"date":"2020-09-12T23:04:13","date_gmt":"2020-09-12T21:04:13","guid":{"rendered":"http:\/\/home.pf.jcu.cz\/~stem\/?page_id=7"},"modified":"2020-09-30T00:04:44","modified_gmt":"2020-09-29T22:04:44","slug":"kontakt","status":"publish","type":"page","link":"https:\/\/home.pf.jcu.cz\/~stem\/2020\/?page_id=7","title":{"rendered":"Kontakt"},"content":{"rendered":"\n<p>doc. RNDr. Vladim\u00edra Petr\u00e1\u0161kov\u00e1, Ph.D., petrasek@pf.jcu.cz<\/p>\n\n\n\n<p>Mgr. Roman Ha\u0161ek, Ph.D., hasek@pf.jcu.cz<\/p>\n\n\n\n<p>Jiho\u010desk\u00e1 univerzita v \u010cesk\u00fdch Bud\u011bjovic\u00edch<br>Pedagogick\u00e1 fakulta<br>Katedra matematiky<br>Jeron\u00fdmova 10<br>371 15 \u010cesk\u00e9 Bud\u011bjovice<\/p>\n","protected":false},"excerpt":{"rendered":"<p>doc. RNDr. Vladim\u00edra Petr\u00e1\u0161kov\u00e1, Ph.D., petrasek@pf.jcu.cz Mgr. Roman Ha\u0161ek, Ph.D., hasek@pf.jcu.cz Jiho\u010desk\u00e1 univerzita v \u010cesk\u00fdch Bud\u011bjovic\u00edchPedagogick\u00e1 fakultaKatedra matematikyJeron\u00fdmova 10371 15 \u010cesk\u00e9 Bud\u011bjovice<\/p>\n","protected":false},"author":1,"featured_media":0,"parent":0,"menu_order":0,"comment_status":"closed","ping_status":"closed","template":"","meta":{"footnotes":""},"class_list":["post-7","page","type-page","status-publish","hentry"],"_links":{"self":[{"href":"https:\/\/home.pf.jcu.cz\/~stem\/2020\/index.php?rest_route=\/wp\/v2\/pages\/7","targetHints":{"allow":["GET"]}}],"collection":[{"href":"https:\/\/home.pf.jcu.cz\/~stem\/2020\/index.php?rest_route=\/wp\/v2\/pages"}],"about":[{"href":"https:\/\/home.pf.jcu.cz\/~stem\/2020\/index.php?rest_route=\/wp\/v2\/types\/page"}],"author":[{"embeddable":true,"href":"https:\/\/home.pf.jcu.cz\/~stem\/2020\/index.php?rest_route=\/wp\/v2\/users\/1"}],"replies":[{"embeddable":true,"href":"https:\/\/home.pf.jcu.cz\/~stem\/2020\/index.php?rest_route=%2Fwp%2Fv2%2Fcomments&post=7"}],"version-history":[{"count":2,"href":"https:\/\/home.pf.jcu.cz\/~stem\/2020\/index.php?rest_route=\/wp\/v2\/pages\/7\/revisions"}],"predecessor-version":[{"id":112,"href":"https:\/\/home.pf.jcu.cz\/~stem\/2020\/index.php?rest_route=\/wp\/v2\/pages\/7\/revisions\/112"}],"wp:attachment":[{"href":"https:\/\/home.pf.jcu.cz\/~stem\/2020\/index.php?rest_route=%2Fwp%2Fv2%2Fmedia&parent=7"}],"curies":[{"name":"wp","href":"https:\/\/api.w.org\/{rel}","templated":true}]}}