{"id":70,"date":"2020-09-18T01:44:23","date_gmt":"2020-09-17T23:44:23","guid":{"rendered":"http:\/\/home.pf.jcu.cz\/~stem\/konference-stem-vzdelavani-english\/"},"modified":"2026-04-07T10:44:22","modified_gmt":"2026-04-07T08:44:22","slug":"konference-stem-vzdelavani-english","status":"publish","type":"page","link":"https:\/\/home.pf.jcu.cz\/~stem\/2020\/?lang=en","title":{"rendered":"STEM education conference"},"content":{"rendered":"\n<h4 class=\"wp-block-heading\" id=\"6-8-october-2020\">24. November 2020<\/h4>\n\n\n\n<p>The first STEM education conference organized at the University of South Bohemia in Ceske Budejovice is intended as an opportunity for a meeting of experts on education and teacher training, both domestic and foreign, to exchange their experiences and discuss the theoretical basis, organizational principles and expected goals of the implementation of the principles of STEM education in elementary and secondary school\u2019s curriculum and in the training of teachers of related subjects at these schools.<\/p>\n\n\n\n<p><strong>This one-day conference will be held online on Tuesday, November 24, 2020 from 9 a.m. to 4:30 p.m. (for information on connection please send an e-mail to the contact below)<\/strong>. <strong>It is organized by<\/strong> <strong>the Faculty of Education, University of South Bohemia.<\/strong> Official languages of the conference will be Czech and English. A detailed program can be found <a rel=\"noreferrer noopener\" href=\"http:\/\/home.pf.jcu.cz\/~stem\/program\/\" target=\"_blank\">here<\/a>.<\/p>\n\n\n\n<h5 class=\"wp-block-heading\" id=\"conference-format\">Invited lecturers<\/h5>\n\n\n\n<ul class=\"wp-block-list\">\n<li><a href=\"https:\/\/home.pf.jcu.cz\/~stem\/2020\/?p=193\" data-type=\"post\" data-id=\"193\" target=\"_blank\" rel=\"noreferrer noopener\">doc. RNDr. Helena Koldov\u00e1, Ph.D.<\/a>,<br><em>Pedagogick\u00e1 fakulta Jiho\u010desk\u00e9 univerzity<\/em>, <\/li>\n\n\n\n<li><a href=\"https:\/\/home.pf.jcu.cz\/~stem\/2020\/?p=185\" data-type=\"post\" data-id=\"185\" target=\"_blank\" rel=\"noreferrer noopener\">Univ.-Prof. Zsolt Lavicza, Ph.D.<\/a>,<br><em>Johannes Kepler Universit\u00e4t Linz<\/em>, <\/li>\n\n\n\n<li><a href=\"https:\/\/home.pf.jcu.cz\/~stem\/2020\/?p=202\" data-type=\"post\" data-id=\"202\" target=\"_blank\" rel=\"noreferrer noopener\">prof. PhDr. Mgr. Tom\u00e1\u0161 Jan\u00edk, Ph.D.<\/a>,<br><em>Masarykova univerzita, Brno<\/em>,<\/li>\n\n\n\n<li><a href=\"https:\/\/home.pf.jcu.cz\/~stem\/2020\/?p=175\" data-type=\"link\" data-id=\"https:\/\/home.pf.jcu.cz\/~stem\/2020\/?p=175\" target=\"_blank\" rel=\"noreferrer noopener\">Jose Manuel Diego Mantec\u00f3n, Ph.D.<\/a>,<br><em>Universidad de Cantabria.<\/em><\/li>\n<\/ul>\n\n\n\n<h5 class=\"wp-block-heading\">Conference format<\/h5>\n\n\n\n<p>The conference is online due to the ongoing measures against covid 19. Please contact the e-mail address below to get information on connection.<\/p>\n\n\n\n<h5 class=\"wp-block-heading\">Support<\/h5>\n\n\n\n<p>The conference is organized with the support of the University of South Bohemia in \u010cesk\u00e9 Bud\u011bjovice and the Union of Czech Mathematicians and Physicists.<\/p>\n","protected":false},"excerpt":{"rendered":"<p>24. November 2020 The first STEM education conference organized at the University of South Bohemia in Ceske Budejovice is intended as an opportunity for a meeting of experts on education and teacher training, both domestic and foreign, to exchange their experiences and discuss the theoretical basis, organizational principles and expected goals of the implementation of [&hellip;]<\/p>\n","protected":false},"author":1,"featured_media":0,"parent":0,"menu_order":0,"comment_status":"closed","ping_status":"closed","template":"","meta":{"footnotes":""},"class_list":["post-70","page","type-page","status-publish","hentry"],"_links":{"self":[{"href":"https:\/\/home.pf.jcu.cz\/~stem\/2020\/index.php?rest_route=\/wp\/v2\/pages\/70","targetHints":{"allow":["GET"]}}],"collection":[{"href":"https:\/\/home.pf.jcu.cz\/~stem\/2020\/index.php?rest_route=\/wp\/v2\/pages"}],"about":[{"href":"https:\/\/home.pf.jcu.cz\/~stem\/2020\/index.php?rest_route=\/wp\/v2\/types\/page"}],"author":[{"embeddable":true,"href":"https:\/\/home.pf.jcu.cz\/~stem\/2020\/index.php?rest_route=\/wp\/v2\/users\/1"}],"replies":[{"embeddable":true,"href":"https:\/\/home.pf.jcu.cz\/~stem\/2020\/index.php?rest_route=%2Fwp%2Fv2%2Fcomments&post=70"}],"version-history":[{"count":14,"href":"https:\/\/home.pf.jcu.cz\/~stem\/2020\/index.php?rest_route=\/wp\/v2\/pages\/70\/revisions"}],"predecessor-version":[{"id":272,"href":"https:\/\/home.pf.jcu.cz\/~stem\/2020\/index.php?rest_route=\/wp\/v2\/pages\/70\/revisions\/272"}],"wp:attachment":[{"href":"https:\/\/home.pf.jcu.cz\/~stem\/2020\/index.php?rest_route=%2Fwp%2Fv2%2Fmedia&parent=70"}],"curies":[{"name":"wp","href":"https:\/\/api.w.org\/{rel}","templated":true}]}}