{"id":140,"date":"2020-09-12T22:48:27","date_gmt":"2020-09-12T20:48:27","guid":{"rendered":"http:\/\/home.pf.jcu.cz\/~stem\/?page_id=2"},"modified":"2024-04-02T03:51:41","modified_gmt":"2024-04-02T01:51:41","slug":"zkusebni-stranka-2","status":"publish","type":"page","link":"https:\/\/home.pf.jcu.cz\/~stem\/2022\/","title":{"rendered":"Konference STEM vzd\u011bl\u00e1v\u00e1n\u00ed"},"content":{"rendered":"\n<p>Toto je archivn\u00ed str\u00e1nka, mo\u017en\u00e1 hled\u00e1te Aktu\u00e1ln\u00ed ro\u010dn\u00edk <a href=\"http:\/\/home.pf.jcu.cz\/~stem\">konference STEM vzd\u011bl\u00e1v\u00e1n\u00ed<\/a>.<\/p>\n\n\n\n<h4 class=\"wp-block-heading\" id=\"6-8-october-2020\">24.\u201325. listopadu 2022<\/h4>\n\n\n\n<p>Druh\u00e1 konference v\u011bnovan\u00e1 STEM (Science, Technology, Engineering, and Mathematics) vzd\u011bl\u00e1v\u00e1n\u00ed na Jiho\u010desk\u00e9 univerzit\u011b v&nbsp;\u010cesk\u00fdch Bud\u011bjovic\u00edch je po\u0159\u00e1d\u00e1na s&nbsp;c\u00edlem shrom\u00e1\u017edit dom\u00e1c\u00ed i zahrani\u010dn\u00ed odborn\u00edky na vzd\u011bl\u00e1v\u00e1n\u00ed a p\u0159\u00edpravu u\u010ditel\u016f z\u00e1kladn\u00edch a st\u0159edn\u00edch \u0161kol k v\u00fdm\u011bn\u011b zku\u0161enost\u00ed a spole\u010dn\u00e9 diskusi nad teoretick\u00fdmi v\u00fdchodisky, organiza\u010dn\u00edmi postupy a o\u010dek\u00e1van\u00fdmi c\u00edli implementace princip\u016f STEM vzd\u011bl\u00e1v\u00e1n\u00ed do kurikula z\u00e1kladn\u00ed a st\u0159edn\u00ed \u0161koly a do p\u0159\u00edpravy budouc\u00edch u\u010ditel\u016f souvisej\u00edc\u00edch p\u0159edm\u011bt\u016f.<\/p>\n\n\n\n<p><strong>Dvoudenn\u00ed konference se kon\u00e1 ve dnech 24. a 25. listopadu 2022 hybridn\u00ed formou (prezen\u010dn\u011b, i online v&nbsp;prost\u0159ed\u00ed MS Teams) v prostor\u00e1ch Pedagogick\u00e9 fakulty Jiho\u010desk\u00e9 univerzity \u010cesk\u00fdch Bud\u011bjovic\u00edch, konkr\u00e9tn\u011b v&nbsp;budov\u00e1ch Dukelsk\u00e1 9 a Jeron\u00fdmova 10. <\/strong><\/p>\n\n\n\n<p><strong>Konference je akreditov\u00e1na M\u0160MT \u010cR jako sou\u010d\u00e1st dal\u0161\u00edho vzd\u011bl\u00e1v\u00e1n\u00ed u\u010ditel\u016f. Akreditace byla ud\u011blena pod \u010d.&nbsp;j.: MSMT- 14720\/2022-4-508.<\/strong><\/p>\n\n\n\n<p>Jednac\u00edmi jazyky jsou \u010de\u0161tina a angli\u010dtina. <\/p>\n\n\n\n<h5 class=\"wp-block-heading\">D\u016fle\u017eit\u00e9 term\u00edny<\/h5>\n\n\n\n<ul class=\"wp-block-list\"><li>do  30. 9. \u2013 mo\u017enost p\u0159ihl\u00e1\u0161en\u00ed workshopu <br>(p\u0159ihl\u00e1\u0161en\u00ed prob\u00edh\u00e1 elektronicky, prost\u0159ednictv\u00edm registra\u010dn\u00edho formul\u00e1\u0159e)<\/li><li>do 14. 10. \u2013 vyrozum\u011bn\u00ed, zda byl workshop akceptov\u00e1n<\/li><li><strong>do 1. 11. \u2013 mo\u017enost registrace p\u0159i platb\u011b sn\u00ed\u017een\u00e9ho vlo\u017en\u00e9ho 300 K\u010d<\/strong> <br>(registrace prob\u00edh\u00e1 elektronicky, viz odkaz Registrace)<\/li><li>od 2. 11. \u2013 registrace s platbou pln\u00e9ho vlo\u017en\u00e9ho 400 K\u010d<\/li><li><strong>24. 11., 10:00 \u2013 zah\u00e1jen\u00ed konference<\/strong><\/li><li>25. 11., 16:00 \u2013 ukon\u010den\u00ed konference<\/li><\/ul>\n\n\n\n<h5 class=\"wp-block-heading\" id=\"conference-format\">Hlavn\u00ed p\u0159edn\u00e1\u0161ej\u00edc\u00ed<\/h5>\n\n\n\n<div class=\"wp-block-group\"><div class=\"wp-block-group__inner-container is-layout-flow wp-block-group-is-layout-flow\">\n<div class=\"wp-block-group\"><div class=\"wp-block-group__inner-container is-layout-flow wp-block-group-is-layout-flow\">\n<ul class=\"wp-block-list\"><li><strong><a rel=\"noreferrer noopener\" href=\"https:\/\/home.pf.jcu.cz\/~stem\/2022\/erin-marie-furtak\/\" data-type=\"URL\" target=\"_blank\">prof. Erin Marie Furtak, Ph.D.<\/a><\/strong> <br><em>University of Colorado Boulder<\/em><br><a rel=\"noreferrer noopener\" href=\"https:\/\/home.pf.jcu.cz\/~stem\/2022\/assessment-in-stem-education\/\" data-type=\"URL\" target=\"_blank\">Assessing Science Content and Inquiry<\/a><\/li><li><a rel=\"noreferrer noopener\" href=\"https:\/\/home.pf.jcu.cz\/~stem\/2022\/martin-rusek\/\" data-type=\"URL\" target=\"_blank\"><strong>doc. PhDr. Martin Rusek, Ph.D.<\/strong><\/a><br><em>Univerzita Karlova<\/em><br><a rel=\"noreferrer noopener\" href=\"https:\/\/home.pf.jcu.cz\/~stem\/2022\/jak-prispiva-eye-tracking-ke-zjistovani-schopnosti-studentu-resit-stem-problemove-ulohy\/\" data-type=\"URL\" target=\"_blank\">Jak p\u0159isp\u00edv\u00e1 eye-tracking ke zji\u0161\u0165ov\u00e1n\u00ed schopnosti student\u016f \u0159e\u0161it STEM&nbsp; probl\u00e9mov\u00e9 \u00falohy?<\/a><\/li><li><a rel=\"noreferrer noopener\" href=\"https:\/\/home.pf.jcu.cz\/~stem\/2022\/eliza-rybska\/\" data-type=\"URL\" target=\"_blank\"><strong>doc. Eliza Rybska, Ph.D.<\/strong> <\/a><br><em>Adam Mickiewicz University<\/em><br><a rel=\"noreferrer noopener\" href=\"https:\/\/home.pf.jcu.cz\/~stem\/2022\/using-drawings-to-understand-students-ideas-and-learn-in-stem\/\" data-type=\"URL\" target=\"_blank\">Using drawings to understand students\u2019 ideas and learn in STEM<\/a><\/li><li><a rel=\"noreferrer noopener\" href=\"https:\/\/home.pf.jcu.cz\/~stem\/2022\/jiri-vanicek\/\" data-type=\"URL\" target=\"_blank\"><strong>doc. PaedDr. Ji\u0159\u00ed Van\u00ed\u010dek, Ph.D.<\/strong> <\/a><br><em>Jiho\u010desk\u00e1 univerzita v \u010cesk\u00fdch Bud\u011bjovic\u00edch<\/em> <br><a href=\"https:\/\/home.pf.jcu.cz\/~stem\/2022\/potencial-informatiky-pro-stem-vzdelavani\/\" data-type=\"URL\" target=\"_blank\" rel=\"noreferrer noopener\">Potenci\u00e1l informatiky p<\/a><a rel=\"noreferrer noopener\" href=\"https:\/\/home.pf.jcu.cz\/~stem\/2022\/potencial-informatiky-pro-stem-vzdelavani\/\" data-type=\"URL\" target=\"_blank\">ro S<\/a><a href=\"https:\/\/home.pf.jcu.cz\/~stem\/2022\/potencial-informatiky-pro-stem-vzdelavani\/\" data-type=\"URL\" target=\"_blank\" rel=\"noreferrer noopener\">TEM vzd\u011bl\u00e1v\u00e1n\u00ed<\/a><\/li><\/ul>\n<\/div><\/div>\n<\/div><\/div>\n\n\n\n<h5 class=\"wp-block-heading\">Form\u00e1t konference<\/h5>\n\n\n\n<p>Konference bude po\u0159\u00e1d\u00e1na hybridn\u00ed formou s vyu\u017eit\u00edm syst\u00e9mu MS Teams.   <\/p>\n\n\n\n<h5 class=\"wp-block-heading\">Podpora<\/h5>\n\n\n\n<p>Konference je organizov\u00e1na za podpory Jiho\u010desk\u00e9 univerzity v \u010cesk\u00fdch Bud\u011bjovic\u00edch a Jednoty \u010desk\u00fdch matematik\u016f a fyzik\u016f.<\/p>\n\n\n\n<h5 class=\"wp-block-heading\">Programov\u00fd v\u00fdbor konference<\/h5>\n\n\n\n<p>Mgr. Roman Ha\u0161ek, Ph.D.<br>doc. RNDr. Helena Koldov\u00e1, Ph.D.<br>RNDr. Pavel K\u0159\u00ed\u017e, Ph.D.<br>prof. RNDr. Pavel Pech, CSc.<br>doc. RNDr. Vladim\u00edra Petr\u00e1\u0161kov\u00e1, Ph.D.<br>Mgr. Luk\u00e1\u0161 Rokos, Ph.D.<br>doc. RNDr. Libu\u0161e Samkov\u00e1, Ph.D.<br>doc. PaedDr. Ji\u0159\u00ed Van\u00ed\u010dek, Ph.D.<\/p>\n\n\n\n<h5 class=\"wp-block-heading\">Organiza\u010dn\u00ed v\u00fdbor konference<\/h5>\n\n\n\n<p>Mgr. Roman Ha\u0161ek, Ph.D.<br>RNDr. Marika Hrube\u0161ov\u00e1, Ph.D.<br>RNDr. Pavel K\u0159\u00ed\u017e, Ph.D.<br>doc. RNDr. Vladim\u00edra Petr\u00e1\u0161kov\u00e1, Ph.D.<br>Mgr. Luk\u00e1\u0161 Rokos, Ph.D.<br>doc. RNDr. Libu\u0161e Samkov\u00e1, Ph.D.<br>RNDr. Jana Vysok\u00e1, Ph.D.<br><\/p>\n\n\n\n<p class=\"has-text-align-right\"> <\/p>\n","protected":false},"excerpt":{"rendered":"<p>Toto je archivn\u00ed str\u00e1nka, mo\u017en\u00e1 hled\u00e1te Aktu\u00e1ln\u00ed ro\u010dn\u00edk konference STEM vzd\u011bl\u00e1v\u00e1n\u00ed. 24.\u201325. listopadu 2022 Druh\u00e1 konference v\u011bnovan\u00e1 STEM (Science, Technology, Engineering, and Mathematics) vzd\u011bl\u00e1v\u00e1n\u00ed na Jiho\u010desk\u00e9 univerzit\u011b v&nbsp;\u010cesk\u00fdch Bud\u011bjovic\u00edch je po\u0159\u00e1d\u00e1na s&nbsp;c\u00edlem shrom\u00e1\u017edit dom\u00e1c\u00ed i zahrani\u010dn\u00ed odborn\u00edky na vzd\u011bl\u00e1v\u00e1n\u00ed a p\u0159\u00edpravu u\u010ditel\u016f z\u00e1kladn\u00edch a st\u0159edn\u00edch \u0161kol k v\u00fdm\u011bn\u011b zku\u0161enost\u00ed a spole\u010dn\u00e9 diskusi nad teoretick\u00fdmi v\u00fdchodisky, [&hellip;]<\/p>\n","protected":false},"author":1,"featured_media":0,"parent":0,"menu_order":0,"comment_status":"closed","ping_status":"open","template":"","meta":{"footnotes":""},"class_list":["post-140","page","type-page","status-publish","hentry"],"_links":{"self":[{"href":"https:\/\/home.pf.jcu.cz\/~stem\/2022\/wp-json\/wp\/v2\/pages\/140","targetHints":{"allow":["GET"]}}],"collection":[{"href":"https:\/\/home.pf.jcu.cz\/~stem\/2022\/wp-json\/wp\/v2\/pages"}],"about":[{"href":"https:\/\/home.pf.jcu.cz\/~stem\/2022\/wp-json\/wp\/v2\/types\/page"}],"author":[{"embeddable":true,"href":"https:\/\/home.pf.jcu.cz\/~stem\/2022\/wp-json\/wp\/v2\/users\/1"}],"replies":[{"embeddable":true,"href":"https:\/\/home.pf.jcu.cz\/~stem\/2022\/wp-json\/wp\/v2\/comments?post=140"}],"version-history":[{"count":48,"href":"https:\/\/home.pf.jcu.cz\/~stem\/2022\/wp-json\/wp\/v2\/pages\/140\/revisions"}],"predecessor-version":[{"id":738,"href":"https:\/\/home.pf.jcu.cz\/~stem\/2022\/wp-json\/wp\/v2\/pages\/140\/revisions\/738"}],"wp:attachment":[{"href":"https:\/\/home.pf.jcu.cz\/~stem\/2022\/wp-json\/wp\/v2\/media?parent=140"}],"curies":[{"name":"wp","href":"https:\/\/api.w.org\/{rel}","templated":true}]}}