{"id":290,"date":"2022-04-17T01:08:42","date_gmt":"2022-04-16T23:08:42","guid":{"rendered":"http:\/\/home.pf.jcu.cz\/~stem\/?page_id=290"},"modified":"2022-04-17T01:09:59","modified_gmt":"2022-04-16T23:09:59","slug":"registrace","status":"publish","type":"page","link":"https:\/\/home.pf.jcu.cz\/~stem\/2022\/registrace\/","title":{"rendered":"Registrace"},"content":{"rendered":"\n\t\t <form action=\"https:\/\/home.pf.jcu.cz\/~stem\/2022\/wp-admin\/admin-post.php\" method=\"post\" enctype=\"multipart\/form-data\" id=\"formPrihlaska\">\r\n\t\t\t<input type=\"hidden\" name=\"action\" value=\"registrace_nova_prihlaska\">\r\n\t\t\t<table class=\"registracni_formular\">\r\n\t\t\t\t<tr>\r\n\t\t\t\t\t<td colspan=\"3\" class=\"header\">\u00da\u010dastn\u00edk  \/ Participant\r\n\t\t\t\t\t\t<input type=\"hidden\" name=\"id_ucastnika\" value=\"0\" \/>\r\n\t\t\t\t\t\t<input type=\"hidden\" name=\"akce_form\" value=\"nova_prihlaska\" \/>\r\n\t\t\t\t\t<\/td>\r\n\t\t\t\t<\/tr>\r\n\r\n\t\t\t\t<tr>\r\n\t\t\t\t\t<td class=\"smallheader\">Jm\u00e9no \/ First name:\r\n\t\t\t\t\t<td colspan=\"2\">\r\n\t\t\t\t\t\t<input type=\"text\" name=\"jmeno\" value=\"\" class=\"text\" required\t\/>\r\n\t\t\t\t\t<\/td>\r\n\t\t\t\t<\/tr>\r\n\t\t\t\t<tr>\r\n\t\t\t\t\t<td class=\"smallheader\">P\u0159\u00edjmen\u00ed \/ Last name:<\/td>\r\n\t\t\t\t\t<td colspan=\"2\">\r\n\t\t\t\t\t\t<input type=\"text\" name=\"prijmeni\" value=\"\" class=\"text\" required \/>\r\n\t\t\t\t\t<\/td>\r\n\t\t\t\t<\/tr>\r\n\t\t\t\t<tr>\r\n\t\t\t\t\t<td class=\"smallheader\">Titul(y) \/ Title, ac. degrees:<\/td>\r\n\t\t\t\t\t<td colspan=\"2\">\r\n\t\t\t\t\t\t<input type=\"text\" name=\"titul\" value=\"\" class=\"text\" \/>\r\n\t\t\t\t\t<\/td>\r\n\t\t\t\t<\/tr>\r\n\t\t\t\t<tr>\r\n\t\t\t\t\t<td class=\"smallheader\">E-mail:<\/td>\r\n\t\t\t\t\t<td colspan=\"2\">\r\n\t\t\t\t\t\t<input type=\"email\" name=\"email\" value=\"\" class=\"text\"  required \/>\t\r\n\t\t\t\t\t<\/td>\r\n\t\t\t\t<\/tr>\r\n\t\t\t\t<tr>\r\n\t\t\t\t\t<td class=\"smallheader\">Heslo \/ Password:<\/td>\r\n\t\t\t\t\t<td colspan=\"2\">\r\n\t\t\t\t\t\t<input type=\"password\" name=\"heslo\" value=\"\" class=\"text\" required \/>\r\n\t\t\t\t\t<\/td>\r\n\t\t\t\t<\/tr>\r\n\t\t\t\t<tr>\r\n\t\t\t\t\t<td class=\"smallheader\">Telefon \/ Phone number:<\/td>\r\n\t\t\t\t\t<td colspan=\"2\">\r\n\t\t\t\t\t\t<input type=\"text\" name=\"telefon\" value=\"\" class=\"text\" required \/><br \/>\r\n\t\t\t\t\t<\/td>\r\n\t\t\t\t<\/tr>\r\n\t\t\t\t\r\n\t\t\t\t<tr>\r\n\t\t\t\t\t<td colspan=\"3\" class=\"header\">Pracovi\u0161t\u011b \/ Institution<\/td>\r\n\t\t\t\t<\/tr>\r\n\t\t\t\t<tr>\r\n\t\t\t\t\t<td class=\"smallheader\">N\u00e1zev \/ Name:<\/td>\r\n\t\t\t\t\t<td colspan=\"2\">\r\n\t\t\t\t\t\t<input type=\"text\" name=\"nazev\" value=\"\" class=\"text\" required  size=\"20\" \/>\r\n\t\t\t\t\t<\/td>\r\n\t\t\t\t<\/tr>\r\n\t\t\t\t<tr>\r\n\t\t\t\t\t<td class=\"smallheader\">Ulice, \u010dp \/ Street, No.:<\/td>\r\n\t\t\t\t\t<td colspan=\"2\">\r\n\t\t\t\t\t\t<input type=\"text\" name=\"ulice_cp\" value=\"\" class=\"text\" required \/>\r\n\t\t\t\t\t<\/td>\r\n\t\t\t\t<\/tr>\r\n\t\t\t\t<tr>\r\n\t\t\t\t\t<td class=\"smallheader\">M\u011bsto \/ City:<\/td>\r\n\t\t\t\t\t<td colspan=\"2\">\r\n\t\t\t\t\t\t<input type=\"text\" name=\"mesto\" value=\"\" class=\"text\" required \/>\r\n\t\t\t\t\t<\/td>\r\n\t\t\t\t<\/tr>\r\n\t\t\t\t<tr>\r\n\t\t\t\t\t<td class=\"smallheader\">PS\u010c \/ ZIP code:<\/td>\r\n\t\t\t\t\t<td colspan=\"2\">\r\n\t\t\t\t\t\t<input type=\"text\" name=\"psc\" value=\"\" class=\"text\" \/>\r\n\t\t\t\t\t<\/td>\r\n\t\t\t\t<\/tr>\r\n\t\t\t\t<tr>\r\n\t\t\t\t\t<td class=\"smallheader\">I\u010cO \/ Identification number:<\/td>\r\n\t\t\t\t\t<td colspan=\"2\">\r\n\t\t\t\t\t\t<input type=\"text\" name=\"ico\" value=\"\" class=\"text\" \/>\r\n\t\t\t\t\t<\/td>\r\n\t\t\t\t<\/tr>\r\n\t\t\t\t<tr>\r\n\t\t\t\t\t<td colspan=\"3\" class=\"header\">Faktura\u010dn\u00ed \u00fadaje<\/td>\r\n\t\t\t\t<\/tr>\r\n\t\t\t\t<tr>\r\n\t\t\t\t\t<td class=\"smallheader\">Zadat faktura\u010dn\u00ed \u00fadaje:<\/td>\r\n\t\t\t\t\t<td colspan=\"2\">\r\n\t\t\t\t\t\t<input type=\"radio\" name=\"faktura\" id=\"faktura_ne\" value=\"ne\" onclick=\"skryj('zadat_fakturacni_udaje');\" checked=\"checked\" \/><label for=\"faktura_ne\">stejn\u00e9 jako pracovi\u0161t\u011b<\/label>\r\n\t\t\t\t\t\t<input type=\"radio\" name=\"faktura\" id=\"faktura_ano\" value=\"ano\" onclick=\"zobraz('zadat_fakturacni_udaje');\" \/><label for=\"faktura_ano\">jin\u00e9<\/label>\r\n\t\t\t\t\t<\/td>\r\n\t\t\t\t<\/tr>\r\n\t\t\t\t<tr id=\"zadat_fakturacni_udaje\">\r\n\t\t\t\t\t<td class=\"smallheader\"><\/td>\r\n\t\t\t\t\t<td colspan=\"2\">\r\n\t\t\t\t\t\t<textarea rows=\"4\" cols=\"50\" name=\"fakturacni_udaje\"><\/textarea>\r\n\t\t\t\t\t<\/td>\r\n\t\t\t\t<\/tr>\r\n\r\n\r\n\t\r\n<!-- \t<tr>\r\n\t\t<td colspan=\"3\" class=\"center\"><p><br>Registrace na konferenci je mo\u017en\u00e1 u\u017e jen bez nov\u00fdch p\u0159\u00edsp\u011bvk\u016f a workshop\u016f.<\/p><\/td>\r\n\t<\/tr> -->\r\n\t\t\t\t<tr>\r\n\t\t\t\t\t<td colspan=\"3\" class=\"center\">\r\nP\u0159ihla\u0161ov\u00e1n\u00ed bylo uzav\u0159eno.\t\t\t\t\t\t\r\n\t\t\t\t\t<\/td>\r\n\t\t\t\t<\/tr>\r\n\t\t\t<\/table>\r\n\t\t\t<\/form>\r\n\t\t\t<p>Zaregistrovali jste se u\u017e d\u0159\u00edve a chcete jen zm\u011bnit \u00fadaje nebo vytisknout fakturu? M\u016f\u017eete se<a href=\"https:\/\/home.pf.jcu.cz\/~stem\/2022\/moje-udaje\/\">p\u0159ihl\u00e1sit zde<\/a>.\r\n\t\t\t\t\t\t<\/p><script type=\"text\/javascript\">\r\nfunction zobraz(obj) {\r\n\tdocument.getElementById(obj).style.display = \"\";\r\n}\r\n\r\nfunction skryj(obj) {\r\n\tdocument.getElementById(obj).style.display = \"none\";\r\n}\t\t\/* <![CDATA[ *\/\r\n\t skryj('zadat_fakturacni_udaje');\r\n\t\t skryj('workshop_predbezny_nazev');\r\n\t\t skryj('workshop_anotace');\r\n\t\t skryj('workshop_specialni_pozadavky')\r\n\t\t\t\/* ]]> *\/\r\n<\/script>\r\n\r\n\r\n\n","protected":false},"excerpt":{"rendered":"","protected":false},"author":1,"featured_media":0,"parent":0,"menu_order":0,"comment_status":"closed","ping_status":"closed","template":"","meta":{"footnotes":""},"class_list":["post-290","page","type-page","status-publish","hentry"],"_links":{"self":[{"href":"https:\/\/home.pf.jcu.cz\/~stem\/2022\/wp-json\/wp\/v2\/pages\/290","targetHints":{"allow":["GET"]}}],"collection":[{"href":"https:\/\/home.pf.jcu.cz\/~stem\/2022\/wp-json\/wp\/v2\/pages"}],"about":[{"href":"https:\/\/home.pf.jcu.cz\/~stem\/2022\/wp-json\/wp\/v2\/types\/page"}],"author":[{"embeddable":true,"href":"https:\/\/home.pf.jcu.cz\/~stem\/2022\/wp-json\/wp\/v2\/users\/1"}],"replies":[{"embeddable":true,"href":"https:\/\/home.pf.jcu.cz\/~stem\/2022\/wp-json\/wp\/v2\/comments?post=290"}],"version-history":[{"count":3,"href":"https:\/\/home.pf.jcu.cz\/~stem\/2022\/wp-json\/wp\/v2\/pages\/290\/revisions"}],"predecessor-version":[{"id":293,"href":"https:\/\/home.pf.jcu.cz\/~stem\/2022\/wp-json\/wp\/v2\/pages\/290\/revisions\/293"}],"wp:attachment":[{"href":"https:\/\/home.pf.jcu.cz\/~stem\/2022\/wp-json\/wp\/v2\/media?parent=290"}],"curies":[{"name":"wp","href":"https:\/\/api.w.org\/{rel}","templated":true}]}}