{"id":36,"date":"2020-09-17T17:19:56","date_gmt":"2020-09-17T15:19:56","guid":{"rendered":"http:\/\/home.pf.jcu.cz\/~stem\/?page_id=36"},"modified":"2024-02-27T23:45:59","modified_gmt":"2024-02-27T22:45:59","slug":"program","status":"publish","type":"page","link":"https:\/\/home.pf.jcu.cz\/~stem\/2022\/program\/","title":{"rendered":"Program"},"content":{"rendered":"\n<p><strong><a href=\"https:\/\/home.pf.jcu.cz\/~stem\/2022\/wp-content\/uploads\/Program_STEM_2022_v3-1.pdf\" data-type=\"URL\" target=\"_blank\" rel=\"noreferrer noopener\">Detailn\u00ed program ve form\u00e1tu PDF<\/a><\/strong><\/p>\n\n\n\n<p><strong>Informace k simult\u00e1nn\u00edmu p\u0159ekladu p\u0159edn\u00e1\u0161ek v&nbsp;angli\u010dtin\u011b:<\/strong> P\u0159edn\u00e1\u0161ky prob\u00edhaj\u00ed v aule vybaven\u00e9 syst\u00e9mem pro distribuci simult\u00e1nn\u00edho p\u0159ekladu prost\u0159ednictv\u00edm bezdr\u00e1tov\u00fdch sluch\u00e1tek. Ka\u017ed\u00fd z\u00e1jemce o slu\u017ebu tlumo\u010den\u00ed p\u0159edn\u00e1\u0161ky obdr\u017e\u00ed sluch\u00e1tka p\u0159i registraci. <br>Pro distan\u010dn\u00ed \u00fa\u010dastn\u00edky je z\u0159\u00edzen t\u00fdm \"STEM education conference - interpreting\" v MS Teams (ka\u017ed\u00fd, kdo deklaroval distan\u010dn\u00ed \u00fa\u010dast do n\u011bj byl pozv\u00e1n), v n\u011bm\u017e je zaji\u0161t\u011bn p\u0159enos p\u0159edn\u00e1\u0161ek s hlasem tlumo\u010dnice.<br><\/p>\n\n\n\n<h5 class=\"wp-block-heading\"><strong>\u010casov\u00fd r\u00e1mec jedn\u00e1n\u00ed konference <\/strong><\/h5>\n\n\n\n<p><strong><em>\u010ctvrtek 24. 11.<\/em> <\/strong><\/p>\n\n\n\n<p>9:00 | Registrace | Dukelsk\u00e1 9<br>10:00 \u2013 10:15 | Slavnostn\u00ed zah\u00e1jen\u00ed | Aula D240, Dukelsk\u00e1 9<br>10:15 \u2013 12:00 | Plen\u00e1rn\u00ed p\u0159edn\u00e1\u0161ky | <strong>Dukelsk\u00e1 9<\/strong><br>12:00 \u2013 13:30 | <em>P\u0159est\u00e1vka na ob\u011bd<\/em><br>13:30 \u2013  17:00 | Odpoledn\u00ed blok | Jeron\u00fdmova 10<br>18:00 | <em>Spole\u010densk\u00fd ve\u010der<\/em> | Aula D240, Dukelsk\u00e1 9<\/p>\n\n\n\n<p><em><strong>P\u00e1tek 25. 11.<\/strong><\/em> <\/p>\n\n\n\n<p>Registrace nov\u011b p\u0159\u00edchoz\u00edch od 9:00 | Jeron\u00fdmova 10<br>8:00 \u2013 10:00 | Interaktivn\u00ed v\u00fdstava | Jeron\u00fdmova 10<br>10:00 \u2013 12:00 | Plen\u00e1rn\u00ed p\u0159edn\u00e1\u0161ky | <strong>Dukelsk\u00e1 9<\/strong><br>12:00 \u2013 13:00 | <em>P\u0159est\u00e1vka na ob\u011bd<\/em><br>13:00 \u2013  16:30 | Odpoledn\u00ed blok | Jeron\u00fdmova 10<br>16:30 | Zakon\u010den\u00ed konference | J340, Jeron\u00fdmova 10<\/p>\n\n\n\n<p><\/p>\n\n\n\n<h5 class=\"wp-block-heading\">Workshopy<\/h5>\n\n\n\n<ul class=\"wp-block-list\"><li><strong><a rel=\"noreferrer noopener\" href=\"https:\/\/home.pf.jcu.cz\/~stem\/koncept-stem-v-prakticke-vyuce-oborovych-predmetu-2\/\" data-type=\"URL\" data-id=\"https:\/\/home.pf.jcu.cz\/~stem\/koncept-stem-v-prakticke-vyuce-oborovych-predmetu-2\/\" target=\"_blank\">Koncept STEM v praktick\u00e9 v\u00fduce oborov\u00fdch p\u0159edm\u011bt\u016f<\/a><\/strong><br>Petra Karv\u00e1nkov\u00e1 &amp; studenti PF JU<br>Jiho\u010desk\u00e1 univerzita v \u010cesk\u00fdch Bud\u011bjovic\u00edch<br><\/li><li><strong><a href=\"https:\/\/home.pf.jcu.cz\/~stem\/2022\/vzdelavaci-cile-integrovanych-a-mezipredmetovych-uloh-srovnani-trech-vybranych-uloh\/\" data-type=\"URL\" target=\"_blank\" rel=\"noreferrer noopener\">Vzd\u011bl\u00e1vac\u00ed c\u00edle integrovan\u00fdch a mezip\u0159edm\u011btov\u00fdch \u00faloh \u2013 srovn\u00e1n\u00ed t\u0159ech vybran\u00fdch \u00faloh<\/a><\/strong><br>Helena Koldov\u00e1 &amp; Luk\u00e1\u0161 Rokos<br>Jiho\u010desk\u00e1 univerzita v \u010cesk\u00fdch Bud\u011bjovic\u00edch<br><\/li><li><strong><a href=\"https:\/\/home.pf.jcu.cz\/~stem\/2022\/kompetence-stem-ve-stredoskolskem-odbornem-vzdelavani\/\" data-type=\"URL\" target=\"_blank\" rel=\"noreferrer noopener\">Kompetence STEM ve st\u0159edo\u0161kolsk\u00e9m odborn\u00e9m vzd\u011bl\u00e1v\u00e1n\u00ed<\/a><\/strong><br>Franti\u0161ek Proch\u00e1zka<br>N\u00e1rodn\u00ed pedagogick\u00fd institut \u010cR<br><\/li><li><strong><a href=\"https:\/\/home.pf.jcu.cz\/~stem\/2022\/how-can-drawings-help-us-to-support-students-in-meaningful-learning\/\" data-type=\"URL\" target=\"_blank\" rel=\"noreferrer noopener\">How can drawings help us to support students in meaningful learning?<\/a><\/strong><br>Eliza Rybska<br>Adam Mickiewicz University, Pozna\u0144<br><\/li><li><strong><a href=\"https:\/\/home.pf.jcu.cz\/~stem\/2022\/jak-chladi-rostliny\/\" data-type=\"URL\" target=\"_blank\" rel=\"noreferrer noopener\">Jak chlad\u00ed rostliny?<\/a><\/strong><br>Renata Ryplov\u00e1<br>Jiho\u010desk\u00e1 univerzita v \u010cesk\u00fdch Bud\u011bjovic\u00edch<br><\/li><li><strong><a href=\"https:\/\/home.pf.jcu.cz\/~stem\/2022\/technologies-for-innovation-in-steam-education\/\" data-type=\"URL\" target=\"_blank\" rel=\"noreferrer noopener\">Technologies for Innovation in STEAM Education<\/a><\/strong><br>Branko Andjic, Zsolt Lavicza, Andrea Mate-Klatyik, Mathias Tejera, Eva Ulbrich<br>Johannes Kepler University Linz<br><\/li><li><strong><a href=\"https:\/\/home.pf.jcu.cz\/~stem\/2022\/ideas-from-steam-education-and-hybrid-learning\/\" data-type=\"URL\" target=\"_blank\" rel=\"noreferrer noopener\">Ideas from STEAM Education and hybrid learning<\/a><\/strong><br>Branko Andjic, Zsolt Lavicza, Andrea Mate-Klatyik, Mathias Tejera, Eva Ulbrich <br>Johannes Kepler University Linz<br><\/li><\/ul>\n\n\n\n<p><\/p>\n","protected":false},"excerpt":{"rendered":"<p>Detailn\u00ed program ve form\u00e1tu PDF Informace k simult\u00e1nn\u00edmu p\u0159ekladu p\u0159edn\u00e1\u0161ek v&nbsp;angli\u010dtin\u011b: P\u0159edn\u00e1\u0161ky prob\u00edhaj\u00ed v aule vybaven\u00e9 syst\u00e9mem pro distribuci simult\u00e1nn\u00edho p\u0159ekladu prost\u0159ednictv\u00edm bezdr\u00e1tov\u00fdch sluch\u00e1tek. Ka\u017ed\u00fd z\u00e1jemce o slu\u017ebu tlumo\u010den\u00ed p\u0159edn\u00e1\u0161ky obdr\u017e\u00ed sluch\u00e1tka p\u0159i registraci. Pro distan\u010dn\u00ed \u00fa\u010dastn\u00edky je z\u0159\u00edzen t\u00fdm &#8222;STEM education conference &#8211; interpreting&#8220; v MS Teams (ka\u017ed\u00fd, kdo deklaroval distan\u010dn\u00ed \u00fa\u010dast do n\u011bj [&hellip;]<\/p>\n","protected":false},"author":1,"featured_media":0,"parent":0,"menu_order":0,"comment_status":"closed","ping_status":"closed","template":"","meta":{"footnotes":""},"class_list":["post-36","page","type-page","status-publish","hentry"],"_links":{"self":[{"href":"https:\/\/home.pf.jcu.cz\/~stem\/2022\/wp-json\/wp\/v2\/pages\/36","targetHints":{"allow":["GET"]}}],"collection":[{"href":"https:\/\/home.pf.jcu.cz\/~stem\/2022\/wp-json\/wp\/v2\/pages"}],"about":[{"href":"https:\/\/home.pf.jcu.cz\/~stem\/2022\/wp-json\/wp\/v2\/types\/page"}],"author":[{"embeddable":true,"href":"https:\/\/home.pf.jcu.cz\/~stem\/2022\/wp-json\/wp\/v2\/users\/1"}],"replies":[{"embeddable":true,"href":"https:\/\/home.pf.jcu.cz\/~stem\/2022\/wp-json\/wp\/v2\/comments?post=36"}],"version-history":[{"count":40,"href":"https:\/\/home.pf.jcu.cz\/~stem\/2022\/wp-json\/wp\/v2\/pages\/36\/revisions"}],"predecessor-version":[{"id":730,"href":"https:\/\/home.pf.jcu.cz\/~stem\/2022\/wp-json\/wp\/v2\/pages\/36\/revisions\/730"}],"wp:attachment":[{"href":"https:\/\/home.pf.jcu.cz\/~stem\/2022\/wp-json\/wp\/v2\/media?parent=36"}],"curies":[{"name":"wp","href":"https:\/\/api.w.org\/{rel}","templated":true}]}}