{"id":480,"date":"2022-05-24T14:21:16","date_gmt":"2022-05-24T12:21:16","guid":{"rendered":"https:\/\/home.pf.jcu.cz\/~stem\/?page_id=480"},"modified":"2022-09-02T13:00:25","modified_gmt":"2022-09-02T11:00:25","slug":"o-konferenci","status":"publish","type":"page","link":"https:\/\/home.pf.jcu.cz\/~stem\/2022\/o-konferenci\/","title":{"rendered":"O konferenci"},"content":{"rendered":"\n<p><\/p>\n\n\n\n<h2 class=\"wp-block-heading\">Vlo\u017en\u00e9, stravov\u00e1n\u00ed, ubytov\u00e1n\u00ed<\/h2>\n\n\n\n<p>Konference je akreditov\u00e1na M\u0160MT \u010cR jako sou\u010d\u00e1st dal\u0161\u00edho vzd\u011bl\u00e1v\u00e1n\u00ed u\u010ditel\u016f. Akreditace byla ud\u011blena pod \u010d.\u00a0j.: MSMT- 14720\/2022-4-508.<\/p>\n\n\n\n<p><br>Sn\u00ed\u017een\u00e9 vlo\u017en\u00e9 p\u0159i registraci do 1. 11. 2022 je pro v\u0161echny \u00fa\u010dastn\u00edky 300 K\u010d. Pln\u00e9 vlo\u017en\u00e9 p\u0159i registraci od 2. 11. 2022 je potom 400 K\u010d.<\/p>\n\n\n\n<p>Ve vlo\u017en\u00e9m jsou zahrnuty n\u00e1klady na zaji\u0161t\u011bn\u00ed konference. \u00dahrada vlo\u017en\u00e9ho prob\u00edh\u00e1 p\u0159edem podle \u00fadaj\u016f na z\u00e1lohov\u00e9 faktu\u0159e, kter\u00e1 v\u00e1m bude vygenerov\u00e1na p\u0159i z\u00e1vazn\u00e9 registraci na t\u00e9to str\u00e1nce, viz rubrika <a rel=\"noreferrer noopener\" href=\"https:\/\/home.pf.jcu.cz\/~stem\/registrace\/\" data-type=\"URL\" data-id=\"https:\/\/home.pf.jcu.cz\/~stem\/registrace\/\" target=\"_blank\">Registrace<\/a>. Vlo\u017en\u00e9 je mo\u017en\u00e9 platit i hotov\u011b, v dob\u011b kon\u00e1n\u00ed konference. <\/p>\n\n\n\n<p><\/p>\n\n\n\n<p><strong>Ubytov\u00e1n\u00ed a stravov\u00e1n\u00ed si \u00fa\u010dastn\u00edci konference zajist\u00ed individu\u00e1ln\u011b.<\/strong><br><br><\/p>\n","protected":false},"excerpt":{"rendered":"<p>Vlo\u017en\u00e9, stravov\u00e1n\u00ed, ubytov\u00e1n\u00ed Konference je akreditov\u00e1na M\u0160MT \u010cR jako sou\u010d\u00e1st dal\u0161\u00edho vzd\u011bl\u00e1v\u00e1n\u00ed u\u010ditel\u016f. Akreditace byla ud\u011blena pod \u010d.\u00a0j.: MSMT- 14720\/2022-4-508. Sn\u00ed\u017een\u00e9 vlo\u017en\u00e9 p\u0159i registraci do 1. 11. 2022 je pro v\u0161echny \u00fa\u010dastn\u00edky 300 K\u010d. Pln\u00e9 vlo\u017en\u00e9 p\u0159i registraci od 2. 11. 2022 je potom 400 K\u010d. Ve vlo\u017en\u00e9m jsou zahrnuty n\u00e1klady na zaji\u0161t\u011bn\u00ed konference. \u00dahrada [&hellip;]<\/p>\n","protected":false},"author":2,"featured_media":0,"parent":0,"menu_order":0,"comment_status":"closed","ping_status":"closed","template":"","meta":{"footnotes":""},"class_list":["post-480","page","type-page","status-publish","hentry"],"_links":{"self":[{"href":"https:\/\/home.pf.jcu.cz\/~stem\/2022\/wp-json\/wp\/v2\/pages\/480","targetHints":{"allow":["GET"]}}],"collection":[{"href":"https:\/\/home.pf.jcu.cz\/~stem\/2022\/wp-json\/wp\/v2\/pages"}],"about":[{"href":"https:\/\/home.pf.jcu.cz\/~stem\/2022\/wp-json\/wp\/v2\/types\/page"}],"author":[{"embeddable":true,"href":"https:\/\/home.pf.jcu.cz\/~stem\/2022\/wp-json\/wp\/v2\/users\/2"}],"replies":[{"embeddable":true,"href":"https:\/\/home.pf.jcu.cz\/~stem\/2022\/wp-json\/wp\/v2\/comments?post=480"}],"version-history":[{"count":3,"href":"https:\/\/home.pf.jcu.cz\/~stem\/2022\/wp-json\/wp\/v2\/pages\/480\/revisions"}],"predecessor-version":[{"id":500,"href":"https:\/\/home.pf.jcu.cz\/~stem\/2022\/wp-json\/wp\/v2\/pages\/480\/revisions\/500"}],"wp:attachment":[{"href":"https:\/\/home.pf.jcu.cz\/~stem\/2022\/wp-json\/wp\/v2\/media?parent=480"}],"curies":[{"name":"wp","href":"https:\/\/api.w.org\/{rel}","templated":true}]}}