{"id":484,"date":"2022-05-31T09:30:41","date_gmt":"2022-05-31T07:30:41","guid":{"rendered":"https:\/\/home.pf.jcu.cz\/~stem\/?page_id=484"},"modified":"2022-05-31T09:30:41","modified_gmt":"2022-05-31T07:30:41","slug":"seznam-prihlasenych-ucastniku","status":"publish","type":"page","link":"https:\/\/home.pf.jcu.cz\/~stem\/2022\/seznam-prihlasenych-ucastniku\/","title":{"rendered":"Seznam p\u0159ihl\u00e1\u0161en\u00fdch \u00fa\u010dastn\u00edk\u016f"},"content":{"rendered":"\t<table class=\"seznam_ucastniku\">\n\t  <tr>\n\t    <th class=\"jmeno_prijmeni\">Jm\u00e9no a p\u0159\u00edjmen\u00ed<\/th>\n\t    <th class=\"prispevek\">Pracovi\u0161t\u011b<\/th>\n\t  <\/tr>\n\t\t\t  <tr class=\"lichy\">\n\t\t    <td>\n\t\t      \u0160\u00e1rka Baronov\u00e1 Mgr.\t\t    <\/td>\n\n\t\t\t<td>St\u0159edn\u00ed \u0161kola polytechnick\u00e1, \u010cesk\u00e9 Bud\u011bjovice<\/td>   \n\t\t\t    \n\t\t\t  <\/tr>\n\t\t\t\t\t  <tr class=\"sudy\">\n\t\t    <td>\n\t\t      Eli\u0161ka Bene\u0161ov\u00e1 Bc.\t\t    <\/td>\n\n\t\t\t<td>Z\u0160 a M\u0160 Volenice, Volenice<\/td>   \n\t\t\t    \n\t\t\t  <\/tr>\n\t\t\t\t\t  <tr class=\"lichy\">\n\t\t    <td>\n\t\t      Lucie Bodn\u00e1rov\u00e1 Ing., Ph.D.\t\t    <\/td>\n\n\t\t\t<td>Z\u0160 Cesta, P\u00edsek<\/td>   \n\t\t\t    \n\t\t\t  <\/tr>\n\t\t\t\t\t  <tr class=\"sudy\">\n\t\t    <td>\n\t\t      Hana Boubl\u00edkov\u00e1 Bc.\t\t    <\/td>\n\n\t\t\t<td>PF JU, \u010cesk\u00e9 Bud\u011bjovice<\/td>   \n\t\t\t    \n\t\t\t  <\/tr>\n\t\t\t\t\t  <tr class=\"lichy\">\n\t\t    <td>\n\t\t      Nikola Br\u016f\u017ekov\u00e1 Mgr.\t\t    <\/td>\n\n\t\t\t<td>Jiho\u010desk\u00e1 univerzita v \u010cesk\u00fdch Bud\u011bjovic\u00edch, \u010cesk\u00e9 Bud\u011bjovice<\/td>   \n\t\t\t    \n\t\t\t  <\/tr>\n\t\t\t\t\t  <tr class=\"sudy\">\n\t\t    <td>\n\t\t      Tom\u00e1\u0161 Dan\u011bk Mgr.\t\t    <\/td>\n\n\t\t\t<td>V\u0161eobecn\u00e9 a sportovn\u00ed gymn\u00e1zium, Vimperk, Pivovarsk\u00e1 69, Vimperk<\/td>   \n\t\t\t    \n\t\t\t  <\/tr>\n\t\t\t\t\t  <tr class=\"lichy\">\n\t\t    <td>\n\t\t      Martin G\u00fcnzel Mgr\t\t    <\/td>\n\n\t\t\t<td>Gymn\u00e1zium J. V. Jirs\u00edka, Rudolfov<\/td>   \n\t\t\t    \n\t\t\t  <\/tr>\n\t\t\t\t\t  <tr class=\"sudy\">\n\t\t    <td>\n\t\t      Romana Hartmanov\u00e1 Mgr\t\t    <\/td>\n\n\t\t\t<td>MZ\u0160 Velk\u00fd Osek, Velk\u00fd Osek<\/td>   \n\t\t\t    \n\t\t\t  <\/tr>\n\t\t\t\t\t  <tr class=\"lichy\">\n\t\t    <td>\n\t\t      Roman Ha\u0161ek \t\t    <\/td>\n\n\t\t\t<td>Jiho\u010desk\u00e1 univerzita v \u010cesk\u00fdch Bud\u011bjovic\u00edch, Pedagogick\u00e1 fakulta, \u010cesk\u00e9 Bud\u011bjovice<\/td>   \n\t\t\t    \n\t\t\t  <\/tr>\n\t\t\t\t\t  <tr class=\"sudy\">\n\t\t    <td>\n\t\t      Jana Julie Haugwitzov\u00e1 Bc.\t\t    <\/td>\n\n\t\t\t<td>SZ\u0160 Anton\u00edna Sochora, Duchcov<\/td>   \n\t\t\t    \n\t\t\t  <\/tr>\n\t\t\t\t\t  <tr class=\"lichy\">\n\t\t    <td>\n\t\t      Stanislava Hlav\u00e1\u010dkov\u00e1 PaedDr. Mgr.\t\t    <\/td>\n\n\t\t\t<td>Z\u00e1kladn\u00ed \u0161kola a Mate\u0159sk\u00e1 \u0161kola Brloh, Brloh<\/td>   \n\t\t\t    \n\t\t\t  <\/tr>\n\t\t\t\t\t  <tr class=\"sudy\">\n\t\t    <td>\n\t\t      Pavla Hnili\u010dkov\u00e1 Mgr.\t\t    <\/td>\n\n\t\t\t<td>St\u0159edn\u00ed \u0161kola polytechnick\u00e1 \u010cesk\u00e9 Bud\u011bjovice, \u010cesk\u00e9 Bud\u011bjovice 1<\/td>   \n\t\t\t    \n\t\t\t  <\/tr>\n\t\t\t\t\t  <tr class=\"lichy\">\n\t\t    <td>\n\t\t      Milo\u0161 Holzer Mgr.\t\t    <\/td>\n\n\t\t\t<td>Gymn\u00e1zium a St\u0159edn\u00ed odborn\u00e1 \u0161kola zdravotnick\u00e1 a ekonomick\u00e1 Vy\u0161kov, p\u0159\u00edsp\u011bvkov\u00e1 organizace, Vy\u0161kov<\/td>   \n\t\t\t    \n\t\t\t  <\/tr>\n\t\t\t\t\t  <tr class=\"sudy\">\n\t\t    <td>\n\t\t      Dalibor Hor\u00e1\u010dek Mgr.\t\t    <\/td>\n\n\t\t\t<td>Tyr\u0161ova Z\u0160, Brno, Kuldova 38, Brno<\/td>   \n\t\t\t    \n\t\t\t  <\/tr>\n\t\t\t\t\t  <tr class=\"lichy\">\n\t\t    <td>\n\t\t      Marika Hrube\u0161ov\u00e1 RNDr., Ph.D.\t\t    <\/td>\n\n\t\t\t<td>KMA PF JU, \u010cesk\u00e9 Bud\u011bjovice<\/td>   \n\t\t\t    \n\t\t\t  <\/tr>\n\t\t\t\t\t  <tr class=\"sudy\">\n\t\t    <td>\n\t\t      Miroslava Huclov\u00e1 PhDr., Ph.D.\t\t    <\/td>\n\n\t\t\t<td>31. z\u00e1kladn\u00ed \u0161kola Plze\u0148, Plze\u0148<\/td>   \n\t\t\t    \n\t\t\t  <\/tr>\n\t\t\t\t\t  <tr class=\"lichy\">\n\t\t    <td>\n\t\t      Eva Hynkov\u00e1 Mgr.\t\t    <\/td>\n\n\t\t\t<td>St\u0159edn\u00ed \u0161kola polytechnick\u00e1, \u010cesk\u00e9 Bud\u011bjovice<\/td>   \n\t\t\t    \n\t\t\t  <\/tr>\n\t\t\t\t\t  <tr class=\"sudy\">\n\t\t    <td>\n\t\t      Zden\u011bk Chalupa Mgr.\t\t    <\/td>\n\n\t\t\t<td>St\u0159edn\u00ed \u0161kola polytechnick\u00e1 \u010cesk\u00e9 Bud\u011bjovice, \u010cesk\u00e9 Bud\u011bjovice<\/td>   \n\t\t\t    \n\t\t\t  <\/tr>\n\t\t\t\t\t  <tr class=\"lichy\">\n\t\t    <td>\n\t\t      Silvie Jano\u0161\u0165\u00e1kov\u00e1 Ing. DiS.\t\t    <\/td>\n\n\t\t\t<td>Z\u0160 Netolice, Netolice<\/td>   \n\t\t\t    \n\t\t\t  <\/tr>\n\t\t\t\t\t  <tr class=\"sudy\">\n\t\t    <td>\n\t\t      Josef Jur\u00e1\u0148 Mgr., Ph.D.\t\t    <\/td>\n\n\t\t\t<td>P\u0159\u00edrodov\u011bdeck\u00e1 fakulta, Jiho\u010desk\u00e1 univerzita v \u010cesk\u00fdch Bud\u011bjovic\u00edch, \u010cesk\u00e9 Bud\u011bjovice<\/td>   \n\t\t\t    \n\t\t\t  <\/tr>\n\t\t\t\t\t  <tr class=\"lichy\">\n\t\t    <td>\n\t\t      David Kafka Bc\t\t    <\/td>\n\n\t\t\t<td>PF JU, \u010cesk\u00e9 Bud\u011bjovice<\/td>   \n\t\t\t    \n\t\t\t  <\/tr>\n\t\t\t\t\t  <tr class=\"sudy\">\n\t\t    <td>\n\t\t      Jana Kalov\u00e1 doc. RNDr. Ing. Ph.D.\t\t    <\/td>\n\n\t\t\t<td>P\u0159\u00edrodov\u011bdeck\u00e1 fakulta, Jiho\u010desk\u00e1 univerzita v \u010cesk\u00fdch Bud\u011bjovic\u00edch, \u010cesk\u00e9 Bud\u011bjovice<\/td>   \n\t\t\t    \n\t\t\t  <\/tr>\n\t\t\t\t\t  <tr class=\"lichy\">\n\t\t    <td>\n\t\t      Petra Karv\u00e1nkov\u00e1 Mgr., Ph.D.\t\t    <\/td>\n\n\t\t\t<td>Jiho\u010desk\u00e1 univerzita v \u010cesk\u00fdch Bud\u011bjovic\u00edch, Pedagogick\u00e1 fakulta, \u010cesk\u00e9 Bud\u011bjovice<\/td>   \n\t\t\t    \n\t\t\t  <\/tr>\n\t\t\t\t\t  <tr class=\"sudy\">\n\t\t    <td>\n\t\t      Martin Kazda Mgr., Ph.D.\t\t    <\/td>\n\n\t\t\t<td>JIHO\u010cESK\u00c1 UNIVERZITA v \u010cesk\u00fdch Bud\u011bjovic\u00edch PEDAGOGICK\u00c1 FAKULTA, \u010cesk\u00e9 Bud\u011bjovice<\/td>   \n\t\t\t    \n\t\t\t  <\/tr>\n\t\t\t\t\t  <tr class=\"lichy\">\n\t\t    <td>\n\t\t      Kv\u011bta Kl\u00edmov\u00e1 Mgr.\t\t    <\/td>\n\n\t\t\t<td>Gymn\u00e1zium Byst\u0159ice nad Pern\u0161tejnem, Byst\u0159ice nad Pern\u0161tejnem<\/td>   \n\t\t\t    \n\t\t\t  <\/tr>\n\t\t\t\t\t  <tr class=\"sudy\">\n\t\t    <td>\n\t\t      Blanka Kocourkov\u00e1 Ing.\t\t    <\/td>\n\n\t\t\t<td>Z\u0160 a M\u0160 Mili\u010d\u00edn, Mili\u010d\u00edn<\/td>   \n\t\t\t    \n\t\t\t  <\/tr>\n\t\t\t\t\t  <tr class=\"lichy\">\n\t\t    <td>\n\t\t      Karel Kol\u00e1\u0159 RNDr., Ph.D.\t\t    <\/td>\n\n\t\t\t<td>Nakladatelstv\u00ed PROMETHEUS, spol. s r. o., Praha 4<\/td>   \n\t\t\t    \n\t\t\t  <\/tr>\n\t\t\t\t\t  <tr class=\"sudy\">\n\t\t    <td>\n\t\t      Helena Koldov\u00e1 doc. RNDr., Ph.D.\t\t    <\/td>\n\n\t\t\t<td>JIHO\u010cESK\u00c1 UNIVERZITA v \u010cesk\u00fdch Bud\u011bjovic\u00edch PEDAGOGICK\u00c1 FAKULTA, \u010cesk\u00e9 Bud\u011bjovice<\/td>   \n\t\t\t    \n\t\t\t  <\/tr>\n\t\t\t\t\t  <tr class=\"lichy\">\n\t\t    <td>\n\t\t      So\u0148a K\u00f6nigsmarkov\u00e1 Mgr. et Mgr.\t\t    <\/td>\n\n\t\t\t<td>Katedra matematiky, fyziky a technick\u00e9 v\u00fdchovy, Fakulta pedagogick\u00e1, Z\u00e1pado\u010desk\u00e1 univerzita v Plzni, Plze\u0148<\/td>   \n\t\t\t    \n\t\t\t  <\/tr>\n\t\t\t\t\t  <tr class=\"sudy\">\n\t\t    <td>\n\t\t      Petr Koranda \t\t    <\/td>\n\n\t\t\t<td>St\u0159edn\u00ed pr\u016fmyslov\u00e1 \u0161kola strojn\u00ed a stavebn\u00ed, T\u00e1bor, T\u00e1bor<\/td>   \n\t\t\t    \n\t\t\t  <\/tr>\n\t\t\t\t\t  <tr class=\"lichy\">\n\t\t    <td>\n\t\t      Pavel K\u0159\u00ed\u017e RNDr., Ph.D.\t\t    <\/td>\n\n\t\t\t<td>KAFT PF JU, \u010cesk\u00e9 Bud\u011bjovice<\/td>   \n\t\t\t    \n\t\t\t  <\/tr>\n\t\t\t\t\t  <tr class=\"sudy\">\n\t\t    <td>\n\t\t      Lucie Kuklov\u00e1 Ing.\t\t    <\/td>\n\n\t\t\t<td>Z\u0160 a M\u0160 Mlad\u00e1 Vo\u017eice, Mlad\u00e1 Vo\u017eice<\/td>   \n\t\t\t    \n\t\t\t  <\/tr>\n\t\t\t\t\t  <tr class=\"lichy\">\n\t\t    <td>\n\t\t      Ivana Kut\u00e1 Smatanov\u00e1 prof. Mgr. Ph.D.\t\t    <\/td>\n\n\t\t\t<td>Jiho\u010desk\u00e1 univerzita v \u010cesk\u00fdch Bud\u011bjovic\u00edch, \u010cesk\u00e9 Bud\u011bjovice<\/td>   \n\t\t\t    \n\t\t\t  <\/tr>\n\t\t\t\t\t  <tr class=\"sudy\">\n\t\t    <td>\n\t\t      Petra Kv\u011bchov\u00e1 \t\t    <\/td>\n\n\t\t\t<td>PF JU, \u010cesk\u00e9 Bud\u011bjovice<\/td>   \n\t\t\t    \n\t\t\t  <\/tr>\n\t\t\t\t\t  <tr class=\"lichy\">\n\t\t    <td>\n\t\t      Marcela Lojdov\u00e1 Mgr.\t\t    <\/td>\n\n\t\t\t<td>Z\u0160 a M\u0160 Mlad\u00e1 Vo\u017eice, Mlad\u00e1 Vo\u017eice<\/td>   \n\t\t\t    \n\t\t\t  <\/tr>\n\t\t\t\t\t  <tr class=\"sudy\">\n\t\t    <td>\n\t\t      Lenka Mack\u016f Mgr.\t\t    <\/td>\n\n\t\t\t<td>Z\u0160 a M\u0160 Popel\u00edn, Popel\u00edn<\/td>   \n\t\t\t    \n\t\t\t  <\/tr>\n\t\t\t\t\t  <tr class=\"lichy\">\n\t\t    <td>\n\t\t      Hana Mahnelov\u00e1 Mgr., Ph.D.\t\t    <\/td>\n\n\t\t\t<td>Gymn\u00e1zium Dr. Josefa Peka\u0159e, Mlad\u00e1 Boleslav<\/td>   \n\t\t\t    \n\t\t\t  <\/tr>\n\t\t\t\t\t  <tr class=\"sudy\">\n\t\t    <td>\n\t\t      V\u011bra Mach\u00e1\u010dkov\u00e1 Ing.\t\t    <\/td>\n\n\t\t\t<td>Z\u00e1kladn\u00ed \u0161kola a Mate\u0159sk\u00e1 \u0161kola Brloh, Brloh<\/td>   \n\t\t\t    \n\t\t\t  <\/tr>\n\t\t\t\t\t  <tr class=\"lichy\">\n\t\t    <td>\n\t\t      Jana Mor\u00e1vkov\u00e1 Mgr.\t\t    <\/td>\n\n\t\t\t<td>St\u0159edn\u00ed pr\u016fmyslov\u00e1 \u0161kola strojn\u00ed a elektrotechnick\u00e1, \u010cesk\u00e9 Bud\u011bjovice, Dukelsk\u00e1 13, \u010cesk\u00e9 Bud\u011bjovice<\/td>   \n\t\t\t    \n\t\t\t  <\/tr>\n\t\t\t\t\t  <tr class=\"sudy\">\n\t\t    <td>\n\t\t      Zden\u011bk Nov\u00e1k Mgr.\t\t    <\/td>\n\n\t\t\t<td>T\u00e1borsk\u00e9 soukrom\u00e9 gymn\u00e1zium a Z\u00e1kladn\u00ed \u0161kola s.r.o., T\u00e1bor<\/td>   \n\t\t\t    \n\t\t\t  <\/tr>\n\t\t\t\t\t  <tr class=\"lichy\">\n\t\t    <td>\n\t\t      Pavel Pech Prof.\t\t    <\/td>\n\n\t\t\t<td>Jiho\u010desk\u00e1 univerzita, Pedagogick\u00e1 fakulta, \u010cesk\u00e9 Bud\u011bjovice<\/td>   \n\t\t\t    \n\t\t\t  <\/tr>\n\t\t\t\t\t  <tr class=\"sudy\">\n\t\t    <td>\n\t\t      Veronika Pechov\u00e1 Bc.\t\t    <\/td>\n\n\t\t\t<td>Jiho\u010desk\u00e1 Univerzita, \u010cesk\u00e9 Bud\u011bjovice<\/td>   \n\t\t\t    \n\t\t\t  <\/tr>\n\t\t\t\t\t  <tr class=\"lichy\">\n\t\t    <td>\n\t\t      Jakub Pe\u0161ta \t\t    <\/td>\n\n\t\t\t<td>Pedagogick\u00e1 fakulta Jiho\u010desk\u00e9 univerzity, \u010cesk\u00e9 Bud\u011bjovice<\/td>   \n\t\t\t    \n\t\t\t  <\/tr>\n\t\t\t\t\t  <tr class=\"sudy\">\n\t\t    <td>\n\t\t      Vladim\u00edra Petr\u00e1\u0161kov\u00e1 doc. RNDr., Ph.D.\t\t    <\/td>\n\n\t\t\t<td>JIHO\u010cESK\u00c1 UNIVERZITA v \u010cesk\u00fdch Bud\u011bjovic\u00edch PEDAGOGICK\u00c1 FAKULTA, \u010cesk\u00e9 Bud\u011bjovice<\/td>   \n\t\t\t    \n\t\t\t  <\/tr>\n\t\t\t\t\t  <tr class=\"lichy\">\n\t\t    <td>\n\t\t      Jana Podle\u0161\u00e1kov\u00e1 Mgr.\t\t    <\/td>\n\n\t\t\t<td>SO\u0160 Blatn\u00e1, Blatn\u00e1<\/td>   \n\t\t\t    \n\t\t\t  <\/tr>\n\t\t\t\t\t  <tr class=\"sudy\">\n\t\t    <td>\n\t\t      Franti\u0161ek Proch\u00e1zka Mgr.\t\t    <\/td>\n\n\t\t\t<td>N\u00e1rodn\u00ed pedagogick\u00fd institut \u010cR, Praha 10<\/td>   \n\t\t\t    \n\t\t\t  <\/tr>\n\t\t\t\t\t  <tr class=\"lichy\">\n\t\t    <td>\n\t\t      Veronika Rajtmajerov\u00e1 Bc.\t\t    <\/td>\n\n\t\t\t<td>Jiho\u010desk\u00e1 univerzita, Pedagogick\u00e1 fakulta, \u010cesk\u00e9 Bud\u011bjovice<\/td>   \n\t\t\t    \n\t\t\t  <\/tr>\n\t\t\t\t\t  <tr class=\"sudy\">\n\t\t    <td>\n\t\t      Luk\u00e1\u0161 Rokos Mgr., Ph.D.\t\t    <\/td>\n\n\t\t\t<td>Jiho\u010desk\u00e1 univerzita v \u010cesk\u00fdch Bud\u011bjovic\u00edch, Pedagogick\u00e1 fakulta, katedra biologie, \u010cesk\u00e9 Bud\u011bjovice<\/td>   \n\t\t\t    \n\t\t\t  <\/tr>\n\t\t\t\t\t  <tr class=\"lichy\">\n\t\t    <td>\n\t\t      P\u0159emysl Rosa \t\t    <\/td>\n\n\t\t\t<td>Pedagogick\u00e1 fakulta, Jiho\u010desk\u00e1 univerzita v \u010cesk\u00fdch Bud\u011bjovic\u00edch, \u010cesk\u00e9 Bud\u011bjovice<\/td>   \n\t\t\t    \n\t\t\t  <\/tr>\n\t\t\t\t\t  <tr class=\"sudy\">\n\t\t    <td>\n\t\t      Ji\u0159\u00ed Rypl \t\t    <\/td>\n\n\t\t\t<td>KGE PF JU, \u010cesk\u00e9 Bud\u011bjovice<\/td>   \n\t\t\t    \n\t\t\t  <\/tr>\n\t\t\t\t\t  <tr class=\"lichy\">\n\t\t    <td>\n\t\t      Renata Ryplov\u00e1 RNDr., Ph.D.\t\t    <\/td>\n\n\t\t\t<td>PF JU \u010cesk\u00e9 Bud\u011bjovice, \u010cesk\u00e9 Bud\u011bjovice<\/td>   \n\t\t\t    \n\t\t\t  <\/tr>\n\t\t\t\t\t  <tr class=\"sudy\">\n\t\t    <td>\n\t\t      Libu\u0161e Samkov\u00e1 \t\t    <\/td>\n\n\t\t\t<td>Katedra matematiky PF JU, \u010cesk\u00e9 Bud\u011bjovice<\/td>   \n\t\t\t    \n\t\t\t  <\/tr>\n\t\t\t\t\t  <tr class=\"lichy\">\n\t\t    <td>\n\t\t      \u0160\u00e1rka Schlichtsov\u00e1 Mgr.\t\t    <\/td>\n\n\t\t\t<td>Z\u0160 Tr\u00e1vn\u00edky Otrokovice, Traplice<\/td>   \n\t\t\t    \n\t\t\t  <\/tr>\n\t\t\t\t\t  <tr class=\"sudy\">\n\t\t    <td>\n\t\t      Ilya Sinitsky Prof.\t\t    <\/td>\n\n\t\t\t<td>Gordon Academic College of Education, Haifa<\/td>   \n\t\t\t    \n\t\t\t  <\/tr>\n\t\t\t\t\t  <tr class=\"lichy\">\n\t\t    <td>\n\t\t      Hana Slukov\u00e1 Mgr.\t\t    <\/td>\n\n\t\t\t<td>St\u0159edn\u00ed pr\u016fmyslov\u00e1 \u0161kola strojn\u00ed a stavebn\u00ed, T\u00e1bor, T\u00e1bor<\/td>   \n\t\t\t    \n\t\t\t  <\/tr>\n\t\t\t\t\t  <tr class=\"sudy\">\n\t\t    <td>\n\t\t      Marie Sobotkov\u00e1 \t\t    <\/td>\n\n\t\t\t<td>PF JU, \u010cesk\u00e9 Bud\u011bjovice<\/td>   \n\t\t\t    \n\t\t\t  <\/tr>\n\t\t\t\t\t  <tr class=\"lichy\">\n\t\t    <td>\n\t\t      Jakub Str\u00e1nsk\u00fd \t\t    <\/td>\n\n\t\t\t<td>Techambition Ltd, organiza\u010dn\u00ed slo\u017eka, Praha<\/td>   \n\t\t\t    \n\t\t\t  <\/tr>\n\t\t\t\t\t  <tr class=\"sudy\">\n\t\t    <td>\n\t\t      V\u00e1clav \u0160ebel\u00edk Mgr., Ph.D.\t\t    <\/td>\n\n\t\t\t<td>Jiho\u010desk\u00e1 univerzita v \u010cesk\u00fdch Bud\u011bjovic\u00edch, \u010cesk\u00e9 Bud\u011bjovice<\/td>   \n\t\t\t    \n\t\t\t  <\/tr>\n\t\t\t\t\t  <tr class=\"lichy\">\n\t\t    <td>\n\t\t      V\u00e1clav \u0160imandl Mgr., Ph.D.\t\t    <\/td>\n\n\t\t\t<td>Pedagogick\u00e1 fakulta, Jiho\u010desk\u00e1 univerzita, \u010cesk\u00e9 Bud\u011bjovice<\/td>   \n\t\t\t    \n\t\t\t  <\/tr>\n\t\t\t\t\t  <tr class=\"sudy\">\n\t\t    <td>\n\t\t      Kate\u0159ina \u0160r\u00e1mkov\u00e1 \t\t    <\/td>\n\n\t\t\t<td>PF JU, \u010cesk\u00e9 Bud\u011bjovice<\/td>   \n\t\t\t    \n\t\t\t  <\/tr>\n\t\t\t\t\t  <tr class=\"lichy\">\n\t\t    <td>\n\t\t      Irena \u0160trausov\u00e1 Mgr., Ph.D.\t\t    <\/td>\n\n\t\t\t<td>Waldorfsk\u00e9 lyceum \u010cesk\u00e9 Bud\u011bjovice, \u010cesk\u00e9 Bud\u011bjovice<\/td>   \n\t\t\t    \n\t\t\t  <\/tr>\n\t\t\t\t\t  <tr class=\"sudy\">\n\t\t    <td>\n\t\t      Ji\u0159\u00ed Tesa\u0159 doc., PaedDr., Ph.D.\t\t    <\/td>\n\n\t\t\t<td>Jiho\u010desk\u00e1 univerzita, Ped. fakulta, \u010cesk\u00e9 Bud\u011bjovice<\/td>   \n\t\t\t    \n\t\t\t  <\/tr>\n\t\t\t\t\t  <tr class=\"lichy\">\n\t\t    <td>\n\t\t      Pavel Tlust\u00fd prof. RNDr. CsC.\t\t    <\/td>\n\n\t\t\t<td>Pedagogick\u00e1 fakulta JU, katedra matematiky, \u010cesk\u00e9 Bud\u011bjovice<\/td>   \n\t\t\t    \n\t\t\t  <\/tr>\n\t\t\t\t\t  <tr class=\"sudy\">\n\t\t    <td>\n\t\t      Renata Uhl\u00edkov\u00e1 Bc.\t\t    <\/td>\n\n\t\t\t<td>Pedagogick\u00e1 fakulta J\u010cU, \u010cesk\u00e9 Bud\u011bjovice<\/td>   \n\t\t\t    \n\t\t\t  <\/tr>\n\t\t\t\t\t  <tr class=\"lichy\">\n\t\t    <td>\n\t\t      Hana Uhl\u00ed\u0159ov\u00e1 Bc.\t\t    <\/td>\n\n\t\t\t<td>Pedagogick\u00e1 fakulta Jiho\u010desk\u00e9 univerzity v \u010cesk\u00fdch Bud\u011bjovic\u00edch, \u010cesk\u00e9 Bud\u011bjovice<\/td>   \n\t\t\t    \n\t\t\t  <\/tr>\n\t\t\t\t\t  <tr class=\"sudy\">\n\t\t    <td>\n\t\t      Pavel Vako\u010d Ing.\t\t    <\/td>\n\n\t\t\t<td>Fast \u010cR, a.s., \u0158\u00ed\u010dany<\/td>   \n\t\t\t    \n\t\t\t  <\/tr>\n\t\t\t\t\t  <tr class=\"lichy\">\n\t\t    <td>\n\t\t      Jana Van\u010durov\u00e1 Mgr.\t\t    <\/td>\n\n\t\t\t<td>Gymn\u00e1zium J\u00edrovcova 8, \u010cesk\u00e9 Bud\u011bjovice<\/td>   \n\t\t\t    \n\t\t\t  <\/tr>\n\t\t\t\t\t  <tr class=\"sudy\">\n\t\t    <td>\n\t\t      Ji\u0159\u00ed Van\u00ed\u010dek doc. PaedDr. Ph.D.\t\t    <\/td>\n\n\t\t\t<td>PF JU, \u010c. Bud\u011bjovice<\/td>   \n\t\t\t    \n\t\t\t  <\/tr>\n\t\t\t\t\t  <tr class=\"lichy\">\n\t\t    <td>\n\t\t      Vladim\u00edr Vochozka Mgr. Ph.D.\t\t    <\/td>\n\n\t\t\t<td>Katedra aplikovan\u00e9 fyziky a techniky, Pedagogick\u00e1 fakulta, Jiho\u010desk\u00e1 univerzita v \u010cesk\u00fdch Bud\u011bjovic\u00edch, \u010cesk\u00e9 Bud\u011bjovice<\/td>   \n\t\t\t    \n\t\t\t  <\/tr>\n\t\t\t\t\t  <tr class=\"sudy\">\n\t\t    <td>\n\t\t      Zuzana Vyhn\u00e1lkov\u00e1 Mgr.\t\t    <\/td>\n\n\t\t\t<td>Z\u00e1kladn\u00ed \u0161kola Choltice, okres Pardubice, Choltice<\/td>   \n\t\t\t    \n\t\t\t  <\/tr>\n\t\t\t\t\t  <tr class=\"lichy\">\n\t\t    <td>\n\t\t      Jana Vysok\u00e1 RNDr., Ph.D.\t\t    <\/td>\n\n\t\t\t<td>Pedagogick\u00e1 fakulta, Jiho\u010desk\u00e1 univerzita, \u010cesk\u00e9 Bud\u011bjovice<\/td>   \n\t\t\t    \n\t\t\t  <\/tr>\n\t\t\t\t\t  <tr class=\"sudy\">\n\t\t    <td>\n\t\t      Lenka Zalabov\u00e1 doc. Mgr. Ph.D.\t\t    <\/td>\n\n\t\t\t<td>P\u0159\u00edrodov\u011bdeck\u00e1 fakulta, Jiho\u010desk\u00e1 univerzita v \u010cesk\u00fdch Bud\u011bjovic\u00edch, \u010cesk\u00e9 Bud\u011bjovice<\/td>   \n\t\t\t    \n\t\t\t  <\/tr>\n\t\t\t\t\t  <tr class=\"lichy\">\n\t\t    <td>\n\t\t      Denisa Zvon\u00ed\u010dkov\u00e1 Mgr\t\t    <\/td>\n\n\t\t\t<td>St\u0159edn\u00ed \u0161kola polytechnick\u00e1, \u010cesk\u00e9 Bud\u011bjovice<\/td>   \n\t\t\t    \n\t\t\t  <\/tr>\n\t\t\t\t<\/table>\n\n\t<p class=\"center\">Celkem 73 \u00fa\u010dastn\u00edk\u016f.<\/p>\n\n\t\n","protected":false},"excerpt":{"rendered":"","protected":false},"author":1,"featured_media":0,"parent":0,"menu_order":0,"comment_status":"closed","ping_status":"closed","template":"","meta":{"footnotes":""},"class_list":["post-484","page","type-page","status-publish","hentry"],"_links":{"self":[{"href":"https:\/\/home.pf.jcu.cz\/~stem\/2022\/wp-json\/wp\/v2\/pages\/484","targetHints":{"allow":["GET"]}}],"collection":[{"href":"https:\/\/home.pf.jcu.cz\/~stem\/2022\/wp-json\/wp\/v2\/pages"}],"about":[{"href":"https:\/\/home.pf.jcu.cz\/~stem\/2022\/wp-json\/wp\/v2\/types\/page"}],"author":[{"embeddable":true,"href":"https:\/\/home.pf.jcu.cz\/~stem\/2022\/wp-json\/wp\/v2\/users\/1"}],"replies":[{"embeddable":true,"href":"https:\/\/home.pf.jcu.cz\/~stem\/2022\/wp-json\/wp\/v2\/comments?post=484"}],"version-history":[{"count":1,"href":"https:\/\/home.pf.jcu.cz\/~stem\/2022\/wp-json\/wp\/v2\/pages\/484\/revisions"}],"predecessor-version":[{"id":485,"href":"https:\/\/home.pf.jcu.cz\/~stem\/2022\/wp-json\/wp\/v2\/pages\/484\/revisions\/485"}],"wp:attachment":[{"href":"https:\/\/home.pf.jcu.cz\/~stem\/2022\/wp-json\/wp\/v2\/media?parent=484"}],"curies":[{"name":"wp","href":"https:\/\/api.w.org\/{rel}","templated":true}]}}