{"id":660,"date":"2022-11-13T21:40:34","date_gmt":"2022-11-13T20:40:34","guid":{"rendered":"https:\/\/home.pf.jcu.cz\/~stem\/?page_id=660"},"modified":"2022-11-22T16:39:25","modified_gmt":"2022-11-22T15:39:25","slug":"program-2","status":"publish","type":"page","link":"https:\/\/home.pf.jcu.cz\/~stem\/2022\/en\/program-2\/","title":{"rendered":"Program"},"content":{"rendered":"\n<p><strong><a href=\"https:\/\/home.pf.jcu.cz\/~stem\/wp-content\/uploads\/Program_STEM_2022_v3-1.pdf\" data-type=\"URL\" data-id=\"https:\/\/home.pf.jcu.cz\/~stem\/wp-content\/uploads\/Program_STEM_2022_v3-1.pdf\" target=\"_blank\" rel=\"noreferrer noopener\">Detailed program in PDF<\/a><\/strong><\/p>\n\n\n\n<h5 class=\"wp-block-heading\">The time frame of the conference<strong> <\/strong><br><\/h5>\n\n\n\n<p><strong><em>Thursday 24. 11.<\/em> <\/strong><\/p>\n\n\n\n<p>9:00 | Registration | Dukelsk\u00e1 9<br>10:00 \u2013 10:15 | Opening | <strong>Aula D240, Dukelsk\u00e1 9<\/strong><br>10:15 \u2013 12:00 | Morning Block | Dukelsk\u00e1 9<br>12:00 \u2013 13:30 | <em>Lunch<\/em><br>13:30 \u2013  17:00 | Afternoon Block | Jeron\u00fdmova 10<br>18:00 | <em>Banquet<\/em> | Aula D240, Dukelsk\u00e1 9<\/p>\n\n\n\n<p><em><strong>Friday 25. 11.<\/strong><\/em> <\/p>\n\n\n\n<p>8:00 \u2013 10:00 | Interactive exhibition | Jeron\u00fdmova 10<br>10:00 \u2013 12:00 | Plenary lectures | <strong>Aula D240, Dukelsk\u00e1 9<\/strong><br>12:00 \u2013 13:00 | <em>Lunch<\/em><br>13:00 \u2013  16:30 | Afternoon Block |  Jeron\u00fdmova 10<br>16:30 | Closing | J340, Jeron\u00fdmova 10<\/p>\n\n\n\n<p><\/p>\n\n\n\n<h5 class=\"wp-block-heading\">Workshops<\/h5>\n\n\n\n<ul class=\"wp-block-list\"><li><strong><a rel=\"noreferrer noopener\" href=\"https:\/\/home.pf.jcu.cz\/~stem\/koncept-stem-v-prakticke-vyuce-oborovych-predmetu-2\/\" data-type=\"URL\" data-id=\"https:\/\/home.pf.jcu.cz\/~stem\/koncept-stem-v-prakticke-vyuce-oborovych-predmetu-2\/\" target=\"_blank\">Koncept STEM v praktick\u00e9 v\u00fduce oborov\u00fdch p\u0159edm\u011bt\u016f<\/a><\/strong><br>Petra Karv\u00e1nkov\u00e1 &amp; studenti PF JU<br>Jiho\u010desk\u00e1 univerzita v \u010cesk\u00fdch Bud\u011bjovic\u00edch<br><\/li><li><strong><a rel=\"noreferrer noopener\" href=\"https:\/\/home.pf.jcu.cz\/~stem\/vzdelavaci-cile-integrovanych-a-mezipredmetovych-uloh-srovnani-trech-vybranych-uloh\/\" data-type=\"URL\" data-id=\"https:\/\/home.pf.jcu.cz\/~stem\/vzdelavaci-cile-integrovanych-a-mezipredmetovych-uloh-srovnani-trech-vybranych-uloh\/\" target=\"_blank\">Vzd\u011bl\u00e1vac\u00ed c\u00edle integrovan\u00fdch a mezip\u0159edm\u011btov\u00fdch \u00faloh \u2013 srovn\u00e1n\u00ed t\u0159ech vybran\u00fdch \u00faloh<\/a><\/strong><br>Helena Koldov\u00e1 &amp; Luk\u00e1\u0161 Rokos<br>Jiho\u010desk\u00e1 univerzita v \u010cesk\u00fdch Bud\u011bjovic\u00edch<br><\/li><li><strong><a rel=\"noreferrer noopener\" href=\"https:\/\/home.pf.jcu.cz\/~stem\/kompetence-stem-ve-stredoskolskem-odbornem-vzdelavani\/\" data-type=\"URL\" data-id=\"https:\/\/home.pf.jcu.cz\/~stem\/kompetence-stem-ve-stredoskolskem-odbornem-vzdelavani\/\" target=\"_blank\">Kompetence STEM ve st\u0159edo\u0161kolsk\u00e9m odborn\u00e9m vzd\u011bl\u00e1v\u00e1n\u00ed<\/a><\/strong><br>Franti\u0161ek Proch\u00e1zka<br>N\u00e1rodn\u00ed pedagogick\u00fd institut \u010cR<br><\/li><li><strong><a rel=\"noreferrer noopener\" href=\"https:\/\/home.pf.jcu.cz\/~stem\/how-can-drawings-help-us-to-support-students-in-meaningful-learning\/\" data-type=\"URL\" data-id=\"https:\/\/home.pf.jcu.cz\/~stem\/how-can-drawings-help-us-to-support-students-in-meaningful-learning\/\" target=\"_blank\">How can drawings help us to support students in meaningful learning?<\/a><\/strong><br>Eliza Rybska<br>Adam Mickiewicz University, Pozna\u0144<br><\/li><li><strong><a rel=\"noreferrer noopener\" href=\"https:\/\/home.pf.jcu.cz\/~stem\/jak-chladi-rostliny\/\" data-type=\"URL\" data-id=\"https:\/\/home.pf.jcu.cz\/~stem\/jak-chladi-rostliny\/\" target=\"_blank\">Jak chlad\u00ed rostliny?<\/a><\/strong><br>Renata Ryplov\u00e1<br>Jiho\u010desk\u00e1 univerzita v \u010cesk\u00fdch Bud\u011bjovic\u00edch<br><\/li><li><strong><a rel=\"noreferrer noopener\" href=\"https:\/\/home.pf.jcu.cz\/~stem\/technologies-for-innovation-in-steam-education\/\" data-type=\"URL\" data-id=\"https:\/\/home.pf.jcu.cz\/~stem\/technologies-for-innovation-in-steam-education\/\" target=\"_blank\">Technologies for Innovation in STEAM Education<\/a><\/strong><br>Branko Andjic, Zsolt Lavicza, Andrea Mate-Klatyik, Mathias Tejera, Eva Ulbrich <br>Johannes Kepler University Linz<br><\/li><li><strong><a href=\"https:\/\/home.pf.jcu.cz\/~stem\/ideas-from-steam-education-and-hybrid-learning\/\" data-type=\"URL\" data-id=\"https:\/\/home.pf.jcu.cz\/~stem\/ideas-from-steam-education-and-hybrid-learning\/\" target=\"_blank\" rel=\"noreferrer noopener\">Ideas from STEAM Education and hybrid learning<\/a><\/strong><br>Branko Andjic, Zsolt Lavicza, Andrea Mate-Klatyik, Mathias Tejera, Eva Ulbrich <br>Johannes Kepler University Linz<br><\/li><\/ul>\n\n\n\n<p><\/p>\n","protected":false},"excerpt":{"rendered":"<p>Detailed program in PDF The time frame of the conference Thursday 24. 11. 9:00 | Registration | Dukelsk\u00e1 910:00 \u2013 10:15 | Opening | Aula D240, Dukelsk\u00e1 910:15 \u2013 12:00 | Morning Block | Dukelsk\u00e1 912:00 \u2013 13:30 | Lunch13:30 \u2013 17:00 | Afternoon Block | Jeron\u00fdmova 1018:00 | Banquet | Aula D240, Dukelsk\u00e1 9 [&hellip;]<\/p>\n","protected":false},"author":2,"featured_media":0,"parent":0,"menu_order":0,"comment_status":"closed","ping_status":"closed","template":"","meta":{"footnotes":""},"class_list":["post-660","page","type-page","status-publish","hentry"],"_links":{"self":[{"href":"https:\/\/home.pf.jcu.cz\/~stem\/2022\/wp-json\/wp\/v2\/pages\/660","targetHints":{"allow":["GET"]}}],"collection":[{"href":"https:\/\/home.pf.jcu.cz\/~stem\/2022\/wp-json\/wp\/v2\/pages"}],"about":[{"href":"https:\/\/home.pf.jcu.cz\/~stem\/2022\/wp-json\/wp\/v2\/types\/page"}],"author":[{"embeddable":true,"href":"https:\/\/home.pf.jcu.cz\/~stem\/2022\/wp-json\/wp\/v2\/users\/2"}],"replies":[{"embeddable":true,"href":"https:\/\/home.pf.jcu.cz\/~stem\/2022\/wp-json\/wp\/v2\/comments?post=660"}],"version-history":[{"count":16,"href":"https:\/\/home.pf.jcu.cz\/~stem\/2022\/wp-json\/wp\/v2\/pages\/660\/revisions"}],"predecessor-version":[{"id":719,"href":"https:\/\/home.pf.jcu.cz\/~stem\/2022\/wp-json\/wp\/v2\/pages\/660\/revisions\/719"}],"wp:attachment":[{"href":"https:\/\/home.pf.jcu.cz\/~stem\/2022\/wp-json\/wp\/v2\/media?parent=660"}],"curies":[{"name":"wp","href":"https:\/\/api.w.org\/{rel}","templated":true}]}}