{"id":70,"date":"2020-09-18T01:44:23","date_gmt":"2020-09-17T23:44:23","guid":{"rendered":"http:\/\/home.pf.jcu.cz\/~stem\/konference-stem-vzdelavani-english\/"},"modified":"2024-02-27T23:51:18","modified_gmt":"2024-02-27T22:51:18","slug":"konference-stem-vzdelavani-english","status":"publish","type":"page","link":"https:\/\/home.pf.jcu.cz\/~stem\/2022\/en\/konference-stem-vzdelavani-english\/","title":{"rendered":"STEM education conference"},"content":{"rendered":"\n<h4 class=\"wp-block-heading\" id=\"6-8-october-2020\">24.\u201325. November 2022<\/h4>\n\n\n\n<p>The second STEM education conference organized at the University of South Bohemia in Ceske Budejovice is intended as an opportunity for a meeting of experts on education and teacher training, both domestic and foreign, to exchange their experiences and discuss the theoretical basis, organizational principles and expected goals of the implementation of the principles of STEM education in elementary and secondary school\u2019s curriculum and in the training of teachers of related subjects at these schools.<\/p>\n\n\n\n<p><strong>This two-day conference will be held in both a personal and online meeting form on November 24 and 25, 2022<\/strong> <strong>at<\/strong> <strong>the Faculty of Education, University of South Bohemia in \u010cesk\u00e9 Bud\u011bjovice.<\/strong> Official languages of the conference will be Czech and English. A detailed program will be published later.<\/p>\n\n\n\n<h5 class=\"wp-block-heading\" id=\"conference-format\">Invited lecturers<\/h5>\n\n\n\n<ul class=\"wp-block-list\"><li><strong><strong><a rel=\"noreferrer noopener\" href=\"https:\/\/home.pf.jcu.cz\/~stem\/2022\/erin-marie-furtak-2\/\" data-type=\"post\" data-id=\"591\" target=\"_blank\">prof. Erin Marie Furtak, Ph.D.<\/a><\/strong><a href=\"https:\/\/home.pf.jcu.cz\/~stem\/2022\/erin-marie-furtak-2\/\" data-type=\"post\" data-id=\"591\"> <\/a><\/strong><br><em>University of Colorado Boulder<\/em><br><a rel=\"noreferrer noopener\" href=\"https:\/\/home.pf.jcu.cz\/~stem\/2022\/assessing-science-content-and-inquiry\/\" data-type=\"URL\" data-id=\"https:\/\/home.pf.jcu.cz\/~stem\/2022\/assessing-science-content-and-inquiry\/\" target=\"_blank\">Assessing Science Content and Inquiry<\/a><\/li><li><strong><strong><a rel=\"noreferrer noopener\" href=\"https:\/\/home.pf.jcu.cz\/~stem\/2022\/martin-rusek-2\/\" data-type=\"URL\" data-id=\"https:\/\/home.pf.jcu.cz\/~stem\/2022\/martin-rusek-2\/\" target=\"_blank\">doc. PhDr. Martin Rusek, Ph.D.<\/a><\/strong><\/strong><br><em>Charles University<\/em><br><a rel=\"noreferrer noopener\" href=\"https:\/\/home.pf.jcu.cz\/~stem\/2022\/how-does-eye-tracking-contribute-to-detection-of-students-problem-solving-skills-on-science-tasks\/\" data-type=\"URL\" data-id=\"https:\/\/home.pf.jcu.cz\/~stem\/2022\/how-does-eye-tracking-contribute-to-detection-of-students-problem-solving-skills-on-science-tasks\/\" target=\"_blank\">How does eye-tracking contribute to detection of students\u2019 problem-solving skills on science tasks?<\/a><\/li><li><strong><strong><a rel=\"noreferrer noopener\" href=\"https:\/\/home.pf.jcu.cz\/~stem\/2022\/eliza-rybska-2\/\" data-type=\"URL\" data-id=\"https:\/\/home.pf.jcu.cz\/~stem\/2022\/eliza-rybska-2\/\" target=\"_blank\">doc. Eliza Rybska, Ph.D.<\/a><\/strong><a rel=\"noreferrer noopener\" href=\"https:\/\/home.pf.jcu.cz\/~stem\/2022\/eliza-rybska\/\" data-type=\"URL\" data-id=\"https:\/\/home.pf.jcu.cz\/~stem\/2022\/eliza-rybska\/\" target=\"_blank\"> <\/a><\/strong><br><em>Adam Mickiewicz University<\/em><br><a rel=\"noreferrer noopener\" href=\"https:\/\/home.pf.jcu.cz\/~stem\/2022\/using-drawings\/\" data-type=\"URL\" data-id=\"https:\/\/home.pf.jcu.cz\/~stem\/2022\/using-drawings\/\" target=\"_blank\">Using drawings to understand students\u2019 ideas and learn in STEM<\/a><\/li><li><strong><strong><a rel=\"noreferrer noopener\" href=\"https:\/\/home.pf.jcu.cz\/~stem\/2022\/jiri-vanicek-2\/\" data-type=\"URL\" data-id=\"https:\/\/home.pf.jcu.cz\/~stem\/2022\/jiri-vanicek-2\/\" target=\"_blank\">doc. PaedDr. Ji\u0159\u00ed Van\u00ed\u010dek, Ph.D.<\/a><\/strong><a rel=\"noreferrer noopener\" href=\"https:\/\/home.pf.jcu.cz\/~stem\/2022\/jiri-vanicek\/\" data-type=\"URL\" data-id=\"https:\/\/home.pf.jcu.cz\/~stem\/2022\/jiri-vanicek\/\" target=\"_blank\"> <\/a><\/strong><br><em>University of South Bohemia in \u010cesk\u00e9 Bud\u011bjovice<\/em><strong> <\/strong><br><a href=\"https:\/\/home.pf.jcu.cz\/~stem\/2022\/the-potential\/\" data-type=\"URL\" data-id=\"https:\/\/home.pf.jcu.cz\/~stem\/2022\/the-potential\/\" target=\"_blank\" rel=\"noreferrer noopener\">The potential of informatics for STEM education<\/a><\/li><\/ul>\n\n\n\n<h5 class=\"wp-block-heading\">Conference format<\/h5>\n\n\n\n<p>It will be possible to attend the conference either in person or online.<\/p>\n\n\n\n<h5 class=\"wp-block-heading\">Support<\/h5>\n\n\n\n<p>The conference is organized with the support of the University of South Bohemia in \u010cesk\u00e9 Bud\u011bjovice and the Union of Czech Mathematicians and Physicists.<\/p>\n","protected":false},"excerpt":{"rendered":"<p>24.\u201325. November 2022 The second STEM education conference organized at the University of South Bohemia in Ceske Budejovice is intended as an opportunity for a meeting of experts on education and teacher training, both domestic and foreign, to exchange their experiences and discuss the theoretical basis, organizational principles and expected goals of the implementation of [&hellip;]<\/p>\n","protected":false},"author":1,"featured_media":0,"parent":0,"menu_order":0,"comment_status":"closed","ping_status":"closed","template":"","meta":{"footnotes":""},"class_list":["post-70","page","type-page","status-publish","hentry"],"_links":{"self":[{"href":"https:\/\/home.pf.jcu.cz\/~stem\/2022\/wp-json\/wp\/v2\/pages\/70","targetHints":{"allow":["GET"]}}],"collection":[{"href":"https:\/\/home.pf.jcu.cz\/~stem\/2022\/wp-json\/wp\/v2\/pages"}],"about":[{"href":"https:\/\/home.pf.jcu.cz\/~stem\/2022\/wp-json\/wp\/v2\/types\/page"}],"author":[{"embeddable":true,"href":"https:\/\/home.pf.jcu.cz\/~stem\/2022\/wp-json\/wp\/v2\/users\/1"}],"replies":[{"embeddable":true,"href":"https:\/\/home.pf.jcu.cz\/~stem\/2022\/wp-json\/wp\/v2\/comments?post=70"}],"version-history":[{"count":13,"href":"https:\/\/home.pf.jcu.cz\/~stem\/2022\/wp-json\/wp\/v2\/pages\/70\/revisions"}],"predecessor-version":[{"id":733,"href":"https:\/\/home.pf.jcu.cz\/~stem\/2022\/wp-json\/wp\/v2\/pages\/70\/revisions\/733"}],"wp:attachment":[{"href":"https:\/\/home.pf.jcu.cz\/~stem\/2022\/wp-json\/wp\/v2\/media?parent=70"}],"curies":[{"name":"wp","href":"https:\/\/api.w.org\/{rel}","templated":true}]}}