{"id":36,"date":"2020-09-17T17:19:56","date_gmt":"2020-09-17T15:19:56","guid":{"rendered":"http:\/\/home.pf.jcu.cz\/~stem\/?page_id=36"},"modified":"2024-11-29T09:39:59","modified_gmt":"2024-11-29T08:39:59","slug":"program","status":"publish","type":"page","link":"https:\/\/home.pf.jcu.cz\/~stem\/2024\/program\/","title":{"rendered":"Program"},"content":{"rendered":"\n<p><a href=\"https:\/\/www.youtube.com\/live\/aaRzc60SNxU?si=T1j8AtZ4V6Ev_fHa\" data-type=\"link\" data-id=\"https:\/\/www.youtube.com\/live\/aaRzc60SNxU?si=T1j8AtZ4V6Ev_fHa\" target=\"_blank\" rel=\"noreferrer noopener\"><strong>Odkaz na simult\u00e1nn\u00ed p\u0159eklad (29. 11.)<\/strong><\/a><\/p>\n\n\n\n<p><a href=\"https:\/\/home.pf.jcu.cz\/~stem\/2024\/wp-content\/uploads\/2024\/11\/Program_STEM_202427.11.2024_links2.pdf\" data-type=\"link\" data-id=\"https:\/\/home.pf.jcu.cz\/~stem\/2024\/wp-content\/uploads\/2024\/11\/Program_STEM_202427.11.2024_links2.pdf\" target=\"_blank\" rel=\"noreferrer noopener\">Detailn\u00ed program konference ve form\u00e1tu PDF<\/a><\/p>\n\n\n\n<p><a href=\"https:\/\/home.pf.jcu.cz\/~stem\/2024\/wp-content\/uploads\/2024\/11\/Program_STEM_202428.11.2024_links.pdf\" data-type=\"link\" data-id=\"https:\/\/home.pf.jcu.cz\/~stem\/2024\/wp-content\/uploads\/2024\/11\/Program_STEM_202428.11.2024_links.pdf\" target=\"_blank\" rel=\"noreferrer noopener\">Detailn\u00ed program konference ve form\u00e1tu PDF <\/a><br><a href=\"https:\/\/home.pf.jcu.cz\/~stem\/2024\/wp-content\/uploads\/2024\/11\/Program_STEM_202428.11.2024_links.pdf\" data-type=\"link\" data-id=\"https:\/\/home.pf.jcu.cz\/~stem\/2024\/wp-content\/uploads\/2024\/11\/Program_STEM_202428.11.2024_links.pdf\" target=\"_blank\" rel=\"noreferrer noopener\">(aktualizace 28. 11.)<\/a><\/p>\n\n\n\n<p><strong>Informace k simult\u00e1nn\u00edmu p\u0159ekladu p\u0159edn\u00e1\u0161ek v&nbsp;angli\u010dtin\u011b:<\/strong>&nbsp;Simult\u00e1nn\u00ed tlumo\u010den\u00ed plen\u00e1rn\u00edch p\u0159edn\u00e1\u0161ek, z angli\u010dtiny do \u010de\u0161tiny a z \u010de\u0161tiny do angli\u010dtiny, je poskytov\u00e1no prost\u0159ednictv\u00edm t\u00fdmu  \"STEM education conference 2024 - interpreting\" v MS Teams, v n\u011bm\u017e je zaji\u0161t\u011bn p\u0159enos hlasu tlumo\u010dnice. Pro p\u0159\u00edstup do t\u00fdmu byla \u00fa\u010dastn\u00edk\u016fm rozesl\u00e1na pozv\u00e1n\u00ed. V posluch\u00e1rn\u011b budou rovn\u011b\u017e k dispozici QR k\u00f3dy pro okam\u017eit\u00e9 p\u0159ipojen\u00ed.<\/p>\n","protected":false},"excerpt":{"rendered":"<p>Odkaz na simult\u00e1nn\u00ed p\u0159eklad (29. 11.) Detailn\u00ed program konference ve form\u00e1tu PDF Detailn\u00ed program konference ve form\u00e1tu PDF (aktualizace 28. 11.) Informace k simult\u00e1nn\u00edmu p\u0159ekladu p\u0159edn\u00e1\u0161ek v&nbsp;angli\u010dtin\u011b:&nbsp;Simult\u00e1nn\u00ed tlumo\u010den\u00ed plen\u00e1rn\u00edch p\u0159edn\u00e1\u0161ek, z angli\u010dtiny do \u010de\u0161tiny a z \u010de\u0161tiny do angli\u010dtiny, je poskytov\u00e1no prost\u0159ednictv\u00edm t\u00fdmu &#8222;STEM education conference 2024 &#8211; interpreting&#8220; v MS Teams, v n\u011bm\u017e je [&hellip;]<\/p>\n","protected":false},"author":1,"featured_media":0,"parent":0,"menu_order":0,"comment_status":"closed","ping_status":"closed","template":"","meta":{"footnotes":""},"class_list":["post-36","page","type-page","status-publish","hentry"],"_links":{"self":[{"href":"https:\/\/home.pf.jcu.cz\/~stem\/2024\/wp-json\/wp\/v2\/pages\/36","targetHints":{"allow":["GET"]}}],"collection":[{"href":"https:\/\/home.pf.jcu.cz\/~stem\/2024\/wp-json\/wp\/v2\/pages"}],"about":[{"href":"https:\/\/home.pf.jcu.cz\/~stem\/2024\/wp-json\/wp\/v2\/types\/page"}],"author":[{"embeddable":true,"href":"https:\/\/home.pf.jcu.cz\/~stem\/2024\/wp-json\/wp\/v2\/users\/1"}],"replies":[{"embeddable":true,"href":"https:\/\/home.pf.jcu.cz\/~stem\/2024\/wp-json\/wp\/v2\/comments?post=36"}],"version-history":[{"count":13,"href":"https:\/\/home.pf.jcu.cz\/~stem\/2024\/wp-json\/wp\/v2\/pages\/36\/revisions"}],"predecessor-version":[{"id":1084,"href":"https:\/\/home.pf.jcu.cz\/~stem\/2024\/wp-json\/wp\/v2\/pages\/36\/revisions\/1084"}],"wp:attachment":[{"href":"https:\/\/home.pf.jcu.cz\/~stem\/2024\/wp-json\/wp\/v2\/media?parent=36"}],"curies":[{"name":"wp","href":"https:\/\/api.w.org\/{rel}","templated":true}]}}