{"id":480,"date":"2022-05-24T14:21:16","date_gmt":"2022-05-24T12:21:16","guid":{"rendered":"https:\/\/home.pf.jcu.cz\/~stem\/?page_id=480"},"modified":"2026-04-13T16:23:31","modified_gmt":"2026-04-13T14:23:31","slug":"o-konferenci","status":"publish","type":"page","link":"https:\/\/home.pf.jcu.cz\/~stem\/2026\/index.php\/o-konferenci\/","title":{"rendered":"O konferenci"},"content":{"rendered":"\n<h3 class=\"wp-block-heading\">Akreditace<\/h3>\n\n\n\n<p>Je po\u017e\u00e1d\u00e1no o akreditaci konference Jednotou \u010desk\u00fdch matematik\u016f a&nbsp;fyzik\u016f jako akce pr\u016fb\u011b\u017en\u00e9ho vzd\u011bl\u00e1v\u00e1n\u00ed pedagogick\u00fdch pracovn\u00edk\u016f v&nbsp;rozsahu 16 hodin. Jakmile bude akreditace ud\u011blena, zve\u0159ejn\u00edme zde p\u0159\u00edslu\u0161n\u00e9 informace.<\/p>\n\n\n\n<h3 class=\"wp-block-heading\">Vlo\u017en\u00e9<\/h3>\n\n\n\n<p><\/p>\n\n\n\n<p><strong>Vlo\u017en\u00e9 na konferenci je 1500 K\u010d.<\/strong><\/p>\n\n\n\n<p>Ve vlo\u017en\u00e9m jsou zahrnuty n\u00e1klady na zaji\u0161t\u011bn\u00ed konference. \u00dahrada vlo\u017en\u00e9ho prob\u00edh\u00e1 p\u0159edem podle \u00fadaj\u016f na z\u00e1lohov\u00e9 faktu\u0159e, kter\u00e1 V\u00e1m bude vygenerov\u00e1na p\u0159i z\u00e1vazn\u00e9 registraci na t\u00e9to str\u00e1nce. Vlo\u017en\u00e9 je mo\u017en\u00e9 platit i&nbsp;hotov\u011b, v dob\u011b kon\u00e1n\u00ed konference.<\/p>\n\n\n\n<p><\/p>\n\n\n\n<h3 class=\"wp-block-heading\">Stravov\u00e1n\u00ed<\/h3>\n\n\n\n<p><\/p>\n\n\n\n<p><strong>Konferen\u010dn\u00ed ve\u010de\u0159e<\/strong><br>V r\u00e1mci konference je tradi\u010dn\u011b uspo\u0159\u00e1d\u00e1na slavnostn\u00ed konferen\u010dn\u00ed ve\u010de\u0159e. \u00da\u010dast na n\u00ed je nutn\u00e9 z\u00e1vazn\u011b potvrdit p\u0159i online registraci na str\u00e1nce konference (viz rubrika Registrace). Platba vstupn\u00e9ho ve v\u00fd\u0161i<strong> 300 K\u010d<\/strong> bude provedena formou fakturace o tuto \u010d\u00e1stku zv\u00fd\u0161en\u00e9ho vlo\u017en\u00e9ho.<\/p>\n\n\n\n<p><\/p>\n\n\n\n<p><strong>Krom\u011b konferen\u010dn\u00ed ve\u010de\u0159e a ob\u010derstven\u00ed pro p\u0159est\u00e1vky na k\u00e1vu nebude pro \u00fa\u010dastn\u00edky konference organizov\u00e1no spole\u010dn\u00e9 stravov\u00e1n\u00ed.<\/strong><\/p>\n\n\n\n<p>Vzhledem k tomu, \u017ee se konference kon\u00e1 v centru \u010cesk\u00fdch Bud\u011bjovic, je mo\u017en\u00e9 vyu\u017e\u00edt nab\u00eddky \u0159ady restaurac\u00ed v okol\u00ed. Zde jsou n\u011bkter\u00e9 z nich:<\/p>\n\n\n\n<p><em>Hotel Budweis<\/em>, Ml\u00fdnsk\u00e1 165\/6, https:\/\/www.hotelbudweis.cz<br><em>Restaurace Vatik\u00e1n<\/em>, Lannova t\u0159. 238\/2, 37001 \u010cesk\u00e9 Bud\u011bjovice<br><em>Mai restaurace<\/em>, Lannova t\u0159. 16\/13, 37001 \u010cesk\u00e9 Bud\u011bjovice<br><em>Restaurace U \u010cern\u00e9ho kon\u00ed\u010dka<\/em>, \u017di\u017ekova t\u0159. 220\/15, 37001 \u010cesk\u00e9 Bud\u011bjovice<br><em>Indick\u00e1 restaurace Tandoor<\/em>, Lannova t\u0159. 91\/51, 37001 \u010cesk\u00e9 Bud\u011bjovice<br><em>Restaurace Born in London<\/em>, Dvo\u0159\u00e1kova 142\/11, 37001 \u010cesk\u00e9 Bud\u011bjovice<br><em>Pizzerie bar POLO<\/em>, Kanovnick\u00e1 1797, 37001 \u010cesk\u00e9 Bud\u011bjovice<br><em>Restaurace BRIO Lunch<\/em>, Kn\u011b\u017esk\u00e1 411\/6, 37001 \u010cesk\u00e9 Bud\u011bjovice<\/p>\n\n\n\n<h3 class=\"wp-block-heading\">Ubytov\u00e1n\u00ed<\/h3>\n\n\n\n<p><strong>Ubytov\u00e1n\u00ed na konferenci si za\u0159izuje ka\u017ed\u00fd \u00fa\u010dastn\u00edk s\u00e1m.<\/strong><\/p>\n\n\n\n<p>Zde uv\u00e1d\u00edme v\u00fdb\u011br vhodn\u00fdch ubytovac\u00edch za\u0159\u00edzen\u00ed v r\u016fzn\u00fdch cenov\u00fdch kategori\u00edch v okol\u00ed m\u00edsta kon\u00e1n\u00ed konference:<\/p>\n\n\n\n<p><em>Atelier Lanna<\/em>, Jir\u00e1skovo n\u00e1b\u0159. ev. \u010d. 45,\u00a0<a href=\"http:\/\/koncept-lanna.cz\/\" target=\"_blank\" rel=\"noreferrer noopener\">koncept-lanna.cz<\/a><br><em>AG Penzion Smetanka<\/em>,\u00a0<a href=\"https:\/\/www.penzion-cbudejovice.cz\/\" target=\"_blank\" rel=\"noreferrer noopener\">www.penzion-cbudejovice.cz<\/a><br><em>Grandhotel Zvon<\/em>,\u00a0<a href=\"https:\/\/www.hotel-zvon.cz\/\" target=\"_blank\" rel=\"noreferrer noopener\">www.hotel-zvon.cz<\/a><br><em>Hotel Dvo\u0159\u00e1k<\/em>,\u00a0<a href=\"https:\/\/www.hoteldvorakcb.cz\/\" target=\"_blank\" rel=\"noreferrer noopener\">www.hoteldvorakcb.cz<\/a><br><em>Penzion Hradsk\u00fd<\/em>,\u00a0<a href=\"https:\/\/www.penzion-hradsky.cz\/\" target=\"_blank\" rel=\"noreferrer noopener\">www.penzion-hradsky.cz<\/a><br><em>Hotel Budweis<\/em>,\u00a0<a href=\"http:\/\/www.hotelbudweis.cz\/\" target=\"_blank\" rel=\"noreferrer noopener\">www.hotelbudweis.cz<\/a><br><em>Hotel U t\u0159\u00ed hru\u0161ek<\/em>,\u00a0<a href=\"http:\/\/utrihrusek.cz\/cs_cz\" target=\"_blank\" rel=\"noreferrer noopener\">utrihrusek.cz\/cs_cz<\/a><br><em>Hotel Metropol<\/em>,\u00a0<a href=\"https:\/\/www.hotelmetropolcb.cz\/\" target=\"_blank\" rel=\"noreferrer noopener\">www.hotelmetropolcb.cz<\/a><br><em>Hotel U n\u00e1dra\u017e\u00ed<\/em>,\u00a0<a href=\"http:\/\/www.hotelcb.cz\/\" target=\"_blank\" rel=\"noreferrer noopener\">www.hotelcb.cz<\/a><br><em>Sport Hotel \u010cesk\u00e9 Bud\u011bjovice<\/em>,\u00a0<a href=\"http:\/\/www.sporthotelcb.cz\/\" target=\"_blank\" rel=\"noreferrer noopener\">www.sporthotelcb.cz<\/a><br><em>Ubytovna U n\u00e1dra\u017e\u00ed<\/em>,\u00a0<a href=\"http:\/\/www.ubytovnacb.cz\/\" target=\"_blank\" rel=\"noreferrer noopener\">www.ubytovnacb.cz<\/a><\/p>\n\n\n\n<p>Dal\u0161\u00ed mo\u017enosti ubytov\u00e1n\u00ed v \u010cesk\u00fdch Bud\u011bjovic\u00edch viz nap\u0159.&nbsp;<a href=\"https:\/\/www.booking.com\/accommodation\/city\/cz\/ceske-budejovice.cs.html\" target=\"_blank\" rel=\"noreferrer noopener\">https:\/\/www.booking.com\/accommodation\/city\/cz\/ceske-budejovice.cs.html<\/a><\/p>\n","protected":false},"excerpt":{"rendered":"<p>Akreditace Je po\u017e\u00e1d\u00e1no o akreditaci konference Jednotou \u010desk\u00fdch matematik\u016f a&nbsp;fyzik\u016f jako akce pr\u016fb\u011b\u017en\u00e9ho vzd\u011bl\u00e1v\u00e1n\u00ed pedagogick\u00fdch pracovn\u00edk\u016f v&nbsp;rozsahu 16 hodin. Jakmile bude akreditace ud\u011blena, zve\u0159ejn\u00edme zde p\u0159\u00edslu\u0161n\u00e9 informace. Vlo\u017en\u00e9 Vlo\u017en\u00e9 na konferenci je 1500 K\u010d. Ve vlo\u017en\u00e9m jsou zahrnuty n\u00e1klady na zaji\u0161t\u011bn\u00ed konference. \u00dahrada vlo\u017en\u00e9ho prob\u00edh\u00e1 p\u0159edem podle \u00fadaj\u016f na z\u00e1lohov\u00e9 faktu\u0159e, kter\u00e1 V\u00e1m bude vygenerov\u00e1na [&hellip;]<\/p>\n","protected":false},"author":2,"featured_media":0,"parent":0,"menu_order":0,"comment_status":"closed","ping_status":"closed","template":"","meta":{"footnotes":""},"class_list":["post-480","page","type-page","status-publish","hentry"],"_links":{"self":[{"href":"https:\/\/home.pf.jcu.cz\/~stem\/2026\/index.php\/wp-json\/wp\/v2\/pages\/480","targetHints":{"allow":["GET"]}}],"collection":[{"href":"https:\/\/home.pf.jcu.cz\/~stem\/2026\/index.php\/wp-json\/wp\/v2\/pages"}],"about":[{"href":"https:\/\/home.pf.jcu.cz\/~stem\/2026\/index.php\/wp-json\/wp\/v2\/types\/page"}],"author":[{"embeddable":true,"href":"https:\/\/home.pf.jcu.cz\/~stem\/2026\/index.php\/wp-json\/wp\/v2\/users\/2"}],"replies":[{"embeddable":true,"href":"https:\/\/home.pf.jcu.cz\/~stem\/2026\/index.php\/wp-json\/wp\/v2\/comments?post=480"}],"version-history":[{"count":12,"href":"https:\/\/home.pf.jcu.cz\/~stem\/2026\/index.php\/wp-json\/wp\/v2\/pages\/480\/revisions"}],"predecessor-version":[{"id":993,"href":"https:\/\/home.pf.jcu.cz\/~stem\/2026\/index.php\/wp-json\/wp\/v2\/pages\/480\/revisions\/993"}],"wp:attachment":[{"href":"https:\/\/home.pf.jcu.cz\/~stem\/2026\/index.php\/wp-json\/wp\/v2\/media?parent=480"}],"curies":[{"name":"wp","href":"https:\/\/api.w.org\/{rel}","templated":true}]}}