{"id":484,"date":"2022-05-31T09:30:41","date_gmt":"2022-05-31T07:30:41","guid":{"rendered":"https:\/\/home.pf.jcu.cz\/~stem\/?page_id=484"},"modified":"2022-05-31T09:30:41","modified_gmt":"2022-05-31T07:30:41","slug":"seznam-prihlasenych-ucastniku","status":"publish","type":"page","link":"https:\/\/home.pf.jcu.cz\/~stem\/2026\/index.php\/seznam-prihlasenych-ucastniku\/","title":{"rendered":"Seznam p\u0159ihl\u00e1\u0161en\u00fdch \u00fa\u010dastn\u00edk\u016f"},"content":{"rendered":"\t<table class=\"seznam_ucastniku\">\n\t  <tr>\n\t    <th class=\"jmeno_prijmeni\" style=\"width: 30%;\">Jm\u00e9no a p\u0159\u00edjmen\u00ed<\/th>\n\t    <th class=\"prispevek\" style=\"width: 35%;\">P\u0159\u00edsp\u011bvek<\/th>\n\t  <\/tr>\n\t\t<\/table>\n\n\t<p class=\"center\">Zat\u00edm se nikdo nezaregistroval.<\/p>\n\n\t\n","protected":false},"excerpt":{"rendered":"","protected":false},"author":1,"featured_media":0,"parent":0,"menu_order":0,"comment_status":"closed","ping_status":"closed","template":"","meta":{"footnotes":""},"class_list":["post-484","page","type-page","status-publish","hentry"],"_links":{"self":[{"href":"https:\/\/home.pf.jcu.cz\/~stem\/2026\/index.php\/wp-json\/wp\/v2\/pages\/484","targetHints":{"allow":["GET"]}}],"collection":[{"href":"https:\/\/home.pf.jcu.cz\/~stem\/2026\/index.php\/wp-json\/wp\/v2\/pages"}],"about":[{"href":"https:\/\/home.pf.jcu.cz\/~stem\/2026\/index.php\/wp-json\/wp\/v2\/types\/page"}],"author":[{"embeddable":true,"href":"https:\/\/home.pf.jcu.cz\/~stem\/2026\/index.php\/wp-json\/wp\/v2\/users\/1"}],"replies":[{"embeddable":true,"href":"https:\/\/home.pf.jcu.cz\/~stem\/2026\/index.php\/wp-json\/wp\/v2\/comments?post=484"}],"version-history":[{"count":0,"href":"https:\/\/home.pf.jcu.cz\/~stem\/2026\/index.php\/wp-json\/wp\/v2\/pages\/484\/revisions"}],"wp:attachment":[{"href":"https:\/\/home.pf.jcu.cz\/~stem\/2026\/index.php\/wp-json\/wp\/v2\/media?parent=484"}],"curies":[{"name":"wp","href":"https:\/\/api.w.org\/{rel}","templated":true}]}}