{"id":858,"date":"2024-04-05T20:22:10","date_gmt":"2024-04-05T18:22:10","guid":{"rendered":"https:\/\/home.pf.jcu.cz\/~stem\/2024\/?page_id=858"},"modified":"2024-04-05T20:22:10","modified_gmt":"2024-04-05T18:22:10","slug":"personal-data","status":"publish","type":"page","link":"https:\/\/home.pf.jcu.cz\/~stem\/2026\/index.php\/en\/personal-data\/","title":{"rendered":"Personal data"},"content":{"rendered":"\n\t<div class=\"loginForm\">\r\n\t\t<form name=\"loginform\" id=\"loginform\" action=\"https:\/\/home.pf.jcu.cz\/~stem\/2026\/wp-login.php\" method=\"post\">\r\n\t\t\t<p>E-mail: <input id=\"user_login\" type=\"email\" size=\"20\" value=\"\" name=\"log\" autocorrect=\"off\" autocapitalize=\"none\"><\/p>\r\n\t\t\t<p>Heslo: <input id=\"user_pass\" type=\"password\" size=\"20\" value=\"\" name=\"pwd\"><br>\r\n\t\t\t\t<input id=\"rememberme\" type=\"checkbox\" value=\"forever\" name=\"rememberme\"> <label for=\"rememberme\">Pamatovat si m\u011b<\/label>\r\n\t\t\t<\/p>\r\n\r\n\t\t\t<p><input id=\"wp-submit\" type=\"submit\" value=\"P\u0159ihl\u00e1sit se\" name=\"wp-submit\"><\/p>\r\n\t\t\t<input type=\"hidden\" value=\"https:\/\/home.pf.jcu.cz\/~stem\/2026\/index.php\/en\/personal-data\/\" name=\"redirect_to\">\r\n\t\t<\/form>\r\n\t\t<p><\/p><p><\/p>\r\n\t\t<p>\r\n\t\t\tNeda\u0159\u00ed se V\u00e1m p\u0159ihl\u00e1sit?<br> M\u016f\u017eete  pou\u017e\u00edt odkaz pro <a href=\"https:\/\/home.pf.jcu.cz\/~stem\/2026\/wp-login.php?action=lostpassword&#038;redirect_to=https%3A%2F%2Fhome.pf.jcu.cz%2F%7Estem%2F2026%2Findex.php%2Fen%2Fpersonal-data%2F%3Fzapomenuteheslo%3Dok\">zapomenut\u00e9 heslo<\/a>. \r\n<\/p>\t<p>\r\n\t\t\tPokud na konferenci je\u0161t\u011b p\u0159ihl\u00e1\u0161eni nejste, m\u016f\u017eete se nejd\u0159\u00edve \t\t\t<a href=\"https:\/\/home.pf.jcu.cz\/~stem\/2026\/index.php\/en\/personal-data\/\">registrovat<\/a>. \r\n\t\t<\/p>\r\n\r\n\t<\/div>\r\n\t\n","protected":false},"excerpt":{"rendered":"","protected":false},"author":1,"featured_media":0,"parent":0,"menu_order":0,"comment_status":"closed","ping_status":"closed","template":"","meta":{"footnotes":""},"class_list":["post-858","page","type-page","status-publish","hentry"],"_links":{"self":[{"href":"https:\/\/home.pf.jcu.cz\/~stem\/2026\/index.php\/wp-json\/wp\/v2\/pages\/858","targetHints":{"allow":["GET"]}}],"collection":[{"href":"https:\/\/home.pf.jcu.cz\/~stem\/2026\/index.php\/wp-json\/wp\/v2\/pages"}],"about":[{"href":"https:\/\/home.pf.jcu.cz\/~stem\/2026\/index.php\/wp-json\/wp\/v2\/types\/page"}],"author":[{"embeddable":true,"href":"https:\/\/home.pf.jcu.cz\/~stem\/2026\/index.php\/wp-json\/wp\/v2\/users\/1"}],"replies":[{"embeddable":true,"href":"https:\/\/home.pf.jcu.cz\/~stem\/2026\/index.php\/wp-json\/wp\/v2\/comments?post=858"}],"version-history":[{"count":0,"href":"https:\/\/home.pf.jcu.cz\/~stem\/2026\/index.php\/wp-json\/wp\/v2\/pages\/858\/revisions"}],"wp:attachment":[{"href":"https:\/\/home.pf.jcu.cz\/~stem\/2026\/index.php\/wp-json\/wp\/v2\/media?parent=858"}],"curies":[{"name":"wp","href":"https:\/\/api.w.org\/{rel}","templated":true}]}}