{"id":877,"date":"2020-09-17T17:19:56","date_gmt":"2020-09-17T15:19:56","guid":{"rendered":"http:\/\/home.pf.jcu.cz\/~stem\/?page_id=36"},"modified":"2026-04-09T17:11:40","modified_gmt":"2026-04-09T15:11:40","slug":"program","status":"publish","type":"page","link":"https:\/\/home.pf.jcu.cz\/~stem\/2026\/index.php\/program\/","title":{"rendered":"Program"},"content":{"rendered":"\n<p>Zanedlouho zde bude uveden r\u00e1mcov\u00fd program konference, kter\u00fd bude pr\u016fb\u011b\u017en\u011b up\u0159es\u0148ov\u00e1n do podoby detailn\u00edho programu.<\/p>\n","protected":false},"excerpt":{"rendered":"<p>Zanedlouho zde bude uveden r\u00e1mcov\u00fd program konference, kter\u00fd bude pr\u016fb\u011b\u017en\u011b up\u0159es\u0148ov\u00e1n do podoby detailn\u00edho programu.<\/p>\n","protected":false},"author":1,"featured_media":0,"parent":0,"menu_order":0,"comment_status":"closed","ping_status":"closed","template":"","meta":{"footnotes":""},"class_list":["post-877","page","type-page","status-publish","hentry"],"_links":{"self":[{"href":"https:\/\/home.pf.jcu.cz\/~stem\/2026\/index.php\/wp-json\/wp\/v2\/pages\/877","targetHints":{"allow":["GET"]}}],"collection":[{"href":"https:\/\/home.pf.jcu.cz\/~stem\/2026\/index.php\/wp-json\/wp\/v2\/pages"}],"about":[{"href":"https:\/\/home.pf.jcu.cz\/~stem\/2026\/index.php\/wp-json\/wp\/v2\/types\/page"}],"author":[{"embeddable":true,"href":"https:\/\/home.pf.jcu.cz\/~stem\/2026\/index.php\/wp-json\/wp\/v2\/users\/1"}],"replies":[{"embeddable":true,"href":"https:\/\/home.pf.jcu.cz\/~stem\/2026\/index.php\/wp-json\/wp\/v2\/comments?post=877"}],"version-history":[{"count":1,"href":"https:\/\/home.pf.jcu.cz\/~stem\/2026\/index.php\/wp-json\/wp\/v2\/pages\/877\/revisions"}],"predecessor-version":[{"id":907,"href":"https:\/\/home.pf.jcu.cz\/~stem\/2026\/index.php\/wp-json\/wp\/v2\/pages\/877\/revisions\/907"}],"wp:attachment":[{"href":"https:\/\/home.pf.jcu.cz\/~stem\/2026\/index.php\/wp-json\/wp\/v2\/media?parent=877"}],"curies":[{"name":"wp","href":"https:\/\/api.w.org\/{rel}","templated":true}]}}