{"id":973,"date":"2026-04-13T13:49:10","date_gmt":"2026-04-13T11:49:10","guid":{"rendered":"https:\/\/home.pf.jcu.cz\/~stem\/2026\/?page_id=973"},"modified":"2026-04-13T14:17:57","modified_gmt":"2026-04-13T12:17:57","slug":"stem-education-conference","status":"publish","type":"page","link":"https:\/\/home.pf.jcu.cz\/~stem\/2026\/index.php\/en\/stem-education-conference\/","title":{"rendered":"STEM education conference"},"content":{"rendered":"\n<h4 class=\"wp-block-heading\">26\u201327 November 2026<\/h4>\n\n\n\n<p>The fourth conference dedicated to STEM (Science, Technology, Engineering, and Mathematics) education is organized by the Faculty of Education of the University of South Bohemia in \u010cesk\u00e9 Bud\u011bjovice. Its aim is to bring together lower and upper secondary school teachers, as well as national and international academic experts in STEM fields and in the education of teachers of related disciplines, to exchange experiences and engage in discussions on theoretical foundations, organizational approaches, and the expected outcomes of implementing STEM education principles into lower and upper secondary school curricula and into the preparation of future teachers of related subjects.<\/p>\n\n\n\n<p><strong>The two-day conference will take place on November 26\u201327, 2026, at the Faculty of Education of the University of South Bohemia in \u010cesk\u00e9 Bud\u011bjovice, specifically in the buildings located at Dukelsk\u00e1 9 and Jeron\u00fdmova 10 &nbsp;(<a href=\"https:\/\/www.google.com\/maps\/d\/edit?mid=1Y_9h2NQXSVNgkcOq-1mL7zpHfcY8kd8&amp;usp=sharing\" target=\"_blank\" rel=\"noreferrer noopener\">map<\/a>).<\/strong><\/p>\n\n\n\n<p>The conference fee is CZK 1,500.<\/p>\n\n\n\n<p>The official conference languages are Czech and English.<\/p>\n\n\n\n<h5 class=\"wp-block-heading\"><strong>Important dates <\/strong><\/h5>\n\n\n\n<ul class=\"wp-block-list\">\n<li>From April 27 \u2013 registration opens (see <a href=\"https:\/\/home.pf.jcu.cz\/~stem\/2026\/index.php\/en\/registration\/\" target=\"_blank\" rel=\"noreferrer noopener\">Registration<\/a>)<\/li>\n\n\n\n<li>By October 31 \u2013 submission of contributions: paper (15+5 minutes), workshop (90 minutes), or poster, by sending an abstract (800\u20131,500 characters, excluding spaces)<\/li>\n\n\n\n<li>November 26 \u2013 conference opening<\/li>\n\n\n\n<li>November 27 \u2013 conference closing<\/li>\n<\/ul>\n\n\n\n<h5 class=\"wp-block-heading\"><strong>Plenary Speakers<\/strong><\/h5>\n\n\n\n<ul class=\"wp-block-list\">\n<li><a href=\"https:\/\/home.pf.jcu.cz\/~stem\/2026\/index.php\/2026\/04\/09\/ludek-berec\/\" target=\"_blank\" rel=\"noreferrer noopener\">doc. Ing. Lud\u011bk Berec, Dr.<\/a><br><em>University of South Bohemia in \u010cesk\u00e9 Bud\u011bjovice<\/em><br><a href=\"https:\/\/home.pf.jcu.cz\/~stem\/2026\/index.php\/2026\/04\/09\/kdyz-se-virus-potka-s-rovnicemi\/\" target=\"_blank\" rel=\"noreferrer noopener\">Kdy\u017e se virus potk\u00e1 s rovnicemi<\/a>&nbsp;<\/li>\n\n\n\n<li><a href=\"https:\/\/home.pf.jcu.cz\/~stem\/2026\/index.php\/2026\/04\/09\/miroslav-sebo\/\" target=\"_blank\" rel=\"noreferrer noopener\">Mgr. Miroslav \u0160ebo, PhD.<\/a><br><em>Constantine the Philosopher University in Nitra<\/em><br><a href=\"https:\/\/home.pf.jcu.cz\/~stem\/2026\/index.php\/2026\/04\/09\/interdisciplinarne-stem-projekty-s-mikrokontrolermi-a-moznosti-vyuzitia-ai-vo-vzdelavani\/\" target=\"_blank\" rel=\"noreferrer noopener\">Interdisciplin\u00e1rne STEM projekty s mikrokontrol\u00e9rmi a mo\u017enosti vyu\u017eitia AI vo vzdel\u00e1van\u00ed<\/a><\/li>\n\n\n\n<li><a href=\"https:\/\/home.pf.jcu.cz\/~stem\/2026\/index.php\/2026\/04\/10\/petr-smejkal\/\" target=\"_blank\" rel=\"noreferrer noopener\">doc. RNDr. Petr \u0160mejkal, Ph.D.<\/a><br><em>Charles University<\/em><br><a href=\"https:\/\/home.pf.jcu.cz\/~stem\/2026\/index.php\/2026\/04\/10\/virtualni-realita-ve-vyuce-prirodovednych-predmetu-vyzva-nebo-prilezitost\/\" target=\"_blank\" rel=\"noreferrer noopener\">Virtu\u00e1ln\u00ed realita ve v\u00fduce&nbsp;<em>p\u0159\u00edrodov\u011bdn\u00fdch p\u0159edm\u011bt\u016f<\/em>: v\u00fdzva, nebo p\u0159\u00edle\u017eitost?<\/a><\/li>\n<\/ul>\n\n\n\n<h5 class=\"wp-block-heading\">Invited workshops<\/h5>\n\n\n\n<ul class=\"wp-block-list\">\n<li><a href=\"https:\/\/home.pf.jcu.cz\/~stem\/2026\/index.php\/2026\/04\/13\/ozobots-in-stem\/\" target=\"_blank\" rel=\"noreferrer noopener\">Ozobots in STEM<\/a><br><a href=\"https:\/\/home.pf.jcu.cz\/~stem\/2026\/index.php\/2026\/04\/13\/eva-schmidthaler\/\" target=\"_blank\" rel=\"noreferrer noopener\">Mag. Eva Schmidthaler, PhD<\/a>,&nbsp;<em>Johannes Kepler University Linz<\/em><\/li>\n<\/ul>\n\n\n\n<h5 class=\"wp-block-heading\">Support<\/h5>\n\n\n\n<p>The conference is organized with the support of the University of South Bohemia in \u010cesk\u00e9 Bud\u011bjovice and the Union of Czech Mathematicians and Physicists.<\/p>\n\n\n\n<h5 class=\"wp-block-heading\">Programme Committee<\/h5>\n\n\n\n<p>Mgr. Roman Ha\u0161ek, Ph.D.<br>doc. RNDr. Helena Koldov\u00e1, Ph.D.<br>doc. RNDr. Stanislav Kraft, Ph.D.<br>RNDr. Pavel K\u0159\u00ed\u017e, Ph.D.<br>doc. RNDr. Vladim\u00edra Petr\u00e1\u0161kov\u00e1, Ph.D.<br>Mgr. Luk\u00e1\u0161 Rokos, Ph.D.<br>doc. RNDr. Libu\u0161e Samkov\u00e1, Ph.D.<br>doc. PaedDr. Ji\u0159\u00ed Van\u00ed\u010dek, Ph.D.<br>prof. David C. Webb, Ph.D.<\/p>\n\n\n\n<h5 class=\"wp-block-heading\">Organising Committee<\/h5>\n\n\n\n<p>Mgr. Roman Ha\u0161ek, Ph.D.<br>RNDr. Marika Hrube\u0161ov\u00e1, Ph.D.<br>RNDr. Pavel K\u0159\u00ed\u017e, Ph.D.<br>doc. RNDr. Vladim\u00edra Petr\u00e1\u0161kov\u00e1, Ph.D.<br>Mgr. Luk\u00e1\u0161 Rokos, Ph.D.<br>RNDr. Tom\u00e1\u0161 Roskovec, Ph.D.<br>doc. RNDr. Libu\u0161e Samkov\u00e1, Ph.D.<\/p>\n","protected":false},"excerpt":{"rendered":"<p>26\u201327 November 2026 The fourth conference dedicated to STEM (Science, Technology, Engineering, and Mathematics) education is organized by the Faculty of Education of the University of South Bohemia in \u010cesk\u00e9 Bud\u011bjovice. Its aim is to bring together lower and upper secondary school teachers, as well as national and international academic experts in STEM fields and [&hellip;]<\/p>\n","protected":false},"author":2,"featured_media":0,"parent":0,"menu_order":0,"comment_status":"closed","ping_status":"open","template":"","meta":{"footnotes":""},"class_list":["post-973","page","type-page","status-publish","hentry"],"_links":{"self":[{"href":"https:\/\/home.pf.jcu.cz\/~stem\/2026\/index.php\/wp-json\/wp\/v2\/pages\/973","targetHints":{"allow":["GET"]}}],"collection":[{"href":"https:\/\/home.pf.jcu.cz\/~stem\/2026\/index.php\/wp-json\/wp\/v2\/pages"}],"about":[{"href":"https:\/\/home.pf.jcu.cz\/~stem\/2026\/index.php\/wp-json\/wp\/v2\/types\/page"}],"author":[{"embeddable":true,"href":"https:\/\/home.pf.jcu.cz\/~stem\/2026\/index.php\/wp-json\/wp\/v2\/users\/2"}],"replies":[{"embeddable":true,"href":"https:\/\/home.pf.jcu.cz\/~stem\/2026\/index.php\/wp-json\/wp\/v2\/comments?post=973"}],"version-history":[{"count":5,"href":"https:\/\/home.pf.jcu.cz\/~stem\/2026\/index.php\/wp-json\/wp\/v2\/pages\/973\/revisions"}],"predecessor-version":[{"id":980,"href":"https:\/\/home.pf.jcu.cz\/~stem\/2026\/index.php\/wp-json\/wp\/v2\/pages\/973\/revisions\/980"}],"wp:attachment":[{"href":"https:\/\/home.pf.jcu.cz\/~stem\/2026\/index.php\/wp-json\/wp\/v2\/media?parent=973"}],"curies":[{"name":"wp","href":"https:\/\/api.w.org\/{rel}","templated":true}]}}