{"id":391,"date":"2015-10-30T12:09:47","date_gmt":"2015-10-30T12:09:47","guid":{"rendered":"http:\/\/home.pf.jcu.cz\/~upvvm\/2015\/?page_id=391"},"modified":"2023-10-27T22:33:53","modified_gmt":"2023-10-27T20:33:53","slug":"workshopy","status":"publish","type":"page","link":"https:\/\/home.pf.jcu.cz\/~upvm\/2023\/index.php\/workshopy\/","title":{"rendered":"Workshopy"},"content":{"rendered":"\n<p><strong><a href=\"https:\/\/home.pf.jcu.cz\/~upvm\/2023\/index.php\/2023\/10\/27\/development-of-augmented-reality-learning-and-teaching-materials-for-stem-education\/\" target=\"_blank\" rel=\"noreferrer noopener\">Development of Augmented reality learning and teaching materials for STEM education<\/a><\/strong><br>Branko An\u0111i\u0107, Luk\u00e1\u0161 Rokos, Eva Schmidthaler, Radka Matou\u0161kov\u00e1<br><em>Johannes Kepler Universit\u00e4t Linz<\/em>, <em>Jiho\u010desk\u00e1 univerzita v \u010c. Bud\u011bjovic\u00edch, Pedagogick\u00e1 fakulta<\/em><\/p>\n\n\n\n<p><strong><a href=\"https:\/\/home.pf.jcu.cz\/~upvm\/2023\/index.php\/2023\/10\/27\/mekke-dovednosti-ve-vyuce-financni-gramotnosti-s-podporou-it-2\/\" data-type=\"URL\" data-id=\"https:\/\/home.pf.jcu.cz\/~upvm\/2023\/index.php\/2023\/10\/27\/mekke-dovednosti-ve-vyuce-financni-gramotnosti-s-podporou-it-2\/\" target=\"_blank\" rel=\"noreferrer noopener\">M\u011bkk\u00e9 dovednosti ve v\u00fduce finan\u010dn\u00ed gramotnosti s podporou IT<\/a><\/strong><br>Jana Dole\u017ealov\u00e1<br><em>Z\u0160 Vimperk<\/em><\/p>\n\n\n\n<p><strong><a href=\"https:\/\/home.pf.jcu.cz\/~upvm\/2023\/index.php\/2023\/10\/27\/math4u-2\/\" data-type=\"URL\" data-id=\"https:\/\/home.pf.jcu.cz\/~upvm\/2023\/index.php\/2023\/10\/27\/math4u-2\/\" target=\"_blank\" rel=\"noreferrer noopener\">Math4U<\/a><\/strong><br>Adam Hlav\u00e1\u010d<br><em>Gymn\u00e1zium Hladnov, Ostrava<\/em><\/p>\n\n\n\n<p><strong><a href=\"https:\/\/home.pf.jcu.cz\/~upvm\/2023\/index.php\/2023\/10\/27\/in-touch-with-geometry-and-beyond-sketchometry-the-tool\/\" data-type=\"URL\" data-id=\"https:\/\/home.pf.jcu.cz\/~upvm\/2023\/index.php\/2023\/10\/27\/in-touch-with-geometry-and-beyond-sketchometry-the-tool\/\" target=\"_blank\" rel=\"noreferrer noopener\">In Touch with Geometry and Beyond - sketchometry the Tool<\/a><\/strong><br>Carsten Miller<br><em>Universit\u00e4t Bayreuth<\/em><\/p>\n\n\n\n<p><strong><a href=\"https:\/\/home.pf.jcu.cz\/~upvm\/2023\/index.php\/2023\/10\/27\/vyuziti-nastroje-perusall-ve-vyuce-a-hodnoceni-na-vysoke-skole-2\/\" data-type=\"URL\" data-id=\"https:\/\/home.pf.jcu.cz\/~upvm\/2023\/index.php\/2023\/10\/27\/vyuziti-nastroje-perusall-ve-vyuce-a-hodnoceni-na-vysoke-skole-2\/\" target=\"_blank\" rel=\"noreferrer noopener\">Vyu\u017eit\u00ed n\u00e1stroje Perusall ve v\u00fduce a hodnocen\u00ed na vysok\u00e9 \u0161kole<\/a><\/strong><br>Krist\u00fdna Ni\u017e\u0148ask\u00e1<br><em>Univerzita Karlova Praha, Pedagogick\u00e1 fakulta<\/em><\/p>\n\n\n\n<p><strong><a href=\"https:\/\/home.pf.jcu.cz\/~upvm\/2023\/index.php\/2023\/10\/27\/jak-rozvijet-digitalni-kompetence-v-matematice-s-hybridnimi-ucebnicemi-a-pracovnimi-sesity-2\/\" data-type=\"URL\" data-id=\"https:\/\/home.pf.jcu.cz\/~upvm\/2023\/index.php\/2023\/10\/27\/jak-rozvijet-digitalni-kompetence-v-matematice-s-hybridnimi-ucebnicemi-a-pracovnimi-sesity-2\/\" target=\"_blank\" rel=\"noreferrer noopener\">Jak rozv\u00edjet digit\u00e1ln\u00ed kompetence v matematice s hybridn\u00edmi u\u010debnicemi a pracovn\u00edmi se\u0161ity?<\/a><\/strong><br>Miroslava Nov\u00e1kov\u00e1, Roman Ha\u0161ek<br><em>Nakladatelstv\u00ed Fraus,<\/em> <em>Jiho\u010desk\u00e1 univerzita v \u010c. Bud\u011bjovic\u00edch, Pedagogick\u00e1 fakulta<\/em><\/p>\n\n\n\n<p><strong><a href=\"https:\/\/home.pf.jcu.cz\/~upvm\/2023\/index.php\/2023\/10\/27\/na-mnoziny-digitalne-2\/\" data-type=\"URL\" data-id=\"https:\/\/home.pf.jcu.cz\/~upvm\/2023\/index.php\/2023\/10\/27\/na-mnoziny-digitalne-2\/\" target=\"_blank\" rel=\"noreferrer noopener\">Na mno\u017einy digit\u00e1ln\u011b<\/a><\/strong><br>Karel Pazourek<br><em>Jiho\u010desk\u00e1 univerzita v \u010c. Bud\u011bjovic\u00edch, P\u0159\u00edrodov\u011bdeck\u00e1 fakulta<\/em><\/p>\n\n\n\n<p><strong><a href=\"https:\/\/home.pf.jcu.cz\/~upvm\/2023\/index.php\/2023\/10\/27\/vyuziti-kalkulatoru-classwiz-a-prostredi-classpad-net-ve-vyuce-matematiky-2\/\" data-type=\"URL\" data-id=\"https:\/\/home.pf.jcu.cz\/~upvm\/2023\/index.php\/2023\/10\/27\/vyuziti-kalkulatoru-classwiz-a-prostredi-classpad-net-ve-vyuce-matematiky-2\/\" target=\"_blank\" rel=\"noreferrer noopener\">Vyu\u017eit\u00ed kalkul\u00e1toru Classwiz a prost\u0159ed\u00ed classpad.net ve v\u00fduce matematiky<\/a><\/strong><br>Pavel Vako\u010d<br><em>Fast \u010cR a.s.<\/em><\/p>\n\n\n\n<p><strong><a href=\"https:\/\/home.pf.jcu.cz\/~upvm\/2023\/index.php\/2023\/10\/27\/tvorba-konstrukcnich-uloh-v-geogebra-classroom-2\/\" data-type=\"URL\" data-id=\"https:\/\/home.pf.jcu.cz\/~upvm\/2023\/index.php\/2023\/10\/27\/tvorba-konstrukcnich-uloh-v-geogebra-classroom-2\/\" target=\"_blank\" rel=\"noreferrer noopener\">Tvorba konstruk\u010dn\u00edch \u00faloh v GeoGebra Classroom<\/a><\/strong><br>Luk\u00e1\u0161 V\u00edzek<br><em>Univerzita Hradec Kr\u00e1lov\u00e9, P\u0159\u00edrodov\u011bdeck\u00e1 fakulta<\/em><\/p>\n","protected":false},"excerpt":{"rendered":"<p>Development of Augmented reality learning and teaching materials for STEM educationBranko An\u0111i\u0107, Luk\u00e1\u0161 Rokos, Eva Schmidthaler, Radka Matou\u0161kov\u00e1Johannes Kepler Universit\u00e4t Linz, Jiho\u010desk\u00e1 univerzita v \u010c. Bud\u011bjovic\u00edch, Pedagogick\u00e1 fakulta M\u011bkk\u00e9 dovednosti ve v\u00fduce finan\u010dn\u00ed gramotnosti s podporou ITJana Dole\u017ealov\u00e1Z\u0160 Vimperk Math4UAdam Hlav\u00e1\u010dGymn\u00e1zium Hladnov, Ostrava In Touch with Geometry and Beyond &#8211; sketchometry the ToolCarsten MillerUniversit\u00e4t Bayreuth &hellip; <a href=\"https:\/\/home.pf.jcu.cz\/~upvm\/2023\/index.php\/workshopy\/\" class=\"more-link\">Pokra\u010dovat ve \u010dten\u00ed<span class=\"screen-reader-text\"> &#8222;Workshopy&#8220;<\/span><\/a><\/p>\n","protected":false},"author":1,"featured_media":0,"parent":0,"menu_order":0,"comment_status":"closed","ping_status":"closed","template":"","meta":{"footnotes":""},"class_list":["post-391","page","type-page","status-publish","hentry"],"_links":{"self":[{"href":"https:\/\/home.pf.jcu.cz\/~upvm\/2023\/index.php\/wp-json\/wp\/v2\/pages\/391","targetHints":{"allow":["GET"]}}],"collection":[{"href":"https:\/\/home.pf.jcu.cz\/~upvm\/2023\/index.php\/wp-json\/wp\/v2\/pages"}],"about":[{"href":"https:\/\/home.pf.jcu.cz\/~upvm\/2023\/index.php\/wp-json\/wp\/v2\/types\/page"}],"author":[{"embeddable":true,"href":"https:\/\/home.pf.jcu.cz\/~upvm\/2023\/index.php\/wp-json\/wp\/v2\/users\/1"}],"replies":[{"embeddable":true,"href":"https:\/\/home.pf.jcu.cz\/~upvm\/2023\/index.php\/wp-json\/wp\/v2\/comments?post=391"}],"version-history":[{"count":12,"href":"https:\/\/home.pf.jcu.cz\/~upvm\/2023\/index.php\/wp-json\/wp\/v2\/pages\/391\/revisions"}],"predecessor-version":[{"id":1429,"href":"https:\/\/home.pf.jcu.cz\/~upvm\/2023\/index.php\/wp-json\/wp\/v2\/pages\/391\/revisions\/1429"}],"wp:attachment":[{"href":"https:\/\/home.pf.jcu.cz\/~upvm\/2023\/index.php\/wp-json\/wp\/v2\/media?parent=391"}],"curies":[{"name":"wp","href":"https:\/\/api.w.org\/{rel}","templated":true}]}}