{"id":56,"date":"2011-02-19T12:52:22","date_gmt":"2011-02-19T12:52:22","guid":{"rendered":"http:\/\/localhost\/upvvm\/2011\/?page_id=14"},"modified":"2023-10-27T11:28:29","modified_gmt":"2023-10-27T09:28:29","slug":"dulezite-terminy","status":"publish","type":"page","link":"https:\/\/home.pf.jcu.cz\/~upvm\/2023\/index.php\/dulezite-terminy\/","title":{"rendered":"D\u016fle\u017eit\u00e9 term\u00edny"},"content":{"rendered":"<ul>\n<li>30. 6. - P\u0159ihl\u00e1\u0161en\u00ed workshopu (zasl\u00e1n\u00edm n\u00e1zvu a anotace)<\/li>\n<li>30. 9. - Zasl\u00e1n\u00ed anotace p\u0159\u00edsp\u011bvku (minim\u00e1ln\u011b 800 znak\u016f, maxim\u00e1ln\u011b 1500 znak\u016f, po\u010d\u00edt\u00e1no bez mezer)<\/li>\n<li>15. 10. - Vyrozum\u011bn\u00ed o p\u0159ijet\u00ed p\u0159\u00edsp\u011bvku na konferenci<\/li>\n<li>20. 10. - Uhrazen\u00ed zv\u00fdhodn\u011bn\u00e9ho vlo\u017en\u00e9ho<\/li>\n<li>9. 11. - Zah\u00e1jen\u00ed konference (v 9:45 hod.)<\/li>\n<li>15. 12. - Odevzd\u00e1n\u00ed p\u0159\u00edsp\u011bvku pro sborn\u00edk<\/li>\n<\/ul>\n\n\n<p><\/p>\n","protected":false},"excerpt":{"rendered":"<p>30. 6. &#8211; P\u0159ihl\u00e1\u0161en\u00ed workshopu (zasl\u00e1n\u00edm n\u00e1zvu a anotace) 30. 9. &#8211; Zasl\u00e1n\u00ed anotace p\u0159\u00edsp\u011bvku (minim\u00e1ln\u011b 800 znak\u016f, maxim\u00e1ln\u011b 1500 znak\u016f, po\u010d\u00edt\u00e1no bez mezer) 15. 10. &#8211; Vyrozum\u011bn\u00ed o p\u0159ijet\u00ed p\u0159\u00edsp\u011bvku na konferenci 20. 10. &#8211; Uhrazen\u00ed zv\u00fdhodn\u011bn\u00e9ho vlo\u017en\u00e9ho 9. 11. &#8211; Zah\u00e1jen\u00ed konference (v 9:45 hod.) 15. 12. &#8211; Odevzd\u00e1n\u00ed p\u0159\u00edsp\u011bvku pro sborn\u00edk<\/p>\n","protected":false},"author":1,"featured_media":0,"parent":0,"menu_order":2,"comment_status":"closed","ping_status":"open","template":"","meta":{"footnotes":""},"class_list":["post-56","page","type-page","status-publish","hentry"],"_links":{"self":[{"href":"https:\/\/home.pf.jcu.cz\/~upvm\/2023\/index.php\/wp-json\/wp\/v2\/pages\/56","targetHints":{"allow":["GET"]}}],"collection":[{"href":"https:\/\/home.pf.jcu.cz\/~upvm\/2023\/index.php\/wp-json\/wp\/v2\/pages"}],"about":[{"href":"https:\/\/home.pf.jcu.cz\/~upvm\/2023\/index.php\/wp-json\/wp\/v2\/types\/page"}],"author":[{"embeddable":true,"href":"https:\/\/home.pf.jcu.cz\/~upvm\/2023\/index.php\/wp-json\/wp\/v2\/users\/1"}],"replies":[{"embeddable":true,"href":"https:\/\/home.pf.jcu.cz\/~upvm\/2023\/index.php\/wp-json\/wp\/v2\/comments?post=56"}],"version-history":[{"count":4,"href":"https:\/\/home.pf.jcu.cz\/~upvm\/2023\/index.php\/wp-json\/wp\/v2\/pages\/56\/revisions"}],"predecessor-version":[{"id":1395,"href":"https:\/\/home.pf.jcu.cz\/~upvm\/2023\/index.php\/wp-json\/wp\/v2\/pages\/56\/revisions\/1395"}],"wp:attachment":[{"href":"https:\/\/home.pf.jcu.cz\/~upvm\/2023\/index.php\/wp-json\/wp\/v2\/media?parent=56"}],"curies":[{"name":"wp","href":"https:\/\/api.w.org\/{rel}","templated":true}]}}