{"id":57,"date":"2011-02-19T12:52:38","date_gmt":"2011-02-19T12:52:38","guid":{"rendered":"http:\/\/localhost\/upvvm\/2011\/?page_id=16"},"modified":"2023-06-13T20:02:14","modified_gmt":"2023-06-13T18:02:14","slug":"misto-konani","status":"publish","type":"page","link":"https:\/\/home.pf.jcu.cz\/~upvm\/2023\/index.php\/misto-konani\/","title":{"rendered":"M\u00edsto kon\u00e1n\u00ed"},"content":{"rendered":"<p><span style=\"font-size: revert;\">Vzhledem k rekonstrukci budovy Pedagogick\u00e9 fakulty v ulici Dukelsk\u00e1 bude m\u00edstem kon\u00e1n\u00ed leto\u0161n\u00edho ro\u010dn\u00edku konference:\u00a0<\/span><\/p>\n<p><strong>Fakulta zem\u011bd\u011blsk\u00e1 a technologick\u00e1<br \/>\n<\/strong><strong> Jiho\u010desk\u00e1 univerzita v \u010cesk\u00fdch Bud\u011bjovic\u00edch<\/strong><br \/>\nPavilon <strong>ZR<\/strong><br \/>\nNa S\u00e1dk\u00e1ch 1780<br \/>\n370 05 \u010cesk\u00e9 Bud\u011bjovice<\/p>\n<p><iframe loading=\"lazy\" style=\"border: 0;\" src=\"https:\/\/www.google.com\/maps\/embed?pb=!1m18!1m12!1m3!1d5237.691656473997!2d14.450398595927112!3d48.97545911433533!2m3!1f0!2f0!3f0!3m2!1i1024!2i768!4f13.1!3m3!1m2!1s0x4773502626d1cc4b%3A0x73d9d3cd8a9cbe59!2sJCU%20-%20Fakulta%20zem%C4%9Bd%C4%9Blsk%C3%A1%20a%20technologick%C3%A1%20-%20Pavilon%20ZR!5e0!3m2!1scs!2scz!4v1686679142307!5m2!1scs!2scz\" width=\"600\" height=\"450\" allowfullscreen=\"allowfullscreen\"><\/iframe><\/p>\n","protected":false},"excerpt":{"rendered":"<p>Vzhledem k rekonstrukci budovy Pedagogick\u00e9 fakulty v ulici Dukelsk\u00e1 bude m\u00edstem kon\u00e1n\u00ed leto\u0161n\u00edho ro\u010dn\u00edku konference:\u00a0 Fakulta zem\u011bd\u011blsk\u00e1 a technologick\u00e1 Jiho\u010desk\u00e1 univerzita v \u010cesk\u00fdch Bud\u011bjovic\u00edch Pavilon ZR Na S\u00e1dk\u00e1ch 1780 370 05 \u010cesk\u00e9 Bud\u011bjovice<\/p>\n","protected":false},"author":1,"featured_media":0,"parent":0,"menu_order":0,"comment_status":"closed","ping_status":"open","template":"","meta":{"footnotes":""},"class_list":["post-57","page","type-page","status-publish","hentry"],"_links":{"self":[{"href":"https:\/\/home.pf.jcu.cz\/~upvm\/2023\/index.php\/wp-json\/wp\/v2\/pages\/57","targetHints":{"allow":["GET"]}}],"collection":[{"href":"https:\/\/home.pf.jcu.cz\/~upvm\/2023\/index.php\/wp-json\/wp\/v2\/pages"}],"about":[{"href":"https:\/\/home.pf.jcu.cz\/~upvm\/2023\/index.php\/wp-json\/wp\/v2\/types\/page"}],"author":[{"embeddable":true,"href":"https:\/\/home.pf.jcu.cz\/~upvm\/2023\/index.php\/wp-json\/wp\/v2\/users\/1"}],"replies":[{"embeddable":true,"href":"https:\/\/home.pf.jcu.cz\/~upvm\/2023\/index.php\/wp-json\/wp\/v2\/comments?post=57"}],"version-history":[{"count":6,"href":"https:\/\/home.pf.jcu.cz\/~upvm\/2023\/index.php\/wp-json\/wp\/v2\/pages\/57\/revisions"}],"predecessor-version":[{"id":1280,"href":"https:\/\/home.pf.jcu.cz\/~upvm\/2023\/index.php\/wp-json\/wp\/v2\/pages\/57\/revisions\/1280"}],"wp:attachment":[{"href":"https:\/\/home.pf.jcu.cz\/~upvm\/2023\/index.php\/wp-json\/wp\/v2\/media?parent=57"}],"curies":[{"name":"wp","href":"https:\/\/api.w.org\/{rel}","templated":true}]}}