{"id":60,"date":"2011-02-19T12:55:34","date_gmt":"2011-02-19T12:55:34","guid":{"rendered":"http:\/\/localhost\/upvvm\/2011\/?page_id=23"},"modified":"2023-11-10T16:57:37","modified_gmt":"2023-11-10T15:57:37","slug":"program-konference","status":"publish","type":"page","link":"https:\/\/home.pf.jcu.cz\/~upvm\/2023\/index.php\/program-konference\/","title":{"rendered":"Program konference"},"content":{"rendered":"<p><a href=\"https:\/\/home.pf.jcu.cz\/~upvm\/2023\/wp-content\/uploads\/2023\/11\/Program_UPVM_2023_v11.pdf\" class=\"mtli_attachment mtli_pdf\" target=\"_blank\" rel=\"noopener\">Program konference ve form\u00e1tu PDF (aktualizov\u00e1n 10. 11. 2023)<\/a><\/p>\n<p>\u00a0<\/p>\n\n\n<p><a href=\"https:\/\/home.pf.jcu.cz\/~upvm\/2023\/wp-content\/uploads\/2023\/11\/SbornikAbstraktu23_online-1.pdf\" class=\"mtli_attachment mtli_pdf\" target=\"_blank\" rel=\"noreferrer noopener\">Sborn\u00edk abstrakt\u016f p\u0159\u00edsp\u011bvk\u016f na konferenci<\/a><\/p>\n","protected":false},"excerpt":{"rendered":"<p>Program konference ve form\u00e1tu PDF (aktualizov\u00e1n 10. 11. 2023) \u00a0 Sborn\u00edk abstrakt\u016f p\u0159\u00edsp\u011bvk\u016f na konferenci<\/p>\n","protected":false},"author":1,"featured_media":0,"parent":0,"menu_order":0,"comment_status":"closed","ping_status":"open","template":"","meta":{"footnotes":""},"class_list":["post-60","page","type-page","status-publish","hentry"],"_links":{"self":[{"href":"https:\/\/home.pf.jcu.cz\/~upvm\/2023\/index.php\/wp-json\/wp\/v2\/pages\/60","targetHints":{"allow":["GET"]}}],"collection":[{"href":"https:\/\/home.pf.jcu.cz\/~upvm\/2023\/index.php\/wp-json\/wp\/v2\/pages"}],"about":[{"href":"https:\/\/home.pf.jcu.cz\/~upvm\/2023\/index.php\/wp-json\/wp\/v2\/types\/page"}],"author":[{"embeddable":true,"href":"https:\/\/home.pf.jcu.cz\/~upvm\/2023\/index.php\/wp-json\/wp\/v2\/users\/1"}],"replies":[{"embeddable":true,"href":"https:\/\/home.pf.jcu.cz\/~upvm\/2023\/index.php\/wp-json\/wp\/v2\/comments?post=60"}],"version-history":[{"count":16,"href":"https:\/\/home.pf.jcu.cz\/~upvm\/2023\/index.php\/wp-json\/wp\/v2\/pages\/60\/revisions"}],"predecessor-version":[{"id":1476,"href":"https:\/\/home.pf.jcu.cz\/~upvm\/2023\/index.php\/wp-json\/wp\/v2\/pages\/60\/revisions\/1476"}],"wp:attachment":[{"href":"https:\/\/home.pf.jcu.cz\/~upvm\/2023\/index.php\/wp-json\/wp\/v2\/media?parent=60"}],"curies":[{"name":"wp","href":"https:\/\/api.w.org\/{rel}","templated":true}]}}