{"id":64,"date":"2011-02-19T12:56:40","date_gmt":"2011-02-19T12:56:40","guid":{"rendered":"http:\/\/localhost\/upvvm\/2011\/?page_id=31"},"modified":"2023-04-17T12:32:32","modified_gmt":"2023-04-17T10:32:32","slug":"kontakty","status":"publish","type":"page","link":"https:\/\/home.pf.jcu.cz\/~upvm\/2023\/index.php\/kontakty\/","title":{"rendered":"Kontakt"},"content":{"rendered":"<p>RNDr. Marika Hrube\u0161ov\u00e1, Ph.D.<br \/>PF JU v \u010c. Bud\u011bjovic\u00edch<br \/>Jeron\u00fdmova 10<br \/>371 15 \u010cesk\u00e9 Bud\u011bjovice<\/p>\n<p>E-mail: mhrubesova@pf.jcu.cz<\/p>\n<p>Tel.: +420 387\u202f773 094<\/p>\n\n\n<p><\/p>\n","protected":false},"excerpt":{"rendered":"<p>RNDr. Marika Hrube\u0161ov\u00e1, Ph.D.PF JU v \u010c. Bud\u011bjovic\u00edchJeron\u00fdmova 10371 15 \u010cesk\u00e9 Bud\u011bjovice E-mail: mhrubesova@pf.jcu.cz Tel.: +420 387\u202f773 094<\/p>\n","protected":false},"author":1,"featured_media":0,"parent":0,"menu_order":0,"comment_status":"closed","ping_status":"open","template":"","meta":{"footnotes":""},"class_list":["post-64","page","type-page","status-publish","hentry"],"_links":{"self":[{"href":"https:\/\/home.pf.jcu.cz\/~upvm\/2023\/index.php\/wp-json\/wp\/v2\/pages\/64","targetHints":{"allow":["GET"]}}],"collection":[{"href":"https:\/\/home.pf.jcu.cz\/~upvm\/2023\/index.php\/wp-json\/wp\/v2\/pages"}],"about":[{"href":"https:\/\/home.pf.jcu.cz\/~upvm\/2023\/index.php\/wp-json\/wp\/v2\/types\/page"}],"author":[{"embeddable":true,"href":"https:\/\/home.pf.jcu.cz\/~upvm\/2023\/index.php\/wp-json\/wp\/v2\/users\/1"}],"replies":[{"embeddable":true,"href":"https:\/\/home.pf.jcu.cz\/~upvm\/2023\/index.php\/wp-json\/wp\/v2\/comments?post=64"}],"version-history":[{"count":1,"href":"https:\/\/home.pf.jcu.cz\/~upvm\/2023\/index.php\/wp-json\/wp\/v2\/pages\/64\/revisions"}],"predecessor-version":[{"id":1250,"href":"https:\/\/home.pf.jcu.cz\/~upvm\/2023\/index.php\/wp-json\/wp\/v2\/pages\/64\/revisions\/1250"}],"wp:attachment":[{"href":"https:\/\/home.pf.jcu.cz\/~upvm\/2023\/index.php\/wp-json\/wp\/v2\/media?parent=64"}],"curies":[{"name":"wp","href":"https:\/\/api.w.org\/{rel}","templated":true}]}}