{"id":169,"date":"2012-02-27T08:39:26","date_gmt":"2012-02-27T08:39:26","guid":{"rendered":"http:\/\/home.pf.jcu.cz\/~upvvm\/2011\/?page_id=169"},"modified":"2026-04-13T14:42:37","modified_gmt":"2026-04-13T12:42:37","slug":"sbornik-2","status":"publish","type":"page","link":"https:\/\/home.pf.jcu.cz\/~upvm\/2025\/sbornik-2\/","title":{"rendered":"Sborn\u00edk"},"content":{"rendered":"\n<p><strong>Sborn\u00edk p\u0159\u00edsp\u011bvk\u016f 12. konference U\u017eit\u00ed po\u010d\u00edta\u010d\u016f ve v\u00fduce matematiky<\/strong><\/p>\n\n\n\n<p>Jiho\u010desk\u00e1 univerzita v \u010cesk\u00fdch Bud\u011bjovic\u00edch, 2025<\/p>\n\n\n\n<p>978-80-7694-161-8<\/p>\n\n\n\n<p><a href=\"https:\/\/home.pf.jcu.cz\/~upvm\/2025\/wp-content\/uploads\/2026\/04\/sbornik.pdf\" class=\"mtli_attachment mtli_pdf\" target=\"_blank\" rel=\"noreferrer noopener\">Sborn\u00edk<\/a><\/p>\n","protected":false},"excerpt":{"rendered":"<p>Sborn\u00edk p\u0159\u00edsp\u011bvk\u016f 12. konference U\u017eit\u00ed po\u010d\u00edta\u010d\u016f ve v\u00fduce matematiky Jiho\u010desk\u00e1 univerzita v \u010cesk\u00fdch Bud\u011bjovic\u00edch, 2025 978-80-7694-161-8 Sborn\u00edk<\/p>\n","protected":false},"author":1,"featured_media":0,"parent":0,"menu_order":0,"comment_status":"closed","ping_status":"open","template":"","meta":{"footnotes":""},"class_list":["post-169","page","type-page","status-publish","hentry"],"_links":{"self":[{"href":"https:\/\/home.pf.jcu.cz\/~upvm\/2025\/wp-json\/wp\/v2\/pages\/169","targetHints":{"allow":["GET"]}}],"collection":[{"href":"https:\/\/home.pf.jcu.cz\/~upvm\/2025\/wp-json\/wp\/v2\/pages"}],"about":[{"href":"https:\/\/home.pf.jcu.cz\/~upvm\/2025\/wp-json\/wp\/v2\/types\/page"}],"author":[{"embeddable":true,"href":"https:\/\/home.pf.jcu.cz\/~upvm\/2025\/wp-json\/wp\/v2\/users\/1"}],"replies":[{"embeddable":true,"href":"https:\/\/home.pf.jcu.cz\/~upvm\/2025\/wp-json\/wp\/v2\/comments?post=169"}],"version-history":[{"count":3,"href":"https:\/\/home.pf.jcu.cz\/~upvm\/2025\/wp-json\/wp\/v2\/pages\/169\/revisions"}],"predecessor-version":[{"id":1961,"href":"https:\/\/home.pf.jcu.cz\/~upvm\/2025\/wp-json\/wp\/v2\/pages\/169\/revisions\/1961"}],"wp:attachment":[{"href":"https:\/\/home.pf.jcu.cz\/~upvm\/2025\/wp-json\/wp\/v2\/media?parent=169"}],"curies":[{"name":"wp","href":"https:\/\/api.w.org\/{rel}","templated":true}]}}