{"id":1826,"date":"2025-11-06T18:35:54","date_gmt":"2025-11-06T17:35:54","guid":{"rendered":"https:\/\/home.pf.jcu.cz\/~upvm\/2025\/?page_id=1826"},"modified":"2025-11-07T13:46:44","modified_gmt":"2025-11-07T12:46:44","slug":"postery","status":"publish","type":"page","link":"https:\/\/home.pf.jcu.cz\/~upvm\/2025\/postery\/","title":{"rendered":"Postery"},"content":{"rendered":"\n<p><a href=\"https:\/\/home.pf.jcu.cz\/~upvm\/2025\/2025\/11\/06\/novinky-na-portalu-math4u\/\" target=\"_blank\" rel=\"noreferrer noopener\">Novinky na port\u00e1lu Math4U<\/a><br>doc. Ing. Petr Beremlijski, Ph.D., RNDr.\u00a0 Petra Vondr\u00e1kov\u00e1, Ph.D.<br><em>Vysok\u00e1 \u0161kola b\u00e1\u0148sk\u00e1 \u2013 Technick\u00e1 univerzita Ostrava<\/em><\/p>\n\n\n\n<p><a href=\"https:\/\/home.pf.jcu.cz\/~upvm\/2025\/2025\/11\/06\/nezname-latky\/\" target=\"_blank\" rel=\"noreferrer noopener\">Nezn\u00e1m\u00e9 l\u00e1tky<\/a><br>Mgr. Adam \u010cech, Bc. Zuzana Kos\u00edkov\u00e1, Bc. Iva \u0160i\u0161kov\u00e1<br><em>Jiho\u010desk\u00e1 univerzita v\u00a0\u010cesk\u00fdch Bud\u011bjovic\u00edch, Pedagogick\u00e1 fakulta<\/em><\/p>\n\n\n\n<p><a href=\"https:\/\/home.pf.jcu.cz\/~upvm\/2025\/2025\/11\/06\/kompetence-budoucich-ucitelu-matematiky-k-vytvareni-vhodneho-digitalniho-prostredi-na-1-stupni-zs\/\" target=\"_blank\" rel=\"noreferrer noopener\">Kompetence budouc\u00edch u\u010ditel\u016f matematiky k\u00a0vytv\u00e1\u0159en\u00ed vhodn\u00e9ho digit\u00e1ln\u00edho prost\u0159ed\u00ed na 1. stupni Z\u0160<\/a><br>doc. PhDr. Radka Dofkov\u00e1, Ph.D., Mgr. Al\u017eb\u011bta Kola\u0159\u00edkov\u00e1<br><em>Univerzita Palack\u00e9ho v\u00a0Olomouci, Pedagogick\u00e1 fakulta<\/em><\/p>\n\n\n\n<p><a href=\"https:\/\/home.pf.jcu.cz\/~upvm\/2025\/2025\/11\/06\/3d-tisk-a-jeho-vyuziti-ve-vyuce-ocima-ucitelu-postoje-zkusenosti-a-bariery\/\" target=\"_blank\" rel=\"noreferrer noopener\">3D tisk a jeho vyu\u017eit\u00ed ve v\u00fduce o\u010dima u\u010ditel\u016f: postoje, zku\u0161enosti a bari\u00e9ry<\/a><br>Mgr. Zuzana Nedv\u011bdov\u00e1<br><em>Jiho\u010desk\u00e1 univerzita v\u00a0\u010cesk\u00fdch Bud\u011bjovic\u00edch, Pedagogick\u00e1 fakulta<\/em><\/p>\n\n\n\n<p><a href=\"https:\/\/home.pf.jcu.cz\/~upvm\/2025\/2025\/11\/07\/interchanging-the-hands-of-a-clock\/\" target=\"_blank\" rel=\"noreferrer noopener\">Interchanging the Hands of a Clock (Problem for the sick Albert Einstein from A. Moszkowski)<\/a><br>doc. RNDr. Tom\u00e1\u0161 Zdr\u00e1hal, CSc., Mgr. David Nocar, Ph.D., Mgr. Kv\u011btoslav B\u00e1rtek, Ph.D., Mgr. Jan Wossala, Ph.D.<br><em>Univerzita Palack\u00e9ho v\u00a0Olomouci, Pedagogick\u00e1 fakulta<\/em><\/p>\n\n\n\n<p><\/p>\n\n\n\n<p><\/p>\n","protected":false},"excerpt":{"rendered":"<p>Novinky na port\u00e1lu Math4Udoc. Ing. Petr Beremlijski, Ph.D., RNDr.\u00a0 Petra Vondr\u00e1kov\u00e1, Ph.D.Vysok\u00e1 \u0161kola b\u00e1\u0148sk\u00e1 \u2013 Technick\u00e1 univerzita Ostrava Nezn\u00e1m\u00e9 l\u00e1tkyMgr. Adam \u010cech, Bc. Zuzana Kos\u00edkov\u00e1, Bc. Iva \u0160i\u0161kov\u00e1Jiho\u010desk\u00e1 univerzita v\u00a0\u010cesk\u00fdch Bud\u011bjovic\u00edch, Pedagogick\u00e1 fakulta Kompetence budouc\u00edch u\u010ditel\u016f matematiky k\u00a0vytv\u00e1\u0159en\u00ed vhodn\u00e9ho digit\u00e1ln\u00edho prost\u0159ed\u00ed na 1. stupni Z\u0160doc. PhDr. Radka Dofkov\u00e1, Ph.D., Mgr. Al\u017eb\u011bta Kola\u0159\u00edkov\u00e1Univerzita Palack\u00e9ho v\u00a0Olomouci, Pedagogick\u00e1 &hellip; <a href=\"https:\/\/home.pf.jcu.cz\/~upvm\/2025\/postery\/\" class=\"more-link\">Pokra\u010dovat ve \u010dten\u00ed<span class=\"screen-reader-text\"> &#8222;Postery&#8220;<\/span><\/a><\/p>\n","protected":false},"author":2,"featured_media":0,"parent":0,"menu_order":0,"comment_status":"closed","ping_status":"closed","template":"","meta":{"footnotes":""},"class_list":["post-1826","page","type-page","status-publish","hentry"],"_links":{"self":[{"href":"https:\/\/home.pf.jcu.cz\/~upvm\/2025\/wp-json\/wp\/v2\/pages\/1826","targetHints":{"allow":["GET"]}}],"collection":[{"href":"https:\/\/home.pf.jcu.cz\/~upvm\/2025\/wp-json\/wp\/v2\/pages"}],"about":[{"href":"https:\/\/home.pf.jcu.cz\/~upvm\/2025\/wp-json\/wp\/v2\/types\/page"}],"author":[{"embeddable":true,"href":"https:\/\/home.pf.jcu.cz\/~upvm\/2025\/wp-json\/wp\/v2\/users\/2"}],"replies":[{"embeddable":true,"href":"https:\/\/home.pf.jcu.cz\/~upvm\/2025\/wp-json\/wp\/v2\/comments?post=1826"}],"version-history":[{"count":5,"href":"https:\/\/home.pf.jcu.cz\/~upvm\/2025\/wp-json\/wp\/v2\/pages\/1826\/revisions"}],"predecessor-version":[{"id":1849,"href":"https:\/\/home.pf.jcu.cz\/~upvm\/2025\/wp-json\/wp\/v2\/pages\/1826\/revisions\/1849"}],"wp:attachment":[{"href":"https:\/\/home.pf.jcu.cz\/~upvm\/2025\/wp-json\/wp\/v2\/media?parent=1826"}],"curies":[{"name":"wp","href":"https:\/\/api.w.org\/{rel}","templated":true}]}}