{"id":270,"date":"2013-06-25T08:54:44","date_gmt":"2013-06-25T08:54:44","guid":{"rendered":"http:\/\/home.pf.jcu.cz\/~upvvm\/2013\/?page_id=270"},"modified":"2025-05-14T22:06:01","modified_gmt":"2025-05-14T20:06:01","slug":"english-info","status":"publish","type":"page","link":"https:\/\/home.pf.jcu.cz\/~upvm\/2025\/english-info\/","title":{"rendered":"English info"},"content":{"rendered":"<p>Department of Mathematics of the Faculty of Education, University of South Bohemia in \u010cesk\u00e9 Bud\u011bjovice together with Society of Mathematics Teachers (SUMA J\u010cMF) organize the 12th conference<\/p>\n<h3 style=\"text-align: center;\">The Use of Computers in Mathematics Education<\/h3>\n<p style=\"text-align: center;\"><b>November 13 \u2013 15, 2025<\/b><\/p>\n<p style=\"text-align: left;\">The conference \"The Use of Computers in Mathematics Education\" is a biennial conference. It gives the participants (mathematics teachers across different school levels, educational experts and teacher educators) the opportunity to share their experience with the use of informational technologies in mathematics education. The conference is organized in the form of presentations, workshops and plenary lectures.<\/p>\n<p><b>Conference topics<\/b><\/p>\n<ul>\n<li>the role of a computer in mathematics education,<\/li>\n<li>influence of the use of computers on the educational content,<\/li>\n<li>the role of a teacher in the computer assisted education,<\/li>\n<li>influence of the use of computers on the development of the mathematical and financial literacy.<\/li>\n<\/ul>\n<p>The conference topics will be discussed in the following sections:<\/p>\n<ol>\n<li>General issues of the use of computers in mathematics education<\/li>\n<li>STEM education<\/li>\n<li>Dynamic geometry systems (Cabri, Cinderella, GeoGebra, \u2026) and computer algebra systems in mathematics education (Maple, Mathematica, wxMaxima\u2026)<\/li>\n<li>Distance learning<\/li>\n<li>Other mathematical software and digital means<\/li>\n<li><span class=\"VIiyi\" lang=\"en\"><span class=\"JLqJ4b ChMk0b\" data-language-for-alternatives=\"en\" data-language-to-translate-into=\"cs\" data-phrase-index=\"0\">Approach to the application of mathematics in other disciplines (Financial mathematics, Physics, Informatics, etc.) based on digital technologies<\/span><\/span><\/li>\n<\/ol>\n<p align=\"left\">During the conference, workshops on the use of particular mathematical software will be organized.<\/p>\n<p><b>Conference Venue<\/b><\/p>\n<p align=\"left\">University of South Bohemia, Faculty of Education, Jeron\u00fdmova 10, \u010cesk\u00e9 Bud\u011bjovice (see the map on the website <a href=\"https:\/\/maps.app.goo.gl\/qf2j5m1DpFe9PtKX7\" target=\"_blank\" rel=\"noopener\">https:\/\/maps.app.goo.gl<\/a>)<\/p>\n<p align=\"left\"><strong>Enrolment <\/strong><\/p>\n<p align=\"left\">For the English version of the application form<a href=\"\/~upvm\/2025\/en\/registration\/\"> click here<\/a>.<\/p>\n<p align=\"left\"><b>Contact address<\/b><\/p>\n<p>RNDr. Marika Hrube\u0161ov\u00e1, Ph.D.<br \/>PF JU v \u010c. Bud\u011bjovic\u00edch<br \/>Jeron\u00fdmova 10<br \/>371 15 \u010cesk\u00e9 Bud\u011bjovice<\/p>\n<p>E-mail: mhrubesova@pf.jcu.cz<\/p>\n\n\n<p><\/p>\n","protected":false},"excerpt":{"rendered":"<p>Department of Mathematics of the Faculty of Education, University of South Bohemia in \u010cesk\u00e9 Bud\u011bjovice together with Society of Mathematics Teachers (SUMA J\u010cMF) organize the 12th conference The Use of Computers in Mathematics Education November 13 \u2013 15, 2025 The conference &#8222;The Use of Computers in Mathematics Education&#8220; is a biennial conference. It gives the &hellip; <a href=\"https:\/\/home.pf.jcu.cz\/~upvm\/2025\/english-info\/\" class=\"more-link\">Pokra\u010dovat ve \u010dten\u00ed<span class=\"screen-reader-text\"> &#8222;English info&#8220;<\/span><\/a><\/p>\n","protected":false},"author":1,"featured_media":0,"parent":0,"menu_order":0,"comment_status":"closed","ping_status":"closed","template":"","meta":{"footnotes":""},"class_list":["post-270","page","type-page","status-publish","hentry"],"_links":{"self":[{"href":"https:\/\/home.pf.jcu.cz\/~upvm\/2025\/wp-json\/wp\/v2\/pages\/270","targetHints":{"allow":["GET"]}}],"collection":[{"href":"https:\/\/home.pf.jcu.cz\/~upvm\/2025\/wp-json\/wp\/v2\/pages"}],"about":[{"href":"https:\/\/home.pf.jcu.cz\/~upvm\/2025\/wp-json\/wp\/v2\/types\/page"}],"author":[{"embeddable":true,"href":"https:\/\/home.pf.jcu.cz\/~upvm\/2025\/wp-json\/wp\/v2\/users\/1"}],"replies":[{"embeddable":true,"href":"https:\/\/home.pf.jcu.cz\/~upvm\/2025\/wp-json\/wp\/v2\/comments?post=270"}],"version-history":[{"count":5,"href":"https:\/\/home.pf.jcu.cz\/~upvm\/2025\/wp-json\/wp\/v2\/pages\/270\/revisions"}],"predecessor-version":[{"id":1668,"href":"https:\/\/home.pf.jcu.cz\/~upvm\/2025\/wp-json\/wp\/v2\/pages\/270\/revisions\/1668"}],"wp:attachment":[{"href":"https:\/\/home.pf.jcu.cz\/~upvm\/2025\/wp-json\/wp\/v2\/media?parent=270"}],"curies":[{"name":"wp","href":"https:\/\/api.w.org\/{rel}","templated":true}]}}