{"id":56,"date":"2011-02-19T12:52:22","date_gmt":"2011-02-19T12:52:22","guid":{"rendered":"http:\/\/localhost\/upvvm\/2011\/?page_id=14"},"modified":"2025-09-23T17:26:40","modified_gmt":"2025-09-23T15:26:40","slug":"dulezite-terminy","status":"publish","type":"page","link":"https:\/\/home.pf.jcu.cz\/~upvm\/2025\/dulezite-terminy\/","title":{"rendered":"D\u016fle\u017eit\u00e9 term\u00edny"},"content":{"rendered":"<ul>\n<li>1. 5. - Otev\u0159en\u00ed registrace<\/li>\n<li>15. 9. - P\u0159ihl\u00e1\u0161en\u00ed workshopu (vlo\u017een\u00ed n\u00e1zvu a anotace)<\/li>\n<li>30. 9. - Vlo\u017een\u00ed anotace p\u0159\u00edsp\u011bvku (minim\u00e1ln\u011b 800 znak\u016f, maxim\u00e1ln\u011b 1500 znak\u016f, po\u010d\u00edt\u00e1no bez mezer)<\/li>\n<li>15. 10. - Vyrozum\u011bn\u00ed o p\u0159ijet\u00ed p\u0159\u00edsp\u011bvku na konferenci<\/li>\n<li>31. 10. - Zasl\u00e1n\u00ed n\u00e1zvu a anotace posteru (na adresu <span data-olk-copy-source=\"MessageBody\">mhrubesova@pf.jcu.cz<\/span>)<\/li>\n<li>13. 11. - Zah\u00e1jen\u00ed konference\u00a0<\/li>\n<li>15. 12. - Odevzd\u00e1n\u00ed p\u0159\u00edsp\u011bvku pro sborn\u00edk<\/li>\n<\/ul>\n\n\n<p><\/p>\n","protected":false},"excerpt":{"rendered":"<p>1. 5. &#8211; Otev\u0159en\u00ed registrace 15. 9. &#8211; P\u0159ihl\u00e1\u0161en\u00ed workshopu (vlo\u017een\u00ed n\u00e1zvu a anotace) 30. 9. &#8211; Vlo\u017een\u00ed anotace p\u0159\u00edsp\u011bvku (minim\u00e1ln\u011b 800 znak\u016f, maxim\u00e1ln\u011b 1500 znak\u016f, po\u010d\u00edt\u00e1no bez mezer) 15. 10. &#8211; Vyrozum\u011bn\u00ed o p\u0159ijet\u00ed p\u0159\u00edsp\u011bvku na konferenci 31. 10. &#8211; Zasl\u00e1n\u00ed n\u00e1zvu a anotace posteru (na adresu mhrubesova@pf.jcu.cz) 13. 11. &#8211; Zah\u00e1jen\u00ed konference\u00a0 15. &hellip; <a href=\"https:\/\/home.pf.jcu.cz\/~upvm\/2025\/dulezite-terminy\/\" class=\"more-link\">Pokra\u010dovat ve \u010dten\u00ed<span class=\"screen-reader-text\"> &#8222;D\u016fle\u017eit\u00e9 term\u00edny&#8220;<\/span><\/a><\/p>\n","protected":false},"author":1,"featured_media":0,"parent":0,"menu_order":2,"comment_status":"closed","ping_status":"open","template":"","meta":{"footnotes":""},"class_list":["post-56","page","type-page","status-publish","hentry"],"_links":{"self":[{"href":"https:\/\/home.pf.jcu.cz\/~upvm\/2025\/wp-json\/wp\/v2\/pages\/56","targetHints":{"allow":["GET"]}}],"collection":[{"href":"https:\/\/home.pf.jcu.cz\/~upvm\/2025\/wp-json\/wp\/v2\/pages"}],"about":[{"href":"https:\/\/home.pf.jcu.cz\/~upvm\/2025\/wp-json\/wp\/v2\/types\/page"}],"author":[{"embeddable":true,"href":"https:\/\/home.pf.jcu.cz\/~upvm\/2025\/wp-json\/wp\/v2\/users\/1"}],"replies":[{"embeddable":true,"href":"https:\/\/home.pf.jcu.cz\/~upvm\/2025\/wp-json\/wp\/v2\/comments?post=56"}],"version-history":[{"count":4,"href":"https:\/\/home.pf.jcu.cz\/~upvm\/2025\/wp-json\/wp\/v2\/pages\/56\/revisions"}],"predecessor-version":[{"id":1723,"href":"https:\/\/home.pf.jcu.cz\/~upvm\/2025\/wp-json\/wp\/v2\/pages\/56\/revisions\/1723"}],"wp:attachment":[{"href":"https:\/\/home.pf.jcu.cz\/~upvm\/2025\/wp-json\/wp\/v2\/media?parent=56"}],"curies":[{"name":"wp","href":"https:\/\/api.w.org\/{rel}","templated":true}]}}