{"id":57,"date":"2011-02-19T12:52:38","date_gmt":"2011-02-19T12:52:38","guid":{"rendered":"http:\/\/localhost\/upvvm\/2011\/?page_id=16"},"modified":"2025-03-28T11:04:27","modified_gmt":"2025-03-28T10:04:27","slug":"misto-konani","status":"publish","type":"page","link":"https:\/\/home.pf.jcu.cz\/~upvm\/2025\/misto-konani\/","title":{"rendered":"M\u00edsto kon\u00e1n\u00ed"},"content":{"rendered":"\n<p>Konference se kon\u00e1 na&nbsp;<a href=\"http:\/\/www.pf.jcu.cz\/\" target=\"_blank\" rel=\"noreferrer noopener\">Pedagogick\u00e9 fakult\u011b<\/a>&nbsp;Jiho\u010desk\u00e9 univerzity v \u010cesk\u00fdch Bud\u011bjovic\u00edch, Jeron\u00fdmova 10.<\/p>\n\n\n\n<p><iframe src=\"https:\/\/www.google.com\/maps\/embed?pb=!1m21!1m12!1m3!1d9488.071316383644!2d14.472522725755091!3d48.9740535014588!2m3!1f0!2f0!3f0!3m2!1i1024!2i768!4f13.1!4m6!3e6!4m0!4m3!3m2!1d48.9737973!2d14.4822621!5e0!3m2!1scs!2scz!4v1743156155284!5m2!1scs!2scz\" width=\"600\" height=\"450\" style=\"border:0;\" allowfullscreen=\"\" loading=\"lazy\" referrerpolicy=\"no-referrer-when-downgrade\"><\/iframe><\/p>\n","protected":false},"excerpt":{"rendered":"<p>Konference se kon\u00e1 na&nbsp;Pedagogick\u00e9 fakult\u011b&nbsp;Jiho\u010desk\u00e9 univerzity v \u010cesk\u00fdch Bud\u011bjovic\u00edch, Jeron\u00fdmova 10.<\/p>\n","protected":false},"author":1,"featured_media":0,"parent":0,"menu_order":0,"comment_status":"closed","ping_status":"open","template":"","meta":{"footnotes":""},"class_list":["post-57","page","type-page","status-publish","hentry"],"_links":{"self":[{"href":"https:\/\/home.pf.jcu.cz\/~upvm\/2025\/wp-json\/wp\/v2\/pages\/57","targetHints":{"allow":["GET"]}}],"collection":[{"href":"https:\/\/home.pf.jcu.cz\/~upvm\/2025\/wp-json\/wp\/v2\/pages"}],"about":[{"href":"https:\/\/home.pf.jcu.cz\/~upvm\/2025\/wp-json\/wp\/v2\/types\/page"}],"author":[{"embeddable":true,"href":"https:\/\/home.pf.jcu.cz\/~upvm\/2025\/wp-json\/wp\/v2\/users\/1"}],"replies":[{"embeddable":true,"href":"https:\/\/home.pf.jcu.cz\/~upvm\/2025\/wp-json\/wp\/v2\/comments?post=57"}],"version-history":[{"count":3,"href":"https:\/\/home.pf.jcu.cz\/~upvm\/2025\/wp-json\/wp\/v2\/pages\/57\/revisions"}],"predecessor-version":[{"id":1598,"href":"https:\/\/home.pf.jcu.cz\/~upvm\/2025\/wp-json\/wp\/v2\/pages\/57\/revisions\/1598"}],"wp:attachment":[{"href":"https:\/\/home.pf.jcu.cz\/~upvm\/2025\/wp-json\/wp\/v2\/media?parent=57"}],"curies":[{"name":"wp","href":"https:\/\/api.w.org\/{rel}","templated":true}]}}