{"id":649,"date":"2019-03-11T19:56:13","date_gmt":"2019-03-11T18:56:13","guid":{"rendered":"http:\/\/home.pf.jcu.cz\/~upvm\/2019\/?page_id=649"},"modified":"2019-03-11T19:56:13","modified_gmt":"2019-03-11T18:56:13","slug":"moje-udaje","status":"publish","type":"page","link":"https:\/\/home.pf.jcu.cz\/~upvm\/2025\/moje-udaje\/","title":{"rendered":"Moje \u00fadaje"},"content":{"rendered":"\n<p class=\"has-text-align-left\">\t<div class=\"loginForm\">\r\n\t\t<form name=\"loginform\" id=\"loginform\" action=\"https:\/\/home.pf.jcu.cz\/~upvm\/2025\/wp-login.php\" method=\"post\">\r\n\t\t\t<p>E-mail: <input id=\"user_login\" type=\"email\" size=\"20\" value=\"\" name=\"log\" autocorrect=\"off\" autocapitalize=\"none\"><\/p>\r\n\t\t\t<p>Heslo: <input id=\"user_pass\" type=\"password\" size=\"20\" value=\"\" name=\"pwd\"><br>\r\n\t\t\t\t<input id=\"rememberme\" type=\"checkbox\" value=\"forever\" name=\"rememberme\"> <label for=\"rememberme\">Pamatovat si m\u011b<\/label>\r\n\t\t\t<\/p>\r\n\r\n\t\t\t<p><input id=\"wp-submit\" type=\"submit\" value=\"P\u0159ihl\u00e1sit se\" name=\"wp-submit\"><\/p>\r\n\t\t\t<input type=\"hidden\" value=\"https:\/\/home.pf.jcu.cz\/~upvm\/2025\/moje-udaje\/\" name=\"redirect_to\">\r\n\t\t<\/form>\r\n\t\t<p><\/p>\r\n\t\t<p>\r\n\t\t\tNeda\u0159\u00ed se V\u00e1m p\u0159ihl\u00e1sit?<br> M\u016f\u017eete  pou\u017e\u00edt odkaz pro <a href=\"https:\/\/home.pf.jcu.cz\/~upvm\/2025\/wp-login.php?action=lostpassword&#038;redirect_to=https%3A%2F%2Fhome.pf.jcu.cz%2F%7Eupvm%2F2025%2Fmoje-udaje%2F%3Fzapomenuteheslo%3Dok\">zapomenut\u00e9 heslo<\/a>. Pokud je\u0161t\u011b registraci nem\u00e1te, m\u016f\u017eete nejprve\r\n\t\t\t<a href=\"https:\/\/home.pf.jcu.cz\/~upvm\/2025\/registrace\/\">p\u0159ihl\u00e1sit nov\u00e9ho \u00fa\u010dastn\u00edka<\/a> konference. \r\n\t\t<\/p>\r\n\r\n\t<\/div>\r\n\t<\/p>\n","protected":false},"excerpt":{"rendered":"","protected":false},"author":1,"featured_media":0,"parent":0,"menu_order":0,"comment_status":"closed","ping_status":"closed","template":"","meta":{"footnotes":""},"class_list":["post-649","page","type-page","status-publish","hentry"],"_links":{"self":[{"href":"https:\/\/home.pf.jcu.cz\/~upvm\/2025\/wp-json\/wp\/v2\/pages\/649","targetHints":{"allow":["GET"]}}],"collection":[{"href":"https:\/\/home.pf.jcu.cz\/~upvm\/2025\/wp-json\/wp\/v2\/pages"}],"about":[{"href":"https:\/\/home.pf.jcu.cz\/~upvm\/2025\/wp-json\/wp\/v2\/types\/page"}],"author":[{"embeddable":true,"href":"https:\/\/home.pf.jcu.cz\/~upvm\/2025\/wp-json\/wp\/v2\/users\/1"}],"replies":[{"embeddable":true,"href":"https:\/\/home.pf.jcu.cz\/~upvm\/2025\/wp-json\/wp\/v2\/comments?post=649"}],"version-history":[{"count":0,"href":"https:\/\/home.pf.jcu.cz\/~upvm\/2025\/wp-json\/wp\/v2\/pages\/649\/revisions"}],"wp:attachment":[{"href":"https:\/\/home.pf.jcu.cz\/~upvm\/2025\/wp-json\/wp\/v2\/media?parent=649"}],"curies":[{"name":"wp","href":"https:\/\/api.w.org\/{rel}","templated":true}]}}