{"id":183,"date":"2025-09-14T20:17:50","date_gmt":"2025-09-14T18:17:50","guid":{"rendered":"http:\/\/nazkousku1234.wz.cz\/?page_id=183"},"modified":"2026-04-08T20:08:55","modified_gmt":"2026-04-08T18:08:55","slug":"domu","status":"publish","type":"page","link":"https:\/\/home.pf.jcu.cz\/~vip\/","title":{"rendered":"Hlavn\u00ed str\u00e1nka"},"content":{"rendered":"\n<div class=\"wp-block-group has-global-padding is-layout-constrained wp-container-core-group-is-layout-12243e0f wp-block-group-is-layout-constrained\">\n<div class=\"wp-block-group is-content-justification-center is-nowrap is-layout-flex wp-container-core-group-is-layout-23441af8 wp-block-group-is-layout-flex\">\n<div class=\"wp-block-group wp-container-content-9cfa9a5a is-layout-flex wp-block-group-is-layout-flex\" style=\"padding-right:0;padding-left:0\">\n<figure class=\"wp-block-image size-medium is-resized\"><img loading=\"lazy\" decoding=\"async\" width=\"300\" height=\"226\" src=\"https:\/\/home.pf.jcu.cz\/~vip\/wp-content\/uploads\/2026\/02\/robot_a_robutci-e1770334717483-300x226.png\" alt=\"\" class=\"wp-image-2173\" style=\"width:164px;height:auto\" srcset=\"https:\/\/home.pf.jcu.cz\/~vip\/wp-content\/uploads\/2026\/02\/robot_a_robutci-e1770334717483-300x226.png 300w, https:\/\/home.pf.jcu.cz\/~vip\/wp-content\/uploads\/2026\/02\/robot_a_robutci-e1770334717483-1024x772.png 1024w, https:\/\/home.pf.jcu.cz\/~vip\/wp-content\/uploads\/2026\/02\/robot_a_robutci-e1770334717483-768x579.png 768w, https:\/\/home.pf.jcu.cz\/~vip\/wp-content\/uploads\/2026\/02\/robot_a_robutci-e1770334717483-1536x1159.png 1536w, https:\/\/home.pf.jcu.cz\/~vip\/wp-content\/uploads\/2026\/02\/robot_a_robutci-e1770334717483.png 1888w\" sizes=\"auto, (max-width: 300px) 100vw, 300px\" \/><\/figure>\n\n\n\n<div class=\"wp-block-group wp-container-content-9cfa9a5a is-layout-flow wp-block-group-is-layout-flow\">\n<h1 class=\"wp-block-heading has-text-align-center has-x-large-font-size\">Vyhledejte si materi\u00e1ly do sv\u00e9 v\u00fduky<\/h1>\n\n\n\n<div class=\"wp-block-group is-content-justification-center is-nowrap is-layout-flex wp-container-core-group-is-layout-23441af8 wp-block-group-is-layout-flex\">\n<p>Po\u010det v\u0161ech dostupn\u00fdch materi\u00e1l\u016f:<\/p>\n\n\n36\n<\/div>\n\n\n\n<p class=\"has-text-align-center\"><a href=\"https:\/\/home.pf.jcu.cz\/~vip\/vyhledavani\/\" data-type=\"page\" data-id=\"749\">Zobrazit v\u0161echny materi\u00e1ly<\/a><\/p>\n\n\n\n<form action=\"https:\/\/home.pf.jcu.cz\/~vip\/vyhledavani\/\" method=\"get\" class=\"moje-hledani\">\n    <div class=\"hledani-obal\">\n        <input type=\"text\" name=\"text\" placeholder=\"Vyhledat...\">\n        <button type=\"submit\">Hledat<\/button>\n    <\/div>\n<\/form>\n<\/div>\n<\/div>\n<\/div>\n<\/div>\n\n\n\n<div style=\"height:21px\" aria-hidden=\"true\" class=\"wp-block-spacer\"><\/div>\n\n\n\n<h2 class=\"wp-block-heading has-x-large-font-size\">Informace o projektu<\/h2>\n\n\n\n<div class=\"wp-block-columns is-layout-flex wp-container-core-columns-is-layout-d5904a05 wp-block-columns-is-layout-flex\" style=\"border-top-left-radius:0px;border-top-right-radius:0px;border-bottom-left-radius:0px;border-bottom-right-radius:0px;padding-right:0;padding-left:0\">\n<div class=\"wp-block-column is-layout-flow wp-block-column-is-layout-flow\" style=\"flex-basis:100%\">\n<figure class=\"wp-block-image alignright is-resized size-full has-custom-border\"><a href=\"https:\/\/katedry.pf.jcu.cz\/kin\/\" target=\"_blank\" rel=\"noreferrer noopener\"><img loading=\"lazy\" decoding=\"async\" width=\"646\" height=\"630\" src=\"https:\/\/home.pf.jcu.cz\/~vip\/wp-content\/uploads\/2026\/02\/logo_pf_inf-e1770079318105.png\" alt=\"\" class=\"wp-image-2161\" style=\"aspect-ratio:1.025414364640884;object-fit:cover;width:199px;height:auto\" title=\"P\u0159ej\u00edt na web katedry informatiky PF JU\" srcset=\"https:\/\/home.pf.jcu.cz\/~vip\/wp-content\/uploads\/2026\/02\/logo_pf_inf-e1770079318105.png 646w, https:\/\/home.pf.jcu.cz\/~vip\/wp-content\/uploads\/2026\/02\/logo_pf_inf-e1770079318105-300x293.png 300w\" sizes=\"auto, (max-width: 646px) 100vw, 646px\" \/><\/a><\/figure>\n\n\n\n<p class=\"has-text-align-justify has-text-align-justify\">Tento web vznikl jako sou\u010d\u00e1st bakal\u00e1\u0159sk\u00e9 pr\u00e1ce na Pedagogick\u00e9 fakult\u011b Jiho\u010desk\u00e9 univerzity v \u010cesk\u00fdch&nbsp;Bud\u011bjovic\u00edch. Jeho hlavn\u00edm c\u00edlem je usnadnit sd\u00edlen\u00ed, spr\u00e1vu a&nbsp;archivaci didaktick\u00fdch materi\u00e1l\u016f ur\u010den\u00fdch pro v\u00fduku informatiky na r\u016fzn\u00fdch stupn\u00edch \u0161kol. Web slou\u017e\u00ed jako praktick\u00fd n\u00e1stroj pro u\u010ditele, kte\u0159\u00ed zde mohou snadno vyhled\u00e1vat, filtrovat a&nbsp;stahovat materi\u00e1ly podle sv\u00fdch pot\u0159eb. Ve\u0161ker\u00e9 materi\u00e1ly jsou k&nbsp;dispozici zdarma ke sta\u017een\u00ed.<\/p>\n\n\n\n<p class=\"has-text-align-justify has-text-align-justify\">M\u00e1te-li jak\u00e9koliv dotazy, p\u0159ipom\u00ednky nebo n\u00e1vrhy na vylep\u0161en\u00ed webu, kontaktujte spr\u00e1vce V\u00e1clava \u0160imandla <a href=\"mailto:simandl@pf.jcu.cz\" data-type=\"mailto\" data-id=\"mailto:simandl@pf.jcu.cz\">emailem<\/a> nebo pomoc\u00ed formul\u00e1\u0159e n\u00ed\u017ee:<\/p>\n<\/div>\n<\/div>\n\n\n<style id=\"wpforms-css-vars-145-block-0fe1ec93-1d6f-4587-962d-44ddf5998a7d\">\n\t\t\t\t#wpforms-145.wpforms-block-0fe1ec93-1d6f-4587-962d-44ddf5998a7d {\n\t\t\t\t--wpforms-label-color: #0c6966;\n--wpforms-label-sublabel-color: #7f7f7f;\n--wpforms-label-error-color: #ff0000;\n--wpforms-page-break-color: #dddddd;\n--wpforms-field-border-size: 3px;\n--wpforms-field-border-radius: 20px;\n--wpforms-field-border-color: #0c6966;\n--wpforms-field-border-color-spare: #0c6966;\n--wpforms-field-text-color: #111111;\n--wpforms-button-border-style: solid;\n--wpforms-button-border-radius: 20px;\n--wpforms-button-background-color: #000000;\n--wpforms-button-text-color: #111111;\n--wpforms-button-border-color: #111111;\n--wpforms-field-size-input-height: 43px;\n--wpforms-field-size-input-spacing: 15px;\n--wpforms-field-size-font-size: 16px;\n--wpforms-field-size-line-height: 19px;\n--wpforms-field-size-padding-h: 14px;\n--wpforms-field-size-checkbox-size: 16px;\n--wpforms-field-size-sublabel-spacing: 5px;\n--wpforms-field-size-icon-size: 1;\n--wpforms-label-size-font-size: 14px;\n--wpforms-label-size-line-height: 17px;\n--wpforms-label-size-sublabel-font-size: 13px;\n--wpforms-label-size-sublabel-line-height: 16px;\n--wpforms-button-size-font-size: 20px;\n--wpforms-button-size-height: 48px;\n--wpforms-button-size-padding-h: 20px;\n--wpforms-button-size-margin-top: 15px;\n\t\t\t}\n\t\t\t<\/style><div class=\"wpforms-container wpforms-container-full wpforms-block wpforms-block-0fe1ec93-1d6f-4587-962d-44ddf5998a7d wpforms-render-modern\" id=\"wpforms-145\"><form id=\"wpforms-form-145\" class=\"wpforms-validate wpforms-form wpforms-ajax-form\" data-formid=\"145\" method=\"post\" enctype=\"multipart\/form-data\" action=\"\/~vip\/wp-json\/wp\/v2\/pages\/183\" data-token=\"482afd1c884de8604990bb367b7a9706\" data-token-time=\"1776575137\"><noscript class=\"wpforms-error-noscript\">Chcete-li vyplnit tento formul\u00e1\u0159, pros\u00edm povolte v prohl\u00ed\u017ee\u010di JavaScript.<\/noscript><div id=\"wpforms-error-noscript\" style=\"display: none;\">Chcete-li vyplnit tento formul\u00e1\u0159, pros\u00edm povolte v prohl\u00ed\u017ee\u010di JavaScript.<\/div><div class=\"wpforms-field-container\">\t\t<div id=\"wpforms-145-field_1-container\"\n\t\t\tclass=\"wpforms-field wpforms-field-text\"\n\t\t\tdata-field-type=\"text\"\n\t\t\tdata-field-id=\"1\"\n\t\t\t>\n\t\t\t<label class=\"wpforms-field-label\" for=\"wpforms-145-field_1\" >Zpr\u00e1va E-mail<\/label>\n\t\t\t<input type=\"text\" id=\"wpforms-145-field_1\" class=\"wpforms-field-medium\" name=\"wpforms[fields][1]\" >\n\t\t<\/div>\n\t\t<div id=\"wpforms-145-field_2-container\" class=\"wpforms-field wpforms-field-email\" data-field-id=\"2\"><label class=\"wpforms-field-label\" for=\"wpforms-145-field_2\">E-mail <span class=\"wpforms-required-label\" aria-hidden=\"true\">*<\/span><\/label><input type=\"email\" id=\"wpforms-145-field_2\" class=\"wpforms-field-medium wpforms-field-required\" name=\"wpforms[fields][2]\" spellcheck=\"false\" aria-errormessage=\"wpforms-145-field_2-error\" required><\/div><div id=\"wpforms-145-field_3-container\" class=\"wpforms-field wpforms-field-textarea\" data-field-id=\"3\"><label class=\"wpforms-field-label\" for=\"wpforms-145-field_3\">Zpr\u00e1va <span class=\"wpforms-required-label\" aria-hidden=\"true\">*<\/span><\/label><textarea id=\"wpforms-145-field_3\" class=\"wpforms-field-medium wpforms-field-required\" name=\"wpforms[fields][3]\" aria-errormessage=\"wpforms-145-field_3-error\" required><\/textarea><\/div><script>\n\t\t\t\t( function() {\n\t\t\t\t\tconst style = document.createElement( 'style' );\n\t\t\t\t\tstyle.appendChild( document.createTextNode( '#wpforms-145-field_1-container { position: absolute !important; overflow: hidden !important; display: inline !important; height: 1px !important; width: 1px !important; z-index: -1000 !important; padding: 0 !important; } #wpforms-145-field_1-container input { visibility: hidden; } #wpforms-conversational-form-page #wpforms-145-field_1-container label { counter-increment: none; }' ) );\n\t\t\t\t\tdocument.head.appendChild( style );\n\t\t\t\t\tdocument.currentScript?.remove();\n\t\t\t\t} )();\n\t\t\t<\/script><\/div><!-- .wpforms-field-container --><div class=\"wpforms-recaptcha-container wpforms-is-recaptcha wpforms-is-recaptcha-type-v3\" ><input type=\"hidden\" name=\"wpforms[recaptcha]\" value=\"\"><\/div><div class=\"wpforms-submit-container\" ><input type=\"hidden\" name=\"wpforms[id]\" value=\"145\"><input type=\"hidden\" name=\"page_title\" value=\"\"><input type=\"hidden\" name=\"page_url\" value=\"https:\/\/home.pf.jcu.cz\/~vip\/wp-json\/wp\/v2\/pages\/183\"><input type=\"hidden\" name=\"url_referer\" value=\"\"><button type=\"submit\" name=\"wpforms[submit]\" id=\"wpforms-submit-145\" class=\"wpforms-submit\" data-alt-text=\"Odes\u00edl\u00e1n\u00ed...\" data-submit-text=\"Odeslat\" aria-live=\"assertive\" value=\"wpforms-submit\">Odeslat<\/button><img loading=\"lazy\" decoding=\"async\" src=\"https:\/\/home.pf.jcu.cz\/~vip\/wp-content\/plugins\/wpforms-lite\/assets\/images\/submit-spin.svg\" class=\"wpforms-submit-spinner\" style=\"display: none;\" width=\"26\" height=\"26\" alt=\"Na\u010d\u00edt\u00e1n\u00ed\"><\/div><\/form><\/div>  <!-- .wpforms-container -->","protected":false},"excerpt":{"rendered":"<p>Vyhledejte si materi\u00e1ly do sv\u00e9 v\u00fduky Po\u010det v\u0161ech dostupn\u00fdch materi\u00e1l\u016f: Zobrazit v\u0161echny materi\u00e1ly Hledat Informace o&nbsp;projektu Tento web vznikl jako sou\u010d\u00e1st bakal\u00e1\u0159sk\u00e9 pr\u00e1ce na Pedagogick\u00e9 fakult\u011b Jiho\u010desk\u00e9 univerzity v&nbsp;\u010cesk\u00fdch&nbsp;Bud\u011bjovic\u00edch. Jeho hlavn\u00edm c\u00edlem je usnadnit sd\u00edlen\u00ed, spr\u00e1vu a&nbsp;archivaci didaktick\u00fdch materi\u00e1l\u016f ur\u010den\u00fdch pro v\u00fduku informatiky na r\u016fzn\u00fdch stupn\u00edch \u0161kol. Web slou\u017e\u00ed jako praktick\u00fd n\u00e1stroj pro [&hellip;]<\/p>\n","protected":false},"author":1,"featured_media":0,"parent":0,"menu_order":0,"comment_status":"closed","ping_status":"closed","template":"","meta":{"_vp_format_video_url":"","_vp_image_focal_point":[],"footnotes":""},"class_list":["post-183","page","type-page","status-publish","hentry"],"_links":{"self":[{"href":"https:\/\/home.pf.jcu.cz\/~vip\/wp-json\/wp\/v2\/pages\/183","targetHints":{"allow":["GET"]}}],"collection":[{"href":"https:\/\/home.pf.jcu.cz\/~vip\/wp-json\/wp\/v2\/pages"}],"about":[{"href":"https:\/\/home.pf.jcu.cz\/~vip\/wp-json\/wp\/v2\/types\/page"}],"author":[{"embeddable":true,"href":"https:\/\/home.pf.jcu.cz\/~vip\/wp-json\/wp\/v2\/users\/1"}],"replies":[{"embeddable":true,"href":"https:\/\/home.pf.jcu.cz\/~vip\/wp-json\/wp\/v2\/comments?post=183"}],"version-history":[{"count":267,"href":"https:\/\/home.pf.jcu.cz\/~vip\/wp-json\/wp\/v2\/pages\/183\/revisions"}],"predecessor-version":[{"id":3194,"href":"https:\/\/home.pf.jcu.cz\/~vip\/wp-json\/wp\/v2\/pages\/183\/revisions\/3194"}],"wp:attachment":[{"href":"https:\/\/home.pf.jcu.cz\/~vip\/wp-json\/wp\/v2\/media?parent=183"}],"curies":[{"name":"wp","href":"https:\/\/api.w.org\/{rel}","templated":true}]}}